{"id":1529,"date":"2022-12-09T15:30:29","date_gmt":"2022-12-09T15:30:29","guid":{"rendered":"http:\/\/dummy.xtemos.com\/woodmart2\/mega-electronics-elementor\/?post_type=product&#038;p=1529"},"modified":"2026-04-14T20:51:15","modified_gmt":"2026-04-14T20:51:15","slug":"royal-swiss-10-piece-cookware-set-with-extra-grill-black-beige-pink","status":"publish","type":"product","link":"https:\/\/homix-shop.com\/de\/produkt\/royal-swiss-10-piece-cookware-set-with-extra-grill-black-beige-pink\/","title":{"rendered":"Royal Swiss - 10-teiliges Kochgeschirr-Set mit extra Grill - Schwarz, Beige &amp; Rosa"},"content":{"rendered":"\t\t<div data-elementor-type=\"wp-post\" data-elementor-id=\"1529\" class=\"elementor elementor-1529\">\n\t\t\t\t<div class=\"wd-negative-gap elementor-element elementor-element-6e98032 e-flex e-con-boxed e-con e-parent\" data-id=\"6e98032\" data-element_type=\"container\" data-e-type=\"container\">\n\t\t\t\t\t<div class=\"e-con-inner\">\n\t\t\t\t<div class=\"elementor-element elementor-element-d122c81 elementor-widget elementor-widget-wd_text_block\" data-id=\"d122c81\" data-element_type=\"widget\" data-e-type=\"widget\" data-widget_type=\"wd_text_block.default\">\n\t\t\t\t<div class=\"elementor-widget-container\">\n\t\t\t\t\t\t\t<div class=\"wd-text-block reset-last-child text-left\">\n\t\t\t\n\t\t\t<p class=\"\" data-start=\"0\" data-end=\"74\"><span class=\"relative -mx-px my-[-0.2rem] rounded px-px py-[0.2rem] transition-colors duration-100 ease-in-out\">he <strong data-start=\"4\" data-end=\"58\">Royal Swiss 10-Piece Cookware Set with Extra Grill<\/strong> is a stylish and functional addition to any kitchen, designed to meet the needs of both novice cooks and seasoned chefs.<\/span><\/p><hr class=\"\" data-start=\"76\" data-end=\"79\" \/><h3 class=\"\" data-start=\"81\" data-end=\"102\"><strong data-start=\"85\" data-end=\"102\">Key Features:<\/strong><\/h3><ul data-start=\"104\" data-end=\"739\"><li class=\"\" data-start=\"104\" data-end=\"207\"><p class=\"\" data-start=\"106\" data-end=\"207\"><strong data-start=\"106\" data-end=\"131\">10-Piece Cookware Set<\/strong>: <span class=\"relative -mx-px my-[-0.2rem] rounded px-px py-[0.2rem] transition-colors duration-100 ease-in-out\">Includes a variety of pots and pans suitable for diverse cooking needs.<\/span><span class=\"\" data-state=\"closed\"><span class=\"ms-1 inline-flex max-w-full items-center relative top-[-0.094rem] animate-[show_150ms_ease-in]\"><a class=\"flex h-4.5 overflow-hidden rounded-xl px-2 text-[0.5625em] font-medium text-token-text-secondary! bg-[#F4F4F4]! dark:bg-[#303030]! transition-colors duration-150 ease-in-out\" href=\"https:\/\/merkandi.com\/archive\/cookware-set-10-pieces-marble-coating-induction\/1034836?utm_source=chatgpt.com\" target=\"_blank\" rel=\"noopener\"><span class=\"relative start-0 bottom-0 flex h-full w-full items-center\"><span class=\"flex h-4 w-full items-center justify-between overflow-hidden\"><span class=\"max-w-full grow truncate overflow-hidden text-center\">Merkandi wholesale trading platform<\/span><\/span><\/span><\/a><\/span><\/span><\/p><\/li><li class=\"\" data-start=\"209\" data-end=\"310\"><p class=\"\" data-start=\"211\" data-end=\"310\"><strong data-start=\"211\" data-end=\"232\">Extra Grill Plate<\/strong>: <span class=\"relative -mx-px my-[-0.2rem] rounded px-px py-[0.2rem] transition-colors duration-100 ease-in-out\">Comes with an additional grill plate, perfect for grilling meats, vegetables, and more.<\/span><\/p><\/li><li class=\"\" data-start=\"312\" data-end=\"422\"><p class=\"\" data-start=\"314\" data-end=\"422\"><strong data-start=\"314\" data-end=\"342\">Marble Non-Stick Coating<\/strong>: <span class=\"relative -mx-px my-[-0.2rem] rounded px-px py-[0.2rem] transition-colors duration-100 ease-in-out\">Ensures easy food release and simplifies cleaning, allowing for healthier cooking with less oil.<\/span><\/p><\/li><li class=\"\" data-start=\"424\" data-end=\"530\"><p class=\"\" data-start=\"426\" data-end=\"530\"><strong data-start=\"426\" data-end=\"450\">Induction Compatible<\/strong>: <span class=\"relative -mx-px my-[-0.2rem] rounded px-px py-[0.2rem] transition-colors duration-100 ease-in-out\">Suitable for all types of stovetops, including induction, gas, ceramic, and electric.<\/span><span class=\"ms-1 inline-flex max-w-full items-center relative top-[-0.094rem] animate-[show_150ms_ease-in]\"><a class=\"flex h-4.5 overflow-hidden rounded-xl px-2 text-[0.5625em] font-medium text-token-text-secondary! bg-[#F4F4F4]! dark:bg-[#303030]! transition-colors duration-150 ease-in-out\" href=\"https:\/\/royalswiss.co.uk\/product\/16-piece-cookware-set-made-of-royal-swiss-stainless-steel\/?utm_source=chatgpt.com\" target=\"_blank\" rel=\"noopener\"><span class=\"relative start-0 bottom-0 flex h-full w-full items-center\"><span class=\"flex h-4 w-full items-center justify-between overflow-hidden\"><span class=\"max-w-full grow truncate overflow-hidden text-center\">royalswiss.co.uk<\/span><\/span><\/span><\/a><\/span><\/p><\/li><li class=\"\" data-start=\"532\" data-end=\"635\"><p class=\"\" data-start=\"534\" data-end=\"635\"><strong data-start=\"534\" data-end=\"555\">Ergonomic Handles<\/strong>: <span class=\"relative -mx-px my-[-0.2rem] rounded px-px py-[0.2rem] transition-colors duration-100 ease-in-out\">Designed for comfortable and safe handling during cooking.<\/span><span class=\"ms-1 inline-flex max-w-full items-center relative top-[-0.094rem] animate-[show_150ms_ease-in]\"><a class=\"flex h-4.5 overflow-hidden rounded-xl px-2 text-[0.5625em] font-medium text-token-text-secondary! bg-[#F4F4F4]! dark:bg-[#303030]! transition-colors duration-150 ease-in-out\" href=\"https:\/\/merkandi.com\/archive\/cookware-set-10-pieces-marble-coating-induction\/1034836?utm_source=chatgpt.com\" target=\"_blank\" rel=\"noopener\"><span class=\"relative start-0 bottom-0 flex h-full w-full items-center\"><span class=\"flex h-4 w-full items-center justify-between overflow-hidden\"><span class=\"max-w-full grow truncate overflow-hidden text-center\">Merkandi wholesale trading platform<\/span><\/span><\/span><\/a><\/span><\/p><\/li><li class=\"\" data-start=\"637\" data-end=\"739\"><p class=\"\" data-start=\"639\" data-end=\"739\"><strong data-start=\"639\" data-end=\"659\">Available Colors<\/strong>: <span class=\"relative -mx-px my-[-0.2rem] rounded px-px py-[0.2rem] transition-colors duration-100 ease-in-out\">Offered in elegant Black, Beige, and Pink to complement various kitchen decors.<\/span><\/p><\/li><\/ul><hr class=\"\" data-start=\"741\" data-end=\"744\" \/><p class=\"\" data-start=\"746\" data-end=\"824\"><span class=\"relative -mx-px my-[-0.2rem] rounded px-px py-[0.2rem] transition-colors duration-100 ease-in-out\">This cookware set combines functionality with aesthetic appeal, making it an excellent choice for those looking to enhance their cooking experience.<\/span><\/p>\n\t\t\t\t\t<\/div>\n\t\t\t\t\t\t<\/div>\n\t\t\t\t<\/div>\n\t\t\t\t\t<\/div>\n\t\t\t\t<\/div>\n\t\t\t\t<\/div>\n\t\t","protected":false},"excerpt":{"rendered":"<p class=\"translation-block\">Entdecke Eleganz und Funktionalit\u00e4t mit unserem <strong data-start=\"155\" data-end=\"192\">Royal Swiss 10-teiligen Kochgeschirrset<\/strong>, das alle deine Kochanspr\u00fcche erf\u00fcllt. Erh\u00e4ltlich in den stilvollen Farben <strong data-start=\"276\" data-end=\"302\">Schwarz, Beige und Pink<\/strong>, f\u00fcgt sich dieses Set nahtlos in jede moderne K\u00fcche ein.<\/p>","protected":false},"featured_media":10772,"comment_status":"open","ping_status":"closed","template":"","meta":[],"product_brand":[],"product_cat":[91],"product_tag":[],"class_list":{"0":"post-1529","1":"product","2":"type-product","3":"status-publish","4":"has-post-thumbnail","6":"product_cat-pot-sets","8":"first","9":"instock","10":"featured","11":"taxable","12":"shipping-taxable","13":"purchasable","14":"product-type-variable"},"jetpack_sharing_enabled":true,"_links":{"self":[{"href":"https:\/\/homix-shop.com\/de\/wp-json\/wp\/v2\/product\/1529","targetHints":{"allow":["GET"]}}],"collection":[{"href":"https:\/\/homix-shop.com\/de\/wp-json\/wp\/v2\/product"}],"about":[{"href":"https:\/\/homix-shop.com\/de\/wp-json\/wp\/v2\/types\/product"}],"replies":[{"embeddable":true,"href":"https:\/\/homix-shop.com\/de\/wp-json\/wp\/v2\/comments?post=1529"}],"version-history":[{"count":8,"href":"https:\/\/homix-shop.com\/de\/wp-json\/wp\/v2\/product\/1529\/revisions"}],"predecessor-version":[{"id":11872,"href":"https:\/\/homix-shop.com\/de\/wp-json\/wp\/v2\/product\/1529\/revisions\/11872"}],"wp:featuredmedia":[{"embeddable":true,"href":"https:\/\/homix-shop.com\/de\/wp-json\/wp\/v2\/media\/10772"}],"wp:attachment":[{"href":"https:\/\/homix-shop.com\/de\/wp-json\/wp\/v2\/media?parent=1529"}],"wp:term":[{"taxonomy":"product_brand","embeddable":true,"href":"https:\/\/homix-shop.com\/de\/wp-json\/wp\/v2\/product_brand?post=1529"},{"taxonomy":"product_cat","embeddable":true,"href":"https:\/\/homix-shop.com\/de\/wp-json\/wp\/v2\/product_cat?post=1529"},{"taxonomy":"product_tag","embeddable":true,"href":"https:\/\/homix-shop.com\/de\/wp-json\/wp\/v2\/product_tag?post=1529"}],"curies":[{"name":"wp","href":"https:\/\/api.w.org\/{rel}","templated":true}]}}