{"id":11659,"date":"2025-04-09T12:11:21","date_gmt":"2025-04-09T12:11:21","guid":{"rendered":"https:\/\/homix-shop.com\/?post_type=product&#038;p=11659"},"modified":"2025-09-08T22:20:31","modified_gmt":"2025-09-08T22:20:31","slug":"royal-swiss-4-in-1-juicer","status":"publish","type":"product","link":"https:\/\/homix-shop.com\/de\/produkt\/royal-swiss-4-in-1-juicer\/","title":{"rendered":"Royal Swiss 4-in-1 Entsafter"},"content":{"rendered":"<h3 class=\"\" data-start=\"168\" data-end=\"244\"><strong data-start=\"172\" data-end=\"244\">Royal Swiss 4-in-1 Entsafter \u2013 Die ultimative All-in-One-K\u00fcchenl\u00f6sung<\/strong><\/h3>\n<p class=\"\" data-start=\"246\" data-end=\"500\">Upgrade your kitchen with the <strong data-start=\"276\" data-end=\"305\">Royal Swiss 4-in-1 Entsafter<\/strong>, the essential appliance for a modern, efficient lifestyle. This innovative device combines power, functionality, and versatility \u2014 making food and drink prep faster, easier, and more enjoyable.<\/p>\n<hr class=\"\" data-start=\"502\" data-end=\"505\" \/>\n<h4 class=\"\" data-start=\"507\" data-end=\"529\"><strong data-start=\"512\" data-end=\"529\">Hauptmerkmale:<\/strong><\/h4>\n<p class=\"translation-block\" data-start=\"531\" data-end=\"757\">\ud83d\udd39 <strong>4-in-1 Funktionalit\u00e4t<\/strong><br>Genie\u00dfen Sie die Vielseitigkeit eines Ger\u00e4ts, das Entsafter, Mixer, Zerkleinerer und Reibe in einem vereint. Ideal, um frische S\u00e4fte, Smoothies, So\u00dfen und vieles mehr zuzubereiten \u2013 ganz ohne mehrere Ger\u00e4te zu ben\u00f6tigen.<\/p>\n<p class=\"translation-block\" data-start=\"759\" data-end=\"997\">\ud83d\udd39 <strong>Drei austauschbare Mixaufs\u00e4tze<\/strong><br>Im Lieferumfang sind drei spezialisierte Mixer enthalten, die f\u00fcr verschiedene Rezepte geeignet sind. Ob mixen, zerkleinern oder reiben \u2013 Sie haben immer das perfekte Werkzeug direkt zur Hand.<\/p>\n<p class=\"translation-block\" data-start=\"999\" data-end=\"1183\">\ud83d\udd39 <strong>Leistungsstarke Performance<\/strong><br>Ausgestattet mit einem <strong>hochleistungsf\u00e4higen Motor<\/strong> extrahiert dieser Entsafter S\u00e4fte schnell und effizient, w\u00e4hrend er essentielle N\u00e4hrstoffe f\u00fcr ein ges\u00fcnderes Ergebnis bewahrt.<\/p>\n<p class=\"translation-block\" data-start=\"1185\" data-end=\"1373\">\ud83d\udd39 <strong>Einfach zu bedienen &amp; zu reinigen<\/strong><br>Entwickelt mit <strong>benutzerfreundlichen Bedienelementen<\/strong> und <strong>ergonomischen Merkmalen<\/strong> f\u00fcr eine einfache Handhabung. Alle abnehmbaren Teile sind <strong>sp\u00fclmaschinenfest<\/strong>, was die Reinigung m\u00fchelos macht.<\/p>\n<p class=\"translation-block\" data-start=\"1375\" data-end=\"1545\">\ud83d\udd39 <strong>Elegantes, modernes Design<\/strong><br>Das schlanke und stilvolle \u00c4u\u00dfere f\u00fcgt sich harmonisch in jede moderne K\u00fcche ein und verleiht ihr einen Hauch von Eleganz.<\/p>","protected":false},"excerpt":{"rendered":"<h3 class=\"\" data-start=\"168\" data-end=\"244\"><strong data-start=\"172\" data-end=\"244\">Royal Swiss 4-in-1 Entsafter \u2013 Die ultimative All-in-One-K\u00fcchenl\u00f6sung<\/strong><\/h3>\n<p class=\"\" data-start=\"246\" data-end=\"500\">Upgrade your kitchen with the <strong data-start=\"276\" data-end=\"305\">Royal Swiss 4-in-1 Entsafter<\/strong>, the essential appliance for a modern, efficient lifestyle. This innovative device combines power, functionality, and versatility \u2014 making food and drink prep faster, easier, and more enjoyable.<\/p>","protected":false},"featured_media":11660,"comment_status":"open","ping_status":"closed","template":"","meta":[],"product_brand":[],"product_cat":[83],"product_tag":[],"class_list":{"0":"post-11659","1":"product","2":"type-product","3":"status-publish","4":"has-post-thumbnail","6":"product_cat-juicer-mixer","8":"first","9":"instock","10":"sale","11":"taxable","12":"shipping-taxable","13":"purchasable","14":"product-type-simple"},"jetpack_sharing_enabled":true,"_links":{"self":[{"href":"https:\/\/homix-shop.com\/de\/wp-json\/wp\/v2\/product\/11659","targetHints":{"allow":["GET"]}}],"collection":[{"href":"https:\/\/homix-shop.com\/de\/wp-json\/wp\/v2\/product"}],"about":[{"href":"https:\/\/homix-shop.com\/de\/wp-json\/wp\/v2\/types\/product"}],"replies":[{"embeddable":true,"href":"https:\/\/homix-shop.com\/de\/wp-json\/wp\/v2\/comments?post=11659"}],"version-history":[{"count":1,"href":"https:\/\/homix-shop.com\/de\/wp-json\/wp\/v2\/product\/11659\/revisions"}],"predecessor-version":[{"id":11662,"href":"https:\/\/homix-shop.com\/de\/wp-json\/wp\/v2\/product\/11659\/revisions\/11662"}],"wp:featuredmedia":[{"embeddable":true,"href":"https:\/\/homix-shop.com\/de\/wp-json\/wp\/v2\/media\/11660"}],"wp:attachment":[{"href":"https:\/\/homix-shop.com\/de\/wp-json\/wp\/v2\/media?parent=11659"}],"wp:term":[{"taxonomy":"product_brand","embeddable":true,"href":"https:\/\/homix-shop.com\/de\/wp-json\/wp\/v2\/product_brand?post=11659"},{"taxonomy":"product_cat","embeddable":true,"href":"https:\/\/homix-shop.com\/de\/wp-json\/wp\/v2\/product_cat?post=11659"},{"taxonomy":"product_tag","embeddable":true,"href":"https:\/\/homix-shop.com\/de\/wp-json\/wp\/v2\/product_tag?post=11659"}],"curies":[{"name":"wp","href":"https:\/\/api.w.org\/{rel}","templated":true}]}}