{"id":11656,"date":"2025-04-09T11:58:40","date_gmt":"2025-04-09T11:58:40","guid":{"rendered":"https:\/\/homix-shop.com\/?post_type=product&#038;p=11656"},"modified":"2025-09-08T22:20:31","modified_gmt":"2025-09-08T22:20:31","slug":"royal-swiss-3l-chopper-homix-shop","status":"publish","type":"product","link":"https:\/\/homix-shop.com\/de\/produkt\/royal-swiss-3l-chopper-homix-shop\/","title":{"rendered":"Royal Swiss 3L Chopper"},"content":{"rendered":"<h3 class=\"\" data-start=\"172\" data-end=\"242\"><strong data-start=\"176\" data-end=\"242\">Royal Swiss 3L Zerkleinerer \u2013 Kraft, Pr\u00e4zision &amp; Komfort in einem Ger\u00e4t<\/strong><\/h3>\n<p class=\"translation-block\" data-start=\"244\" data-end=\"518\">Entdecken Sie den <strong data-start=\"257\" data-end=\"283\">Royal Swiss 3L Zerkleinerer<\/strong>, Ihren unverzichtbaren K\u00fcchenhelfer f\u00fcr m\u00fchelose Essenszubereitung. Entwickelt f\u00fcr Effizienz und Langlebigkeit, ist er mit einem <strong data-start=\"405\" data-end=\"423\">leistungsstarken Motor<\/strong> und <strong data-start=\"428\" data-end=\"467\">hochwertigen Edelstahlklingen<\/strong> ausgestattet, um bei jeder Anwendung herausragende Ergebnisse zu liefern.<\/p>\n<hr class=\"\" data-start=\"520\" data-end=\"523\" \/>\n<h4 class=\"\" data-start=\"525\" data-end=\"547\"><strong data-start=\"530\" data-end=\"547\">Hauptmerkmale:<\/strong><\/h4>\n<p class=\"translation-block\" data-start=\"549\" data-end=\"704\">\ud83d\udd39 <strong data-start=\"552\" data-end=\"581\">Gro\u00dfes Fassungsverm\u00f6gen \u2013 3 Liter<\/strong><br data-start=\"581\" data-end=\"584\">Perfekt f\u00fcr gro\u00dfe Familien oder Kochbegeisterte. Bereiten Sie gro\u00dfz\u00fcgige Portionen Ihrer Lieblingsrezepte in einem einzigen Durchgang zu.<\/p>\n<p class=\"translation-block\" data-start=\"706\" data-end=\"872\">\ud83d\udd39 <strong data-start=\"709\" data-end=\"733\">Leistungsstark &amp; effizient<\/strong><br data-start=\"733\" data-end=\"736\">Ausgestattet mit einem robusten Motor, der m\u00fchelos Fleisch, Gem\u00fcse, Obst, N\u00fcsse und mehr verarbeitet \u2013 so sparen Sie Zeit und Aufwand in der K\u00fcche.<\/p>\n<p class=\"translation-block\" data-start=\"874\" data-end=\"1023\">\ud83d\udd39 <strong data-start=\"877\" data-end=\"903\">Edelstahlklingen<\/strong><br data-start=\"903\" data-end=\"906\">Rasiermesserscharfe, langlebige Klingen sorgen f\u00fcr schnelles und pr\u00e4zises Zerkleinern, Mixen und P\u00fcrieren. F\u00fcr eine langanhaltende Nutzung konzipiert.<\/p>\n<p class=\"translation-block\" data-start=\"1025\" data-end=\"1204\">\ud83d\udd39 <strong data-start=\"1028\" data-end=\"1052\">Benutzerfreundliches Design<\/strong><br data-start=\"1052\" data-end=\"1055\">Dank intuitiver Bedienung und ergonomischer Bauweise ist der Zerkleinerer besonders einfach zu handhaben. Die abnehmbaren Teile sind <strong data-start=\"1159\" data-end=\"1178\">sp\u00fclmaschinengeeignet<\/strong> und erm\u00f6glichen eine m\u00fchelose Reinigung.<\/p>\n<p class=\"translation-block\" data-start=\"1206\" data-end=\"1326\">\ud83d\udd39 <strong data-start=\"1209\" data-end=\"1237\">Integrierte Sicherheitsfunktionen<\/strong><br data-start=\"1237\" data-end=\"1240\">Sicherheitsmechanismen verhindern ein unbeabsichtigtes Einschalten und sorgen so f\u00fcr ein beruhigendes Gef\u00fchl beim Kochen.<\/p>","protected":false},"excerpt":{"rendered":"<h3 class=\"\" data-start=\"172\" data-end=\"242\"><strong data-start=\"176\" data-end=\"242\">Royal Swiss 3L Zerkleinerer \u2013 Kraft, Pr\u00e4zision &amp; Komfort in einem Ger\u00e4t<\/strong><\/h3>\n<p class=\"translation-block\" data-start=\"244\" data-end=\"518\">Entdecken Sie den <strong data-start=\"257\" data-end=\"283\">Royal Swiss 3L Zerkleinerer<\/strong>, Ihren unverzichtbaren K\u00fcchenhelfer f\u00fcr m\u00fchelose Essenszubereitung. Entwickelt f\u00fcr Effizienz und Langlebigkeit, ist er mit einem <strong data-start=\"405\" data-end=\"423\">leistungsstarken Motor<\/strong> und <strong data-start=\"428\" data-end=\"467\">hochwertigen Edelstahlklingen<\/strong> ausgestattet, um bei jeder Anwendung herausragende Ergebnisse zu liefern.<\/p>","protected":false},"featured_media":11657,"comment_status":"open","ping_status":"closed","template":"","meta":[],"product_brand":[174],"product_cat":[196],"product_tag":[],"class_list":{"0":"post-11656","1":"product","2":"type-product","3":"status-publish","4":"has-post-thumbnail","6":"product_brand-royal-swiss","7":"product_cat-meat-grinder","9":"first","10":"instock","11":"taxable","12":"shipping-taxable","13":"purchasable","14":"product-type-simple"},"jetpack_sharing_enabled":true,"_links":{"self":[{"href":"https:\/\/homix-shop.com\/de\/wp-json\/wp\/v2\/product\/11656","targetHints":{"allow":["GET"]}}],"collection":[{"href":"https:\/\/homix-shop.com\/de\/wp-json\/wp\/v2\/product"}],"about":[{"href":"https:\/\/homix-shop.com\/de\/wp-json\/wp\/v2\/types\/product"}],"replies":[{"embeddable":true,"href":"https:\/\/homix-shop.com\/de\/wp-json\/wp\/v2\/comments?post=11656"}],"version-history":[{"count":1,"href":"https:\/\/homix-shop.com\/de\/wp-json\/wp\/v2\/product\/11656\/revisions"}],"predecessor-version":[{"id":11658,"href":"https:\/\/homix-shop.com\/de\/wp-json\/wp\/v2\/product\/11656\/revisions\/11658"}],"wp:featuredmedia":[{"embeddable":true,"href":"https:\/\/homix-shop.com\/de\/wp-json\/wp\/v2\/media\/11657"}],"wp:attachment":[{"href":"https:\/\/homix-shop.com\/de\/wp-json\/wp\/v2\/media?parent=11656"}],"wp:term":[{"taxonomy":"product_brand","embeddable":true,"href":"https:\/\/homix-shop.com\/de\/wp-json\/wp\/v2\/product_brand?post=11656"},{"taxonomy":"product_cat","embeddable":true,"href":"https:\/\/homix-shop.com\/de\/wp-json\/wp\/v2\/product_cat?post=11656"},{"taxonomy":"product_tag","embeddable":true,"href":"https:\/\/homix-shop.com\/de\/wp-json\/wp\/v2\/product_tag?post=11656"}],"curies":[{"name":"wp","href":"https:\/\/api.w.org\/{rel}","templated":true}]}}