{"id":11653,"date":"2025-04-09T11:49:22","date_gmt":"2025-04-09T11:49:22","guid":{"rendered":"https:\/\/homix-shop.com\/?post_type=product&#038;p=11653"},"modified":"2025-09-08T22:19:49","modified_gmt":"2025-09-08T22:19:49","slug":"royal-swiss-3-in-1-hand-blender","status":"publish","type":"product","link":"https:\/\/homix-shop.com\/de\/produkt\/royal-swiss-3-in-1-hand-blender\/","title":{"rendered":"Royal Swiss 3-in-1 Handmixer"},"content":{"rendered":"<h3 class=\"\" data-start=\"175\" data-end=\"247\"><strong data-start=\"179\" data-end=\"247\">Royal Swiss 3-in-1 Stabmixer \u2013 Das ultimative K\u00fcchen-Multitool<\/strong><\/h3>\n<p class=\"\" data-start=\"249\" data-end=\"541\">Bring ultimate versatility to your kitchen with the <strong data-start=\"301\" data-end=\"336\">Royal Swiss 3-in-1 Handmixer<\/strong>. This sleek, all-in-one appliance combines <strong data-start=\"380\" data-end=\"409\">three essential functions<\/strong> in one compact and efficient tool. Whether you&#8217;re blending, chopping, or whisking, it delivers <strong data-start=\"505\" data-end=\"529\">powerful performance<\/strong> every time.<\/p>\n<hr class=\"\" data-start=\"543\" data-end=\"546\" \/>\n<h4 class=\"\" data-start=\"548\" data-end=\"570\"><strong data-start=\"553\" data-end=\"570\">Hauptmerkmale:<\/strong><\/h4>\n<p class=\"translation-block\" data-start=\"572\" data-end=\"784\">\ud83d\udd39 <strong>3-in-1 Funktionalit\u00e4t<\/strong><br>Wechseln Sie m\u00fchelos zwischen den Aufs\u00e4tzen f\u00fcr <strong>Stabmixer<\/strong>, <strong>Zerkleinerer<\/strong> und <strong>Schneebesen<\/strong>, um eine Vielzahl von Rezepten zu meistern \u2013 von Smoothies und Suppen bis hin zu Saucen, P\u00fcrees und Schlagsahne.<\/p>\n<p class=\"translation-block\" data-start=\"786\" data-end=\"973\">\ud83d\udd39 <strong>Leistungsstarker Motor &amp; Ergonomisches Design<\/strong><br>Der Hochleistungsmotor sorgt f\u00fcr gleichm\u00e4\u00dfige und reibungslose Ergebnisse, w\u00e4hrend der ergonomische Griff eine <strong>einfache Handhabung und volle Kontrolle<\/strong> w\u00e4hrend der Benutzung bietet.<\/p>\n<p class=\"translation-block\" data-start=\"975\" data-end=\"1196\">\ud83d\udd39 <strong>Professionelle Edelstahlklingen<\/strong><br>Robuste und scharfe Klingen sorgen f\u00fcr <strong>pr\u00e4zises Mixen und Zerkleinern<\/strong>, um stets gleichm\u00e4\u00dfige Texturen zu erzielen \u2013 egal, ob Sie Babynahrung zubereiten oder Zutaten f\u00fcr Ihr n\u00e4chstes Gericht vorbereiten.<\/p>\n<p class=\"translation-block\" data-start=\"1198\" data-end=\"1359\">\ud83d\udd39 <strong>Einfach zu bedienen &amp; reinigen<\/strong><br>Alle Zubeh\u00f6rteile sind <strong>austauschbar<\/strong> und <strong>leicht zu sp\u00fclen oder sp\u00fclmaschinengeeignet<\/strong>, was die Reinigung nach dem Kochen schnell und unkompliziert macht.<\/p>\n<p class=\"translation-block\" data-start=\"1361\" data-end=\"1495\">\ud83d\udd39 <strong>Sicherheit geht vor<\/strong><br>Ausgestattet mit einem <strong>Sicherheitsverriegelungsknopf<\/strong> gew\u00e4hrleistet der Royal Swiss Stabmixer eine sichere Bedienung und sorgt f\u00fcr ruhigen Gewissens beim Kochen.<\/p>","protected":false},"excerpt":{"rendered":"<h3 class=\"\" data-start=\"175\" data-end=\"247\"><strong data-start=\"179\" data-end=\"247\">Royal Swiss 3-in-1 Stabmixer \u2013 Das ultimative K\u00fcchen-Multitool<\/strong><\/h3>\n<p class=\"\" data-start=\"249\" data-end=\"541\">Bring ultimate versatility to your kitchen with the <strong data-start=\"301\" data-end=\"336\">Royal Swiss 3-in-1 Handmixer<\/strong>. This sleek, all-in-one appliance combines <strong data-start=\"380\" data-end=\"409\">three essential functions<\/strong> in one compact and efficient tool. Whether you&#8217;re blending, chopping, or whisking, it delivers <strong data-start=\"505\" data-end=\"529\">powerful performance<\/strong> every time.<\/p>","protected":false},"featured_media":11654,"comment_status":"open","ping_status":"closed","template":"","meta":[],"product_brand":[174],"product_cat":[83],"product_tag":[],"class_list":{"0":"post-11653","1":"product","2":"type-product","3":"status-publish","4":"has-post-thumbnail","6":"product_brand-royal-swiss","7":"product_cat-juicer-mixer","9":"first","10":"instock","11":"taxable","12":"shipping-taxable","13":"product-type-simple"},"jetpack_sharing_enabled":true,"_links":{"self":[{"href":"https:\/\/homix-shop.com\/de\/wp-json\/wp\/v2\/product\/11653","targetHints":{"allow":["GET"]}}],"collection":[{"href":"https:\/\/homix-shop.com\/de\/wp-json\/wp\/v2\/product"}],"about":[{"href":"https:\/\/homix-shop.com\/de\/wp-json\/wp\/v2\/types\/product"}],"replies":[{"embeddable":true,"href":"https:\/\/homix-shop.com\/de\/wp-json\/wp\/v2\/comments?post=11653"}],"version-history":[{"count":1,"href":"https:\/\/homix-shop.com\/de\/wp-json\/wp\/v2\/product\/11653\/revisions"}],"predecessor-version":[{"id":11655,"href":"https:\/\/homix-shop.com\/de\/wp-json\/wp\/v2\/product\/11653\/revisions\/11655"}],"wp:featuredmedia":[{"embeddable":true,"href":"https:\/\/homix-shop.com\/de\/wp-json\/wp\/v2\/media\/11654"}],"wp:attachment":[{"href":"https:\/\/homix-shop.com\/de\/wp-json\/wp\/v2\/media?parent=11653"}],"wp:term":[{"taxonomy":"product_brand","embeddable":true,"href":"https:\/\/homix-shop.com\/de\/wp-json\/wp\/v2\/product_brand?post=11653"},{"taxonomy":"product_cat","embeddable":true,"href":"https:\/\/homix-shop.com\/de\/wp-json\/wp\/v2\/product_cat?post=11653"},{"taxonomy":"product_tag","embeddable":true,"href":"https:\/\/homix-shop.com\/de\/wp-json\/wp\/v2\/product_tag?post=11653"}],"curies":[{"name":"wp","href":"https:\/\/api.w.org\/{rel}","templated":true}]}}