{"id":11638,"date":"2025-04-09T01:54:14","date_gmt":"2025-04-09T01:54:14","guid":{"rendered":"https:\/\/homix-shop.com\/?post_type=product&#038;p=11638"},"modified":"2025-09-08T22:19:49","modified_gmt":"2025-09-08T22:19:49","slug":"royal-swiss-100-piece-food-storage","status":"publish","type":"product","link":"https:\/\/homix-shop.com\/de\/produkt\/royal-swiss-100-piece-food-storage\/","title":{"rendered":"Royal Swiss \u2013 100-teiliges Aufbewahrungsset f\u00fcr Lebensmittel"},"content":{"rendered":"<h3 class=\"\" data-start=\"172\" data-end=\"230\"><strong data-start=\"176\" data-end=\"230\">Royal Swiss \u2013 100-teiliges Aufbewahrungsbeh\u00e4lter-Set f\u00fcr Lebensmittel<\/strong><\/h3>\n<p class=\"translation-block\" data-start=\"232\" data-end=\"455\"><strong data-start=\"232\" data-end=\"278\">Halten Sie Ihre K\u00fcche ordentlich und Ihre Lebensmittel frisch<\/strong> mit dem Royal Swiss 100-teiligem Aufbewahrungsset f\u00fcr Lebensmittel. Diese All-in-One-L\u00f6sung ist perfekt, um Reste, Mahlzeitenvorbereitung, Vorratskammerartikel und mehr zu organisieren \u2013 sowohl zu Hause als auch unterwegs.<\/p>\n<h4 class=\"\" data-start=\"457\" data-end=\"483\"><strong data-start=\"462\" data-end=\"483\">Produktmerkmale:<\/strong><\/h4>\n<ul data-start=\"485\" data-end=\"1289\">\n<li class=\"\" data-start=\"485\" data-end=\"624\">\n<p class=\"translation-block\" data-start=\"487\" data-end=\"624\"><strong data-start=\"487\" data-end=\"513\">Komplettes 100-teiliges Set<\/strong><br data-start=\"513\" data-end=\"516\">Beinhaltet eine Vielzahl von runden und rechteckigen Beh\u00e4ltern mit passenden Deckeln, ideal f\u00fcr jedes Aufbewahrungsbed\u00fcrfnis.<\/p>\n<\/li>\n<li class=\"\" data-start=\"626\" data-end=\"710\">\n<p class=\"translation-block\" data-start=\"628\" data-end=\"710\"><strong data-start=\"628\" data-end=\"650\">Durchsichtiger Design<\/strong><br data-start=\"650\" data-end=\"653\">Inhalt kann leicht erkannt werden, ohne den Beh\u00e4lter zu \u00f6ffnen.<\/p>\n<\/li>\n<li class=\"\" data-start=\"712\" data-end=\"835\">\n<p class=\"translation-block\" data-start=\"714\" data-end=\"835\"><strong data-start=\"714\" data-end=\"744\">Luftdichte &amp; Auslaufsichere Deckel<\/strong><br data-start=\"744\" data-end=\"747\">Schlie\u00dft die Frische ein und verhindert Auslaufen, ideal f\u00fcr die Aufbewahrung von Suppen, Saucen oder Trockenwaren.<\/p>\n<\/li>\n<li class=\"\" data-start=\"837\" data-end=\"925\">\n<p class=\"translation-block\" data-start=\"839\" data-end=\"925\"><strong data-start=\"839\" data-end=\"869\">Stapierbar und Platzsparend<\/strong><br data-start=\"869\" data-end=\"872\">Entwickelt, um den Platz in Ihrem K\u00fchlschrank und Schrank zu optimieren.<\/p>\n<\/li>\n<li class=\"\" data-start=\"927\" data-end=\"1025\">\n<p class=\"translation-block\" data-start=\"929\" data-end=\"1025\"><strong data-start=\"929\" data-end=\"962\">BPA-freies &amp; lebensmittelsicheres Material<\/strong><br data-start=\"962\" data-end=\"965\">Haltbare Kunststoffkonstruktion, die f\u00fcr den t\u00e4glichen Gebrauch sicher ist.<\/p>\n<\/li>\n<li class=\"\" data-start=\"1027\" data-end=\"1153\">\n<p class=\"translation-block\" data-start=\"1029\" data-end=\"1153\"><strong data-start=\"1029\" data-end=\"1069\">Mikrowellen-, Gefrier- &amp; Sp\u00fclmaschinenfest<\/strong><br data-start=\"1069\" data-end=\"1072\">Hitzebest\u00e4ndig und k\u00e4ltebest\u00e4ndig \u2013 ideal f\u00fcr alle Arten von Aufbewahrung und zum Aufw\u00e4rmen.<\/p>\n<\/li>\n<li class=\"\" data-start=\"1155\" data-end=\"1289\">\n<p class=\"translation-block\" data-start=\"1157\" data-end=\"1289\"><strong data-start=\"1157\" data-end=\"1192\">Praktische Aufbewahrungsbox enthalten<\/strong><br data-start=\"1192\" data-end=\"1195\">Kommt in einem robusten Aufbewahrungskorb mit rotem Deckel und Griff f\u00fcr einfachen Transport und Organisation.<\/p>\n<\/li>\n<\/ul>\n<h4 class=\"\" data-start=\"1291\" data-end=\"1316\"><strong data-start=\"1296\" data-end=\"1316\">Lieferumfang:<\/strong><\/h4>\n<ul data-start=\"1317\" data-end=\"1489\">\n<li class=\"\" data-start=\"1317\" data-end=\"1343\">\n<p class=\"\" data-start=\"1319\" data-end=\"1343\">1 Aufbewahrungsbox mit Deckel<\/p>\n<\/li>\n<li class=\"\" data-start=\"1344\" data-end=\"1489\">\n<p class=\"\" data-start=\"1346\" data-end=\"1375\">Verschiedene Beh\u00e4ltergr\u00f6\u00dfen:<\/p>\n<ul data-start=\"1378\" data-end=\"1489\">\n<li class=\"\" data-start=\"1378\" data-end=\"1402\">\n<p class=\"\" data-start=\"1380\" data-end=\"1402\">Rund (klein &amp; mittel)<\/p>\n<\/li>\n<li class=\"\" data-start=\"1405\" data-end=\"1489\">\n<p class=\"translation-block\" data-start=\"1407\" data-end=\"1489\">Rechteckig (klein, mittel und gro\u00df)<br data-start=\"1445\" data-end=\"1448\"><em data-start=\"1450\" data-end=\"1489\">(Detaillierte Auflistung auf dem Etikett angegeben)<\/em><\/p>\n<\/li>\n<\/ul>\n<\/li>\n<\/ul>","protected":false},"excerpt":{"rendered":"<h3 class=\"\" data-start=\"172\" data-end=\"230\"><strong data-start=\"176\" data-end=\"230\">Royal Swiss \u2013 100-teiliges Aufbewahrungsbeh\u00e4lter-Set f\u00fcr Lebensmittel<\/strong><\/h3>\n<p class=\"translation-block\" data-start=\"232\" data-end=\"455\"><strong data-start=\"232\" data-end=\"278\">Halten Sie Ihre K\u00fcche ordentlich und Ihre Lebensmittel frisch<\/strong> mit dem Royal Swiss 100-teiligem Aufbewahrungsset f\u00fcr Lebensmittel. Diese All-in-One-L\u00f6sung ist perfekt, um Reste, Mahlzeitenvorbereitung, Vorratskammerartikel und mehr zu organisieren \u2013 sowohl zu Hause als auch unterwegs.<\/p>","protected":false},"featured_media":11639,"comment_status":"open","ping_status":"closed","template":"","meta":[],"product_brand":[],"product_cat":[208],"product_tag":[],"class_list":{"0":"post-11638","1":"product","2":"type-product","3":"status-publish","4":"has-post-thumbnail","6":"product_cat-kitchen-accessoires","8":"first","9":"instock","10":"taxable","11":"shipping-taxable","12":"purchasable","13":"product-type-simple"},"jetpack_sharing_enabled":true,"_links":{"self":[{"href":"https:\/\/homix-shop.com\/de\/wp-json\/wp\/v2\/product\/11638","targetHints":{"allow":["GET"]}}],"collection":[{"href":"https:\/\/homix-shop.com\/de\/wp-json\/wp\/v2\/product"}],"about":[{"href":"https:\/\/homix-shop.com\/de\/wp-json\/wp\/v2\/types\/product"}],"replies":[{"embeddable":true,"href":"https:\/\/homix-shop.com\/de\/wp-json\/wp\/v2\/comments?post=11638"}],"version-history":[{"count":1,"href":"https:\/\/homix-shop.com\/de\/wp-json\/wp\/v2\/product\/11638\/revisions"}],"predecessor-version":[{"id":11641,"href":"https:\/\/homix-shop.com\/de\/wp-json\/wp\/v2\/product\/11638\/revisions\/11641"}],"wp:featuredmedia":[{"embeddable":true,"href":"https:\/\/homix-shop.com\/de\/wp-json\/wp\/v2\/media\/11639"}],"wp:attachment":[{"href":"https:\/\/homix-shop.com\/de\/wp-json\/wp\/v2\/media?parent=11638"}],"wp:term":[{"taxonomy":"product_brand","embeddable":true,"href":"https:\/\/homix-shop.com\/de\/wp-json\/wp\/v2\/product_brand?post=11638"},{"taxonomy":"product_cat","embeddable":true,"href":"https:\/\/homix-shop.com\/de\/wp-json\/wp\/v2\/product_cat?post=11638"},{"taxonomy":"product_tag","embeddable":true,"href":"https:\/\/homix-shop.com\/de\/wp-json\/wp\/v2\/product_tag?post=11638"}],"curies":[{"name":"wp","href":"https:\/\/api.w.org\/{rel}","templated":true}]}}