{"id":11635,"date":"2025-04-09T01:44:03","date_gmt":"2025-04-09T01:44:03","guid":{"rendered":"https:\/\/homix-shop.com\/?post_type=product&#038;p=11635"},"modified":"2025-09-08T22:19:49","modified_gmt":"2025-09-08T22:19:49","slug":"royal-swiss-7-piece-kitchen-utensil-set","status":"publish","type":"product","link":"https:\/\/homix-shop.com\/de\/produkt\/royal-swiss-7-piece-kitchen-utensil-set\/","title":{"rendered":"Royal Swiss 7-teiliges K\u00fcchenutensilien-Set"},"content":{"rendered":"<h3 class=\"\" data-start=\"188\" data-end=\"268\"><strong data-start=\"192\" data-end=\"268\">Royal Swiss 7-teiliges K\u00fcchenutensilien-Set \u2013 Wo Stil auf Praktikabilit\u00e4t trifft<\/strong><\/h3>\n<p class=\"translation-block\" data-start=\"270\" data-end=\"608\">F\u00fcgen Sie Ihrer K\u00fcche mit dem <strong data-start=\"337\" data-end=\"372\">Royal Swiss 7-teiligen Utensilien-Set<\/strong> einen Hauch von Eleganz und Funktionalit\u00e4t hinzu. Jedes Teil ist sorgf\u00e4ltig gefertigt, um hohe Leistung mit stilvollem Design zu kombinieren. Die Griffe sind in zwei raffinierten Ausf\u00fchrungen erh\u00e4ltlich: <strong data-start=\"515\" data-end=\"531\">nat\u00fcrliches Holz<\/strong> f\u00fcr ein warmes, traditionelles Gef\u00fchl oder <strong data-start=\"565\" data-end=\"583\">verfeinerter Marmor<\/strong> f\u00fcr einen modernen, eleganten Look.<\/p>\n<hr class=\"\" data-start=\"610\" data-end=\"613\" \/>\n<h3 class=\"\" data-start=\"615\" data-end=\"636\"><strong data-start=\"619\" data-end=\"636\">Hauptmerkmale:<\/strong><\/h3>\n<p class=\"translation-block\" data-start=\"790\" data-end=\"962\">\ud83d\udd25 <strong data-start=\"793\" data-end=\"827\">Hitzebest\u00e4ndig &amp; Einfach zu Reinigen<\/strong><br data-start=\"827\" data-end=\"830\">Langlebig und widerstandsf\u00e4hig gegen\u00fcber hohen Temperaturen, sind diese Utensilien <strong data-start=\"893\" data-end=\"910\">leicht zu reinigen<\/strong> und f\u00fcr den t\u00e4glichen Einsatz in jeder K\u00fcche gebaut.<\/p>\n<p class=\"translation-block\" data-start=\"964\" data-end=\"1120\">\ud83c\udfa8 <strong data-start=\"967\" data-end=\"993\">Elegante Griff-Optionen<\/strong><br data-start=\"993\" data-end=\"996\">W\u00e4hlen Sie zwischen <strong data-start=\"1011\" data-end=\"1035\">Griffen aus nat\u00fcrlichem Holz<\/strong> f\u00fcr eine zeitlose \u00c4sthetik oder <strong data-start=\"1064\" data-end=\"1088\">Griffen im Marmor-Stil<\/strong> f\u00fcr eine elegante, moderne Atmosph\u00e4re.<\/p>\n<p class=\"translation-block\" data-start=\"1122\" data-end=\"1269\">\ud83e\uddca <strong data-start=\"1125\" data-end=\"1159\">Stylischer Aufbewahrungsst\u00e4nder enthalten<\/strong><br data-start=\"1159\" data-end=\"1162\">Kommt mit einem <strong data-start=\"1175\" data-end=\"1205\">modernen und praktischen St\u00e4nder<\/strong>, um Ihre Utensilien ordentlich zu organisieren und stets griffbereit zu haben.<\/p>\n<hr class=\"\" data-start=\"1271\" data-end=\"1274\" \/>\n<h3 class=\"\" data-start=\"1276\" data-end=\"1300\"><strong data-start=\"1280\" data-end=\"1300\">Was ist enthalten?<\/strong><\/h3>\n<ul data-start=\"1301\" data-end=\"1381\">\n<li class=\"\" data-start=\"1301\" data-end=\"1349\">\n<p class=\"\" data-start=\"1303\" data-end=\"1349\">7 wesentliche Utensilien f\u00fcr t\u00e4gliche Kochaufgaben<\/p>\n<\/li>\n<li class=\"\" data-start=\"1350\" data-end=\"1381\">\n<p class=\"\" data-start=\"1352\" data-end=\"1381\">Eleganter Display-\/Aufbewahrungsst\u00e4nder<\/p>\n<\/li>\n<\/ul>","protected":false},"excerpt":{"rendered":"<h3 class=\"\" data-start=\"188\" data-end=\"268\"><strong data-start=\"192\" data-end=\"268\">Royal Swiss 7-teiliges K\u00fcchenutensilien-Set \u2013 Wo Stil auf Praktikabilit\u00e4t trifft<\/strong><\/h3>\n<p class=\"translation-block\" data-start=\"270\" data-end=\"608\">F\u00fcgen Sie Ihrer K\u00fcche mit dem <strong data-start=\"337\" data-end=\"372\">Royal Swiss 7-teiligen Utensilien-Set<\/strong> einen Hauch von Eleganz und Funktionalit\u00e4t hinzu. Jedes Teil ist sorgf\u00e4ltig gefertigt, um hohe Leistung mit stilvollem Design zu kombinieren. Die Griffe sind in zwei raffinierten Ausf\u00fchrungen erh\u00e4ltlich: <strong data-start=\"515\" data-end=\"531\">nat\u00fcrliches Holz<\/strong> f\u00fcr ein warmes, traditionelles Gef\u00fchl oder <strong data-start=\"565\" data-end=\"583\">verfeinerter Marmor<\/strong> f\u00fcr einen modernen, eleganten Look.<\/p>","protected":false},"featured_media":11636,"comment_status":"open","ping_status":"closed","template":"","meta":[],"product_brand":[174],"product_cat":[92],"product_tag":[],"class_list":{"0":"post-11635","1":"product","2":"type-product","3":"status-publish","4":"has-post-thumbnail","6":"product_brand-royal-swiss","7":"product_cat-cutlery","9":"first","10":"instock","11":"taxable","12":"shipping-taxable","13":"purchasable","14":"product-type-simple"},"jetpack_sharing_enabled":true,"_links":{"self":[{"href":"https:\/\/homix-shop.com\/de\/wp-json\/wp\/v2\/product\/11635","targetHints":{"allow":["GET"]}}],"collection":[{"href":"https:\/\/homix-shop.com\/de\/wp-json\/wp\/v2\/product"}],"about":[{"href":"https:\/\/homix-shop.com\/de\/wp-json\/wp\/v2\/types\/product"}],"replies":[{"embeddable":true,"href":"https:\/\/homix-shop.com\/de\/wp-json\/wp\/v2\/comments?post=11635"}],"version-history":[{"count":1,"href":"https:\/\/homix-shop.com\/de\/wp-json\/wp\/v2\/product\/11635\/revisions"}],"predecessor-version":[{"id":11637,"href":"https:\/\/homix-shop.com\/de\/wp-json\/wp\/v2\/product\/11635\/revisions\/11637"}],"wp:featuredmedia":[{"embeddable":true,"href":"https:\/\/homix-shop.com\/de\/wp-json\/wp\/v2\/media\/11636"}],"wp:attachment":[{"href":"https:\/\/homix-shop.com\/de\/wp-json\/wp\/v2\/media?parent=11635"}],"wp:term":[{"taxonomy":"product_brand","embeddable":true,"href":"https:\/\/homix-shop.com\/de\/wp-json\/wp\/v2\/product_brand?post=11635"},{"taxonomy":"product_cat","embeddable":true,"href":"https:\/\/homix-shop.com\/de\/wp-json\/wp\/v2\/product_cat?post=11635"},{"taxonomy":"product_tag","embeddable":true,"href":"https:\/\/homix-shop.com\/de\/wp-json\/wp\/v2\/product_tag?post=11635"}],"curies":[{"name":"wp","href":"https:\/\/api.w.org\/{rel}","templated":true}]}}