{"id":11628,"date":"2025-04-09T00:30:15","date_gmt":"2025-04-09T00:30:15","guid":{"rendered":"https:\/\/homix-shop.com\/?post_type=product&#038;p=11628"},"modified":"2025-09-08T22:19:50","modified_gmt":"2025-09-08T22:19:50","slug":"royal-swiss-2-3l-electric-kettle","status":"publish","type":"product","link":"https:\/\/homix-shop.com\/de\/produkt\/royal-swiss-2-3l-electric-kettle\/","title":{"rendered":"Royal Swiss 2,3L Wasserkocher"},"content":{"rendered":"<h3 class=\"\" data-start=\"135\" data-end=\"203\"><strong data-start=\"139\" data-end=\"203\">Royal Swiss 2,3L Wasserkocher \u2013 Eleganz trifft Effizienz<\/strong><\/h3>\n<p class=\"translation-block\" data-start=\"205\" data-end=\"440\">Werten Sie Ihre K\u00fcche mit dem <strong>Royal Swiss 2,3L Wasserkocher<\/strong> auf \u2013 die perfekte Kombination aus Stil, Leistung und Funktionalit\u00e4t. Erh\u00e4ltlich in drei eleganten Farben \u2013 <strong>Rot, Schwarz und Wei\u00df<\/strong> \u2013 f\u00fcgt er sich nahtlos in jedes K\u00fcchendekor ein.<\/p>\n<hr class=\"\" data-start=\"442\" data-end=\"445\" \/>\n<h3 class=\"\" data-start=\"447\" data-end=\"468\"><strong data-start=\"451\" data-end=\"468\">Hauptmerkmale:<\/strong><\/h3>\n<p class=\"translation-block\" data-start=\"470\" data-end=\"627\">\ud83d\udca7 <strong>Gro\u00dfes Fassungsverm\u00f6gen<\/strong><br>Mit einem gro\u00dfz\u00fcgigen <strong>Fassungsverm\u00f6gen von 2,3 Litern<\/strong> ist dieser Wasserkocher ideal, um hei\u00dfe Getr\u00e4nke f\u00fcr die ganze Familie zuzubereiten oder G\u00e4ste m\u00fchelos zu bewirten.<\/p>\n<p class=\"translation-block\" data-start=\"629\" data-end=\"749\">\u26a1 <strong>Schnelles &amp; Effizientes Erhitzen<\/strong><br>Mit einer Leistung von <strong>2200 Watt<\/strong> bringt er Wasser schnell zum Kochen und spart dabei <strong>Zeit und Energie<\/strong>.<\/p>\n<p class=\"translation-block\" data-start=\"751\" data-end=\"884\">\ud83c\udfa8 <strong>Stilvolles Design<\/strong><br>W\u00e4hle zwischen eleganten Farben wie <strong>Rot, Schwarz oder Wei\u00df<\/strong>, um deiner K\u00fcche einen Hauch von Eleganz und Modernit\u00e4t zu verleihen.<\/p>\n<p class=\"translation-block\" data-start=\"886\" data-end=\"1029\">\ud83d\udee1 <strong>Erweiterte Sicherheitsfunktionen<\/strong><br>Ausgestattet mit <strong>automatischer Abschaltung<\/strong> und <strong>Trockenlaufschutz<\/strong> f\u00fcr eine <strong>sichere und sorgenfreie Nutzung<\/strong> bei jedem Gebrauch.<\/p>\n<p class=\"translation-block\" data-start=\"1031\" data-end=\"1175\">\u2615 <strong>Benutzerfreundlich &amp; Praktisch<\/strong><br>Mit einem <strong>tropffreien Ausguss<\/strong> und einem <strong>abnehmbaren Entkalkungsfilter<\/strong> f\u00fcr einfaches Ausgie\u00dfen und m\u00fcheloses Reinigen.<\/p>\n<p class=\"translation-block\" data-start=\"1177\" data-end=\"1327\">\ud83d\udd01 <strong>360\u00b0 Drehbare Basis<\/strong><br>Die <strong>360-Grad schwenkbare Basis<\/strong> und das <strong>Kabelaufbewahrungssystem<\/strong> machen diesen Wasserkocher einfach zu handhaben, zu verstauen und aus jedem Winkel zu benutzen.<\/p>","protected":false},"excerpt":{"rendered":"<h3 class=\"\" data-start=\"135\" data-end=\"203\"><strong data-start=\"139\" data-end=\"203\">Royal Swiss 2,3L Wasserkocher \u2013 Eleganz trifft Effizienz<\/strong><\/h3>\n<p class=\"translation-block\" data-start=\"205\" data-end=\"440\">Werten Sie Ihre K\u00fcche mit dem <strong>Royal Swiss 2,3L Wasserkocher<\/strong> auf \u2013 die perfekte Kombination aus Stil, Leistung und Funktionalit\u00e4t. Erh\u00e4ltlich in drei eleganten Farben \u2013 <strong>Rot, Schwarz und Wei\u00df<\/strong> \u2013 f\u00fcgt er sich nahtlos in jedes K\u00fcchendekor ein.<\/p>","protected":false},"featured_media":11629,"comment_status":"open","ping_status":"closed","template":"","meta":[],"product_brand":[174],"product_cat":[205],"product_tag":[],"class_list":{"0":"post-11628","1":"product","2":"type-product","3":"status-publish","4":"has-post-thumbnail","6":"product_brand-royal-swiss","7":"product_cat-electric-kettle","9":"first","10":"instock","11":"taxable","12":"shipping-taxable","13":"purchasable","14":"product-type-variable"},"jetpack_sharing_enabled":true,"_links":{"self":[{"href":"https:\/\/homix-shop.com\/de\/wp-json\/wp\/v2\/product\/11628","targetHints":{"allow":["GET"]}}],"collection":[{"href":"https:\/\/homix-shop.com\/de\/wp-json\/wp\/v2\/product"}],"about":[{"href":"https:\/\/homix-shop.com\/de\/wp-json\/wp\/v2\/types\/product"}],"replies":[{"embeddable":true,"href":"https:\/\/homix-shop.com\/de\/wp-json\/wp\/v2\/comments?post=11628"}],"version-history":[{"count":1,"href":"https:\/\/homix-shop.com\/de\/wp-json\/wp\/v2\/product\/11628\/revisions"}],"predecessor-version":[{"id":11634,"href":"https:\/\/homix-shop.com\/de\/wp-json\/wp\/v2\/product\/11628\/revisions\/11634"}],"wp:featuredmedia":[{"embeddable":true,"href":"https:\/\/homix-shop.com\/de\/wp-json\/wp\/v2\/media\/11629"}],"wp:attachment":[{"href":"https:\/\/homix-shop.com\/de\/wp-json\/wp\/v2\/media?parent=11628"}],"wp:term":[{"taxonomy":"product_brand","embeddable":true,"href":"https:\/\/homix-shop.com\/de\/wp-json\/wp\/v2\/product_brand?post=11628"},{"taxonomy":"product_cat","embeddable":true,"href":"https:\/\/homix-shop.com\/de\/wp-json\/wp\/v2\/product_cat?post=11628"},{"taxonomy":"product_tag","embeddable":true,"href":"https:\/\/homix-shop.com\/de\/wp-json\/wp\/v2\/product_tag?post=11628"}],"curies":[{"name":"wp","href":"https:\/\/api.w.org\/{rel}","templated":true}]}}