{"id":11506,"date":"2025-04-05T13:44:49","date_gmt":"2025-04-05T13:44:49","guid":{"rendered":"https:\/\/homix-shop.com\/?post_type=product&#038;p=11506"},"modified":"2025-09-08T22:19:51","modified_gmt":"2025-09-08T22:19:51","slug":"royal-swiss-knife-set-6-pieces","status":"publish","type":"product","link":"https:\/\/homix-shop.com\/de\/produkt\/royal-swiss-knife-set-6-pieces\/","title":{"rendered":"Royal Swiss Knife Set \u2013 6 Teile"},"content":{"rendered":"<h3 class=\"\" data-start=\"126\" data-end=\"201\"><strong data-start=\"130\" data-end=\"201\">Royal Swiss Knife Set \u2013 6 Teile | Pr\u00e4zision und Komfort bei jedem Schnitt<\/strong><\/h3>\n<p class=\"translation-block\" data-start=\"203\" data-end=\"477\">Erh\u00f6hen Sie Ihr K\u00fcchenerlebnis mit dem <strong data-start=\"244\" data-end=\"269\">Royal Swiss Knife Set<\/strong>, der ultimativen Sammlung von Schneidwerkzeugen f\u00fcr t\u00e4gliches Schneiden, W\u00fcrfeln und Hacken.** Ob Sie Obst, Gem\u00fcse oder Fleisch zubereiten, diese Messer sind f\u00fcr m\u00fcheloses Arbeiten und Pr\u00e4zision entwickelt.<\/p>\n<hr class=\"\" data-start=\"479\" data-end=\"482\" \/>\n<h3 class=\"\" data-start=\"484\" data-end=\"501\"><strong data-start=\"488\" data-end=\"501\">Merkmale:<\/strong><\/h3>\n<p class=\"translation-block\" data-start=\"503\" data-end=\"628\">\u2705 <strong data-start=\"505\" data-end=\"532\">Ergonomisches Griffdesign<\/strong> \u2013 Speziell entwickelt f\u00fcr einen komfortablen, rutschfesten Griff, der maximalen Kontrolle und Sicherheit bietet.**<\/p>\n<p class=\"translation-block\" data-start=\"630\" data-end=\"734\">\u2705 <strong data-start=\"632\" data-end=\"655\">Hochwertige Klingen<\/strong> \u2013 Rasiermesserscharfe Kanten, die f\u00fcr langanhaltende Sch\u00e4rfe und effizientes Schneiden entwickelt wurden.<\/p>\n<p class=\"translation-block\" data-start=\"736\" data-end=\"866\">\u2705 <strong data-start=\"738\" data-end=\"762\">Komplettes K\u00fcchen-Set<\/strong> \u2013 Beinhaltet alles, was Sie f\u00fcr die t\u00e4gliche Lebensmittelzubereitung ben\u00f6tigen, von robustem Schneiden bis hin zu zartem Sch\u00e4len.<\/p>\n<hr class=\"\" data-start=\"868\" data-end=\"871\" \/>\n<h3 class=\"\" data-start=\"873\" data-end=\"894\"><strong data-start=\"877\" data-end=\"894\">Lieferumfang:<\/strong><\/h3>\n<p class=\"translation-block\" data-start=\"896\" data-end=\"1015\">\u2714 8\u2033 Kochmesser<br data-start=\"911\" data-end=\"914\">\u2714 8\u2033 Brotmesser<br data-start=\"930\" data-end=\"933\">\u2714 4.5\u2033 Pizzamesser<br data-start=\"951\" data-end=\"954\">\u2714 5\u2033 Universalmesser<br data-start=\"972\" data-end=\"975\">\u2714 3.5\u2033 Sch\u00e4lmesser<br data-start=\"994\" data-end=\"997\">\u2714 Keramik-Sch\u00e4ler<\/p>\n<hr class=\"\" data-start=\"1017\" data-end=\"1020\" \/>\n<p class=\"translation-block\" data-start=\"1022\" data-end=\"1141\">Genie\u00dfen Sie m\u00fcheloses Kochen mit Ihrem <strong data-start=\"1057\" data-end=\"1082\">Royal Swiss Knife Set<\/strong> \u2013 Pr\u00e4zision, Langlebigkeit und Stil in einem eleganten Paket.<\/p>","protected":false},"excerpt":{"rendered":"<h3 class=\"\" data-start=\"126\" data-end=\"201\"><strong data-start=\"130\" data-end=\"201\">Royal Swiss Knife Set \u2013 6 Teile | Pr\u00e4zision und Komfort bei jedem Schnitt<\/strong><\/h3>\n<p class=\"translation-block\" data-start=\"203\" data-end=\"477\">Erh\u00f6hen Sie Ihr K\u00fcchenerlebnis mit dem <strong data-start=\"244\" data-end=\"269\">Royal Swiss Knife Set<\/strong>, der ultimativen Sammlung von Schneidwerkzeugen f\u00fcr t\u00e4gliches Schneiden, W\u00fcrfeln und Hacken.** Ob Sie Obst, Gem\u00fcse oder Fleisch zubereiten, diese Messer sind f\u00fcr m\u00fcheloses Arbeiten und Pr\u00e4zision entwickelt.<\/p>","protected":false},"featured_media":11507,"comment_status":"open","ping_status":"closed","template":"","meta":[],"product_brand":[],"product_cat":[92],"product_tag":[],"class_list":{"0":"post-11506","1":"product","2":"type-product","3":"status-publish","4":"has-post-thumbnail","6":"product_cat-cutlery","8":"first","9":"instock","10":"taxable","11":"shipping-taxable","12":"purchasable","13":"product-type-simple"},"jetpack_sharing_enabled":true,"_links":{"self":[{"href":"https:\/\/homix-shop.com\/de\/wp-json\/wp\/v2\/product\/11506","targetHints":{"allow":["GET"]}}],"collection":[{"href":"https:\/\/homix-shop.com\/de\/wp-json\/wp\/v2\/product"}],"about":[{"href":"https:\/\/homix-shop.com\/de\/wp-json\/wp\/v2\/types\/product"}],"replies":[{"embeddable":true,"href":"https:\/\/homix-shop.com\/de\/wp-json\/wp\/v2\/comments?post=11506"}],"version-history":[{"count":1,"href":"https:\/\/homix-shop.com\/de\/wp-json\/wp\/v2\/product\/11506\/revisions"}],"predecessor-version":[{"id":11509,"href":"https:\/\/homix-shop.com\/de\/wp-json\/wp\/v2\/product\/11506\/revisions\/11509"}],"wp:featuredmedia":[{"embeddable":true,"href":"https:\/\/homix-shop.com\/de\/wp-json\/wp\/v2\/media\/11507"}],"wp:attachment":[{"href":"https:\/\/homix-shop.com\/de\/wp-json\/wp\/v2\/media?parent=11506"}],"wp:term":[{"taxonomy":"product_brand","embeddable":true,"href":"https:\/\/homix-shop.com\/de\/wp-json\/wp\/v2\/product_brand?post=11506"},{"taxonomy":"product_cat","embeddable":true,"href":"https:\/\/homix-shop.com\/de\/wp-json\/wp\/v2\/product_cat?post=11506"},{"taxonomy":"product_tag","embeddable":true,"href":"https:\/\/homix-shop.com\/de\/wp-json\/wp\/v2\/product_tag?post=11506"}],"curies":[{"name":"wp","href":"https:\/\/api.w.org\/{rel}","templated":true}]}}