{"id":11486,"date":"2025-04-05T12:32:01","date_gmt":"2025-04-05T12:32:01","guid":{"rendered":"https:\/\/homix-shop.com\/?post_type=product&#038;p=11486"},"modified":"2025-09-08T22:19:51","modified_gmt":"2025-09-08T22:19:51","slug":"royal-swiss-90-cm-stainless-steel-plancha","status":"publish","type":"product","link":"https:\/\/homix-shop.com\/de\/produkt\/royal-swiss-90-cm-stainless-steel-plancha\/","title":{"rendered":"Royal Swiss 90 cm Stainless Steel Plancha"},"content":{"rendered":"<p class=\"\" data-start=\"0\" data-end=\"81\"><strong data-start=\"0\" data-end=\"81\">Royal Swiss 90 cm Edelstahl-Plancha \u2013 F\u00fcr ein erstklassiges Grillerlebnis<\/strong><\/p>\n<p class=\"translation-block\" data-start=\"83\" data-end=\"320\">Werten Sie Ihr Kocherlebnis mit der <strong data-start=\"113\" data-end=\"142\">Royal Swiss 90 cm Plancha<\/strong> auf \u2013 meisterhaft gefertigt f\u00fcr anspruchsvolle Hobbyk\u00f6che. Ideal f\u00fcr gesellige Grillabende im Freien oder Gourmetgerichte im Innenbereich vereint dieser Hochleistungsgrill Funktionalit\u00e4t, Langlebigkeit und Eleganz.<\/p>\n<hr class=\"\" data-start=\"322\" data-end=\"325\" \/>\n<h3 class=\"\" data-start=\"327\" data-end=\"344\"><strong data-start=\"331\" data-end=\"344\">Merkmale:<\/strong><\/h3>\n<p class=\"translation-block\" data-start=\"346\" data-end=\"521\">\u2705 <strong data-start=\"348\" data-end=\"379\">Gro\u00dfe 90 cm Kochfl\u00e4che<\/strong> \u2013 Ideal zur gleichzeitigen Zubereitung verschiedenster Speisen: Gem\u00fcse, Fleisch, Meeresfr\u00fcchte und mehr. Perfekt f\u00fcr Familienmahlzeiten oder das Bewirten von G\u00e4sten.<\/p>\n<p class=\"translation-block\" data-start=\"523\" data-end=\"680\">\u2705 <strong data-start=\"525\" data-end=\"560\">Verstellbare Hitzeregler-Griffe<\/strong> \u2013 Ergonomische, hitzebest\u00e4ndige Griffe erm\u00f6glichen eine pr\u00e4zise Temperatureinstellung je nach verwendeten Zutaten.<\/p>\n<p class=\"translation-block\" data-start=\"682\" data-end=\"824\">\u2705 <strong data-start=\"684\" data-end=\"719\">Integrierte Fettauffangschale<\/strong> \u2013 F\u00f6rdert ges\u00fcnderes Kochen durch das Ableiten von \u00fcbersch\u00fcssigem \u00d6l. Die herausnehmbare Schale sorgt f\u00fcr eine schnelle und einfache Reinigung.<\/p>\n<p class=\"translation-block\" data-start=\"826\" data-end=\"956\">\u2705 <strong data-start=\"828\" data-end=\"868\">Robuste Edelstahlkonstruktion<\/strong> \u2013 Wetterfest und korrosionsbest\u00e4ndig, f\u00fcr den langfristigen Einsatz in jeder Umgebung konzipiert.<\/p>\n<p class=\"translation-block\" data-start=\"958\" data-end=\"1088\">\u2705 <strong data-start=\"960\" data-end=\"977\">Leicht zu reinigen<\/strong> \u2013 Dank der Antihaft-Oberfl\u00e4che und der integrierten \u00d6lauffangschale ist die Reinigung schnell und m\u00fchelos. Einfach abwischen und fertig!<\/p>\n<p class=\"translation-block\" data-start=\"1090\" data-end=\"1236\">\u2705 <strong data-start=\"1092\" data-end=\"1109\">Vielseitig einsetzbar<\/strong> \u2013 Ideal f\u00fcr Grillabende im Freien, Partys, Picknicks oder sogar den Innenbereich. Geeignet f\u00fcr alle Kochstile \u2013 vom scharfen Anbraten bis zum D\u00e4mpfen.<\/p>\n<hr class=\"\" data-start=\"1238\" data-end=\"1241\" \/>\n<p class=\"\" data-start=\"1243\" data-end=\"1368\">\u27a1\ufe0f Erleben Sie Grillgenuss in Restaurantqualit\u00e4t zu Hause mit der Royal Swiss 90 cm Plancha \u2013 robust, elegant und gemacht, um zu beeindrucken!<\/p>","protected":false},"excerpt":{"rendered":"<p class=\"\" data-start=\"0\" data-end=\"81\"><strong data-start=\"0\" data-end=\"81\">Royal Swiss 90 cm Edelstahl-Plancha \u2013 F\u00fcr ein erstklassiges Grillerlebnis<\/strong><\/p>\n<p class=\"translation-block\" data-start=\"83\" data-end=\"320\">Werten Sie Ihr Kocherlebnis mit der <strong data-start=\"113\" data-end=\"142\">Royal Swiss 90 cm Plancha<\/strong> auf \u2013 meisterhaft gefertigt f\u00fcr anspruchsvolle Hobbyk\u00f6che. Ideal f\u00fcr gesellige Grillabende im Freien oder Gourmetgerichte im Innenbereich vereint dieser Hochleistungsgrill Funktionalit\u00e4t, Langlebigkeit und Eleganz.<\/p>","protected":false},"featured_media":11487,"comment_status":"open","ping_status":"closed","template":"","meta":[],"product_brand":[174],"product_cat":[85],"product_tag":[],"class_list":{"0":"post-11486","1":"product","2":"type-product","3":"status-publish","4":"has-post-thumbnail","6":"product_brand-royal-swiss","7":"product_cat-electric-grill","9":"first","10":"instock","11":"sale","12":"taxable","13":"shipping-taxable","14":"purchasable","15":"product-type-simple"},"jetpack_sharing_enabled":true,"_links":{"self":[{"href":"https:\/\/homix-shop.com\/de\/wp-json\/wp\/v2\/product\/11486","targetHints":{"allow":["GET"]}}],"collection":[{"href":"https:\/\/homix-shop.com\/de\/wp-json\/wp\/v2\/product"}],"about":[{"href":"https:\/\/homix-shop.com\/de\/wp-json\/wp\/v2\/types\/product"}],"replies":[{"embeddable":true,"href":"https:\/\/homix-shop.com\/de\/wp-json\/wp\/v2\/comments?post=11486"}],"version-history":[{"count":1,"href":"https:\/\/homix-shop.com\/de\/wp-json\/wp\/v2\/product\/11486\/revisions"}],"predecessor-version":[{"id":11489,"href":"https:\/\/homix-shop.com\/de\/wp-json\/wp\/v2\/product\/11486\/revisions\/11489"}],"wp:featuredmedia":[{"embeddable":true,"href":"https:\/\/homix-shop.com\/de\/wp-json\/wp\/v2\/media\/11487"}],"wp:attachment":[{"href":"https:\/\/homix-shop.com\/de\/wp-json\/wp\/v2\/media?parent=11486"}],"wp:term":[{"taxonomy":"product_brand","embeddable":true,"href":"https:\/\/homix-shop.com\/de\/wp-json\/wp\/v2\/product_brand?post=11486"},{"taxonomy":"product_cat","embeddable":true,"href":"https:\/\/homix-shop.com\/de\/wp-json\/wp\/v2\/product_cat?post=11486"},{"taxonomy":"product_tag","embeddable":true,"href":"https:\/\/homix-shop.com\/de\/wp-json\/wp\/v2\/product_tag?post=11486"}],"curies":[{"name":"wp","href":"https:\/\/api.w.org\/{rel}","templated":true}]}}