{"id":11472,"date":"2025-04-05T12:19:14","date_gmt":"2025-04-05T12:19:14","guid":{"rendered":"https:\/\/homix-shop.com\/?post_type=product&#038;p=11472"},"modified":"2025-09-08T22:22:51","modified_gmt":"2025-09-08T22:22:51","slug":"royal-swiss-30l-vacuum-cleaner","status":"publish","type":"product","link":"https:\/\/homix-shop.com\/de\/produkt\/royal-swiss-30l-vacuum-cleaner\/","title":{"rendered":"Royal Swiss 30L Staubsauger"},"content":{"rendered":"<p class=\"\" data-start=\"0\" data-end=\"64\"><strong data-start=\"0\" data-end=\"64\">Royal Swiss 30L Staubsauger \u2013 Kraft &amp; Effizienz vereint<\/strong><\/p>\n<p class=\"translation-block\" data-start=\"66\" data-end=\"333\">Erleben Sie au\u00dfergew\u00f6hnliche Sauberkeit mit dem <strong data-start=\"110\" data-end=\"144\">Royal Swiss 30L Staubsauger<\/strong>, der sowohl f\u00fcr den professionellen als auch den privaten Gebrauch entwickelt wurde. Dank seines leistungsstarken Motors und des gro\u00dfen Fassungsverm\u00f6gens ist dieser Staubsauger die ideale L\u00f6sung, um selbst anspruchsvolle Reinigungsaufgaben m\u00fchelos und effizient zu meistern.<\/p>\n<p class=\"\" data-start=\"335\" data-end=\"348\"><strong data-start=\"335\" data-end=\"348\">Merkmale:<\/strong><\/p>\n<p class=\"translation-block\" data-start=\"350\" data-end=\"769\">\u2705 <strong data-start=\"352\" data-end=\"374\">Gro\u00dfes 30L Fassungsverm\u00f6gen<\/strong> \u2013 Perfekt f\u00fcr gro\u00dfe Fl\u00e4chen und intensive Reinigungsarbeiten<br data-start=\"424\" data-end=\"427\">\u2705 <strong data-start=\"429\" data-end=\"449\">Leistungsstarke Saugkraft<\/strong> \u2013 Hochleistungsmotor sorgt f\u00fcr eine hervorragende Entfernung von Staub und Schmutz<br data-start=\"515\" data-end=\"518\">\u2705 <strong data-start=\"520\" data-end=\"551\">Elegantes &amp; funktionales Design<\/strong> \u2013 Kompakt, stilvoll und leicht zu verstauen<br data-start=\"588\" data-end=\"591\">\u2705 <strong data-start=\"593\" data-end=\"618\">Vielseitiges Zubeh\u00f6r<\/strong> \u2013 Enth\u00e4lt verschiedene Aufs\u00e4tze f\u00fcr alle Oberfl\u00e4chenarten<br data-start=\"676\" data-end=\"679\">\u2705 <strong data-start=\"681\" data-end=\"711\">Modernes Filtersystem<\/strong> \u2013 Filtert effektiv feine Partikel und verbessert die Luftqualit\u00e4t<\/p>\n<p class=\"\" data-start=\"771\" data-end=\"928\">\u27a1\ufe0f Ob Sie Reinigungsprofi sind oder einfach ein zuverl\u00e4ssiges Ger\u00e4t f\u00fcr Ihr Zuhause ben\u00f6tigen \u2013 der Royal Swiss 30L bietet unschlagbare Leistung und h\u00f6chsten Komfort.<\/p>","protected":false},"excerpt":{"rendered":"<p class=\"\" data-start=\"0\" data-end=\"64\"><strong data-start=\"0\" data-end=\"64\">Royal Swiss 30L Staubsauger \u2013 Kraft &amp; Effizienz vereint<\/strong><\/p>\n<p class=\"translation-block\" data-start=\"66\" data-end=\"333\">Erleben Sie au\u00dfergew\u00f6hnliche Sauberkeit mit dem <strong data-start=\"110\" data-end=\"144\">Royal Swiss 30L Staubsauger<\/strong>, der sowohl f\u00fcr den professionellen als auch den privaten Gebrauch entwickelt wurde. Dank seines leistungsstarken Motors und des gro\u00dfen Fassungsverm\u00f6gens ist dieser Staubsauger die ideale L\u00f6sung, um selbst anspruchsvolle Reinigungsaufgaben m\u00fchelos und effizient zu meistern.<\/p>","protected":false},"featured_media":11473,"comment_status":"open","ping_status":"closed","template":"","meta":[],"product_brand":[174],"product_cat":[209],"product_tag":[],"class_list":{"0":"post-11472","1":"product","2":"type-product","3":"status-publish","4":"has-post-thumbnail","6":"product_brand-royal-swiss","7":"product_cat-vacuum","9":"first","10":"outofstock","11":"taxable","12":"shipping-taxable","13":"purchasable","14":"product-type-simple"},"jetpack_sharing_enabled":true,"_links":{"self":[{"href":"https:\/\/homix-shop.com\/de\/wp-json\/wp\/v2\/product\/11472","targetHints":{"allow":["GET"]}}],"collection":[{"href":"https:\/\/homix-shop.com\/de\/wp-json\/wp\/v2\/product"}],"about":[{"href":"https:\/\/homix-shop.com\/de\/wp-json\/wp\/v2\/types\/product"}],"replies":[{"embeddable":true,"href":"https:\/\/homix-shop.com\/de\/wp-json\/wp\/v2\/comments?post=11472"}],"version-history":[{"count":2,"href":"https:\/\/homix-shop.com\/de\/wp-json\/wp\/v2\/product\/11472\/revisions"}],"predecessor-version":[{"id":11478,"href":"https:\/\/homix-shop.com\/de\/wp-json\/wp\/v2\/product\/11472\/revisions\/11478"}],"wp:featuredmedia":[{"embeddable":true,"href":"https:\/\/homix-shop.com\/de\/wp-json\/wp\/v2\/media\/11473"}],"wp:attachment":[{"href":"https:\/\/homix-shop.com\/de\/wp-json\/wp\/v2\/media?parent=11472"}],"wp:term":[{"taxonomy":"product_brand","embeddable":true,"href":"https:\/\/homix-shop.com\/de\/wp-json\/wp\/v2\/product_brand?post=11472"},{"taxonomy":"product_cat","embeddable":true,"href":"https:\/\/homix-shop.com\/de\/wp-json\/wp\/v2\/product_cat?post=11472"},{"taxonomy":"product_tag","embeddable":true,"href":"https:\/\/homix-shop.com\/de\/wp-json\/wp\/v2\/product_tag?post=11472"}],"curies":[{"name":"wp","href":"https:\/\/api.w.org\/{rel}","templated":true}]}}