{"id":11463,"date":"2025-04-05T12:13:36","date_gmt":"2025-04-05T12:13:36","guid":{"rendered":"https:\/\/homix-shop.com\/?post_type=product&#038;p=11463"},"modified":"2026-04-14T20:50:51","modified_gmt":"2026-04-14T20:50:51","slug":"dish-rack","status":"publish","type":"product","link":"https:\/\/homix-shop.com\/de\/produkt\/dish-rack\/","title":{"rendered":"Geschirrst\u00e4nder"},"content":{"rendered":"<p class=\"\" data-start=\"0\" data-end=\"45\"><strong data-start=\"0\" data-end=\"45\">Geschirrst\u00e4nder \u2013 Robustes &amp; platzsparendes Design<\/strong><\/p>\n<p class=\"translation-block\" data-start=\"47\" data-end=\"221\">Halten Sie Ihre K\u00fcche mit diesem <strong data-start=\"95\" data-end=\"126\">einzigartig gestalteten Geschirrst\u00e4nder<\/strong> organisiert und sauber, der f\u00fcr Haltbarkeit und praktische Alltagsnutzung gebaut wurde. Perfekt zum Trocknen von Tellern, Besteck und mehr.<\/p>\n<p class=\"\" data-start=\"223\" data-end=\"236\"><strong data-start=\"223\" data-end=\"236\">Merkmale:<\/strong><\/p>\n<p class=\"translation-block\" data-start=\"238\" data-end=\"623\">\u2705 <strong data-start=\"240\" data-end=\"266\">Einzigartiges &amp; Modernes Design<\/strong> \u2013 Bringt Stil in Ihre K\u00fcche<br data-start=\"295\" data-end=\"298\">\u2705 <strong data-start=\"300\" data-end=\"320\">Stark &amp; Langlebig<\/strong> \u2013 Hergestellt aus hochwertigen Materialien f\u00fcr eine lange Lebensdauer<br data-start=\"364\" data-end=\"367\">\u2705 <strong data-start=\"369\" data-end=\"395\">Teller- &amp; Besteckhalter<\/strong> \u2013 Organisieren Sie Ihr Geschirr effizient<br data-start=\"430\" data-end=\"433\">\u2705 <strong data-start=\"435\" data-end=\"463\">Einfach zu montieren &amp; zu reinigen<\/strong> \u2013 Problemloser Aufbau und Wartung<br data-start=\"499\" data-end=\"502\">\u2705 <strong data-start=\"504\" data-end=\"531\">Hygienisch &amp; Platzsparend<\/strong> \u2013 H\u00e4lt Ihre Arbeitsplatte ordentlich und sauber<br data-start=\"569\" data-end=\"572\">\u2705 <strong data-start=\"574\" data-end=\"589\">Sicheres Design<\/strong> \u2013 Keine scharfen Kanten f\u00fcr zus\u00e4tzliche Sicherheit<\/p>\n<p class=\"\" data-start=\"625\" data-end=\"691\">\u27a1\ufe0f Die ideale L\u00f6sung f\u00fcr eine ordentliche und effiziente K\u00fcchenorganisation!<\/p>","protected":false},"excerpt":{"rendered":"<p class=\"\" data-start=\"0\" data-end=\"45\"><strong data-start=\"0\" data-end=\"45\">Geschirrst\u00e4nder \u2013 Robustes &amp; platzsparendes Design<\/strong><\/p>\n<p class=\"translation-block\" data-start=\"47\" data-end=\"221\">Halten Sie Ihre K\u00fcche mit diesem <strong data-start=\"95\" data-end=\"126\">einzigartig gestalteten Geschirrst\u00e4nder<\/strong> organisiert und sauber, der f\u00fcr Haltbarkeit und praktische Alltagsnutzung gebaut wurde. Perfekt zum Trocknen von Tellern, Besteck und mehr.<\/p>","protected":false},"featured_media":11466,"comment_status":"open","ping_status":"closed","template":"","meta":[],"product_brand":[],"product_cat":[208],"product_tag":[],"class_list":{"0":"post-11463","1":"product","2":"type-product","3":"status-publish","4":"has-post-thumbnail","6":"product_cat-kitchen-accessoires","8":"first","9":"instock","10":"taxable","11":"shipping-taxable","12":"purchasable","13":"product-type-variable"},"jetpack_sharing_enabled":true,"_links":{"self":[{"href":"https:\/\/homix-shop.com\/de\/wp-json\/wp\/v2\/product\/11463","targetHints":{"allow":["GET"]}}],"collection":[{"href":"https:\/\/homix-shop.com\/de\/wp-json\/wp\/v2\/product"}],"about":[{"href":"https:\/\/homix-shop.com\/de\/wp-json\/wp\/v2\/types\/product"}],"replies":[{"embeddable":true,"href":"https:\/\/homix-shop.com\/de\/wp-json\/wp\/v2\/comments?post=11463"}],"version-history":[{"count":1,"href":"https:\/\/homix-shop.com\/de\/wp-json\/wp\/v2\/product\/11463\/revisions"}],"predecessor-version":[{"id":11471,"href":"https:\/\/homix-shop.com\/de\/wp-json\/wp\/v2\/product\/11463\/revisions\/11471"}],"wp:featuredmedia":[{"embeddable":true,"href":"https:\/\/homix-shop.com\/de\/wp-json\/wp\/v2\/media\/11466"}],"wp:attachment":[{"href":"https:\/\/homix-shop.com\/de\/wp-json\/wp\/v2\/media?parent=11463"}],"wp:term":[{"taxonomy":"product_brand","embeddable":true,"href":"https:\/\/homix-shop.com\/de\/wp-json\/wp\/v2\/product_brand?post=11463"},{"taxonomy":"product_cat","embeddable":true,"href":"https:\/\/homix-shop.com\/de\/wp-json\/wp\/v2\/product_cat?post=11463"},{"taxonomy":"product_tag","embeddable":true,"href":"https:\/\/homix-shop.com\/de\/wp-json\/wp\/v2\/product_tag?post=11463"}],"curies":[{"name":"wp","href":"https:\/\/api.w.org\/{rel}","templated":true}]}}