{"id":11451,"date":"2025-04-05T10:22:13","date_gmt":"2025-04-05T10:22:13","guid":{"rendered":"https:\/\/homix-shop.com\/?post_type=product&#038;p=11451"},"modified":"2025-09-08T22:22:51","modified_gmt":"2025-09-08T22:22:51","slug":"yildiz-electric-pancake-oven-katmer-saci","status":"publish","type":"product","link":"https:\/\/homix-shop.com\/de\/produkt\/yildiz-electric-pancake-oven-katmer-saci\/","title":{"rendered":"Y\u0131ld\u0131z Elektrischer Pfannkuchenofen (Katmer-Sac)"},"content":{"rendered":"<p class=\"\" data-start=\"0\" data-end=\"60\"><strong data-start=\"0\" data-end=\"60\">Y\u0131ld\u0131z Elektrischer Pfannkuchenofen (Katmer-Sac) \u2013 Modell YK-25<\/strong><\/p>\n<p class=\"translation-block\" data-start=\"62\" data-end=\"292\">Meistern Sie die Kunst der Fladenbrot- und Pfannkuchenherstellung mit dem <strong data-start=\"118\" data-end=\"156\">Y\u0131ld\u0131z YK-25 Elektrischen Pfannkuchenofen<\/strong>, der mit einem eingebauten Thermostat f\u00fcr pr\u00e4zise Temperaturkontrolle ausgestattet ist. Perfekt zur Zubereitung von Katmer, G\u00f6zleme und anderen traditionellen Fladenbroten.<\/p>\n<p class=\"\" data-start=\"294\" data-end=\"307\"><strong data-start=\"294\" data-end=\"307\">Merkmale:<\/strong><\/p>\n<p class=\"translation-block\" data-start=\"309\" data-end=\"698\">\u2705 <strong data-start=\"311\" data-end=\"347\">Elektrische Heizung mit Thermostat<\/strong> \u2013 Erm\u00f6glicht eine genaue Temperaturregelung f\u00fcr konstante Ergebnisse<br data-start=\"411\" data-end=\"414\">\u2705 <strong data-start=\"416\" data-end=\"439\">Kompakt &amp; Effizient<\/strong> \u2013 Platzsparendes Design mit den Ma\u00dfen 200\u00d7500\u00d7500 mm<br data-start=\"476\" data-end=\"479\">\u2705 <strong data-start=\"481\" data-end=\"505\">Langlebige Konstruktion<\/strong> \u2013 Hergestellt in der T\u00fcrkei mit hochwertigen Materialien<br data-start=\"545\" data-end=\"548\">\u2705 <strong data-start=\"550\" data-end=\"567\">Benutzerfreundlich<\/strong> \u2013 Ideal f\u00fcr den Heimgebrauch, B\u00e4ckereien und kleine Lebensmittelunternehmen<br data-start=\"625\" data-end=\"628\" data-is-only-node=\"\">\u2705 <strong data-start=\"630\" data-end=\"646\">Energieverbrauch<\/strong> \u2013 220\u2013230V, 50\u201360Hz, energieeffiziente Leistung<\/p>\n<p class=\"\" data-start=\"700\" data-end=\"719\"><strong data-start=\"700\" data-end=\"719\">Spezifikationen:<\/strong><\/p>\n<p class=\"translation-block\" data-start=\"721\" data-end=\"882\">\u2714 Leistung: 230\u2013220V | 50\u201360Hz<br data-start=\"748\" data-end=\"751\">\u2714 Ma\u00dfe: 200 \u00d7 500 \u00d7 500 mm<br data-start=\"783\" data-end=\"786\">\u2714 Nettogewicht: 1,5 kg<br data-start=\"806\" data-end=\"809\">\u2714 Modell: YK-25<br data-start=\"823\" data-end=\"826\">\u2714 Code: YK-025<\/p>\n<p class=\"\" data-start=\"884\" data-end=\"983\">\u27a1\ufe0f Ein zuverl\u00e4ssiges Werkzeug f\u00fcr alle, die traditionelle t\u00fcrkische und mittel\u00f6stliche Backwaren lieben.<\/p>","protected":false},"excerpt":{"rendered":"<p class=\"\" data-start=\"0\" data-end=\"60\"><strong data-start=\"0\" data-end=\"60\">Y\u0131ld\u0131z Elektrischer Pfannkuchenofen (Katmer-Sac) \u2013 Modell YK-25<\/strong><\/p>\n<p class=\"translation-block\" data-start=\"62\" data-end=\"292\">Meistern Sie die Kunst der Fladenbrot- und Pfannkuchenherstellung mit dem <strong data-start=\"118\" data-end=\"156\">Y\u0131ld\u0131z YK-25 Elektrischen Pfannkuchenofen<\/strong>, der mit einem eingebauten Thermostat f\u00fcr pr\u00e4zise Temperaturkontrolle ausgestattet ist. Perfekt zur Zubereitung von Katmer, G\u00f6zleme und anderen traditionellen Fladenbroten.<\/p>","protected":false},"featured_media":11454,"comment_status":"open","ping_status":"closed","template":"","meta":[],"product_brand":[],"product_cat":[207],"product_tag":[],"class_list":{"0":"post-11451","1":"product","2":"type-product","3":"status-publish","4":"has-post-thumbnail","6":"product_cat-electric-oven","8":"first","9":"instock","10":"taxable","11":"shipping-taxable","12":"purchasable","13":"product-type-simple"},"jetpack_sharing_enabled":true,"_links":{"self":[{"href":"https:\/\/homix-shop.com\/de\/wp-json\/wp\/v2\/product\/11451","targetHints":{"allow":["GET"]}}],"collection":[{"href":"https:\/\/homix-shop.com\/de\/wp-json\/wp\/v2\/product"}],"about":[{"href":"https:\/\/homix-shop.com\/de\/wp-json\/wp\/v2\/types\/product"}],"replies":[{"embeddable":true,"href":"https:\/\/homix-shop.com\/de\/wp-json\/wp\/v2\/comments?post=11451"}],"version-history":[{"count":2,"href":"https:\/\/homix-shop.com\/de\/wp-json\/wp\/v2\/product\/11451\/revisions"}],"predecessor-version":[{"id":11468,"href":"https:\/\/homix-shop.com\/de\/wp-json\/wp\/v2\/product\/11451\/revisions\/11468"}],"wp:featuredmedia":[{"embeddable":true,"href":"https:\/\/homix-shop.com\/de\/wp-json\/wp\/v2\/media\/11454"}],"wp:attachment":[{"href":"https:\/\/homix-shop.com\/de\/wp-json\/wp\/v2\/media?parent=11451"}],"wp:term":[{"taxonomy":"product_brand","embeddable":true,"href":"https:\/\/homix-shop.com\/de\/wp-json\/wp\/v2\/product_brand?post=11451"},{"taxonomy":"product_cat","embeddable":true,"href":"https:\/\/homix-shop.com\/de\/wp-json\/wp\/v2\/product_cat?post=11451"},{"taxonomy":"product_tag","embeddable":true,"href":"https:\/\/homix-shop.com\/de\/wp-json\/wp\/v2\/product_tag?post=11451"}],"curies":[{"name":"wp","href":"https:\/\/api.w.org\/{rel}","templated":true}]}}