{"id":11375,"date":"2025-04-04T19:05:39","date_gmt":"2025-04-04T19:05:39","guid":{"rendered":"https:\/\/homix-shop.com\/?post_type=product&#038;p=11375"},"modified":"2026-04-14T20:53:40","modified_gmt":"2026-04-14T20:53:40","slug":"royal-swiss-tandoor-oven-2100w","status":"publish","type":"product","link":"https:\/\/homix-shop.com\/de\/produkt\/royal-swiss-tandoor-oven-2100w\/","title":{"rendered":"Royal Swiss Tandoor-Ofen \u2013 2100W"},"content":{"rendered":"<h3 class=\"\" data-start=\"0\" data-end=\"42\"><strong data-start=\"4\" data-end=\"40\">Royal Swiss Tandoor-Ofen \u2013 2100W<\/strong><\/h3>\n<p class=\"translation-block\" data-start=\"44\" data-end=\"495\">Der <strong data-start=\"48\" data-end=\"76\">Royal Swiss Tandoor Oven<\/strong> liefert <strong data-start=\"86\" data-end=\"104\">2100\u202fW Leistung<\/strong> und ist damit ideal zur Zubereitung von <strong data-start=\"136\" data-end=\"202\">Pizza, Chapati, Roti, Lahmacun, Manakish, Naan-Brot und mehr<\/strong>. Dieser kompakte <strong data-start=\"217\" data-end=\"230\">Mini-Ofen<\/strong> ist ein Muss f\u00fcr jede K\u00fcche und erm\u00f6glicht es Ihnen, <strong data-start=\"286\" data-end=\"328\">authentische Gerichte aus verschiedenen Kulturen<\/strong> direkt zu Hause zuzubereiten. Mit seinem <strong data-start=\"353\" data-end=\"376\">platzsparenden Design<\/strong> und der <strong data-start=\"381\" data-end=\"402\">effizienten Heizleistung<\/strong> liefert er jedes Mal k\u00f6stliche Ergebnisse. Perfekt f\u00fcr Liebhaber von <strong data-start=\"467\" data-end=\"492\">internationaler K\u00fcche<\/strong>!<\/p>","protected":false},"excerpt":{"rendered":"<p class=\"translation-block\">Der <strong data-start=\"48\" data-end=\"76\">Royal Swiss Tandoor Oven<\/strong> liefert <strong data-start=\"86\" data-end=\"104\">2100\u202fW Leistung<\/strong> und ist damit ideal zur Zubereitung von <strong data-start=\"136\" data-end=\"202\">Pizza, Chapati, Roti, Lahmacun, Manakish, Naan-Brot und mehr<\/strong>.<\/p>","protected":false},"featured_media":11376,"comment_status":"open","ping_status":"closed","template":"","meta":[],"product_brand":[174],"product_cat":[207],"product_tag":[],"class_list":{"0":"post-11375","1":"product","2":"type-product","3":"status-publish","4":"has-post-thumbnail","6":"product_brand-royal-swiss","7":"product_cat-electric-oven","9":"first","10":"instock","11":"taxable","12":"shipping-taxable","13":"purchasable","14":"product-type-simple"},"jetpack_sharing_enabled":true,"_links":{"self":[{"href":"https:\/\/homix-shop.com\/de\/wp-json\/wp\/v2\/product\/11375","targetHints":{"allow":["GET"]}}],"collection":[{"href":"https:\/\/homix-shop.com\/de\/wp-json\/wp\/v2\/product"}],"about":[{"href":"https:\/\/homix-shop.com\/de\/wp-json\/wp\/v2\/types\/product"}],"replies":[{"embeddable":true,"href":"https:\/\/homix-shop.com\/de\/wp-json\/wp\/v2\/comments?post=11375"}],"version-history":[{"count":1,"href":"https:\/\/homix-shop.com\/de\/wp-json\/wp\/v2\/product\/11375\/revisions"}],"predecessor-version":[{"id":11379,"href":"https:\/\/homix-shop.com\/de\/wp-json\/wp\/v2\/product\/11375\/revisions\/11379"}],"wp:featuredmedia":[{"embeddable":true,"href":"https:\/\/homix-shop.com\/de\/wp-json\/wp\/v2\/media\/11376"}],"wp:attachment":[{"href":"https:\/\/homix-shop.com\/de\/wp-json\/wp\/v2\/media?parent=11375"}],"wp:term":[{"taxonomy":"product_brand","embeddable":true,"href":"https:\/\/homix-shop.com\/de\/wp-json\/wp\/v2\/product_brand?post=11375"},{"taxonomy":"product_cat","embeddable":true,"href":"https:\/\/homix-shop.com\/de\/wp-json\/wp\/v2\/product_cat?post=11375"},{"taxonomy":"product_tag","embeddable":true,"href":"https:\/\/homix-shop.com\/de\/wp-json\/wp\/v2\/product_tag?post=11375"}],"curies":[{"name":"wp","href":"https:\/\/api.w.org\/{rel}","templated":true}]}}