{"id":11317,"date":"2025-04-04T14:53:57","date_gmt":"2025-04-04T14:53:57","guid":{"rendered":"https:\/\/homix-shop.com\/?post_type=product&#038;p=11317"},"modified":"2025-09-08T22:22:52","modified_gmt":"2025-09-08T22:22:52","slug":"zurrichberg-cookware-set","status":"publish","type":"product","link":"https:\/\/homix-shop.com\/de\/produkt\/zurrichberg-cookware-set\/","title":{"rendered":"ZURRICHBERG Cookware Set"},"content":{"rendered":"<p class=\"\" data-start=\"0\" data-end=\"68\"><strong data-start=\"0\" data-end=\"66\">ZURRICHBERG Kochgeschirr-Set \u2013 6-teiliges Premium-Set aus Edelstahl<\/strong><\/p>\n<p class=\"translation-block\" data-start=\"70\" data-end=\"193\">R\u00fcste deine K\u00fcche auf mit diesem <strong data-start=\"101\" data-end=\"146\">hochwertigen Kochgeschirr-Set aus Edelstahl<\/strong>, entwickelt f\u00fcr gesundes und effizientes Kochen!<\/p>\n<h3 class=\"\" data-start=\"195\" data-end=\"214\"><strong data-start=\"199\" data-end=\"212\">Merkmale:<\/strong><\/h3>\n<p class=\"translation-block\" data-start=\"215\" data-end=\"680\">\u2705 <strong data-start=\"217\" data-end=\"244\">Hochwertiger Edelstahl<\/strong> \u2013 Langlebig, rostbest\u00e4ndig und leicht zu reinigen<br data-start=\"289\" data-end=\"292\">\u2705 <strong data-start=\"294\" data-end=\"317\">Schnelle &amp; gleichm\u00e4\u00dfige W\u00e4rmeverteilung<\/strong> \u2013 Spart Energie und sorgt f\u00fcr perfekte Kochergebnisse<br data-start=\"368\" data-end=\"371\">\u2705 <strong data-start=\"373\" data-end=\"406\">Kompatibel mit allen Herdarten<\/strong> \u2013 <strong data-start=\"409\" data-end=\"461\">Induktion, Gas, Elektro, Glaskeramik, Halogen<\/strong><br data-start=\"461\" data-end=\"464\">\u2705 <strong data-start=\"466\" data-end=\"485\">Gesundes Kochen<\/strong> \u2013 Ben\u00f6tigt wenig Wasser und \u00d6l f\u00fcr n\u00e4hrstoffreiche Mahlzeiten<br data-start=\"542\" data-end=\"545\">\u2705 <strong data-start=\"547\" data-end=\"568\">Ergonomische Griffe<\/strong> \u2013 Bleiben k\u00fchl f\u00fcr sichere und komfortable Handhabung<br data-start=\"614\" data-end=\"617\">\u2705 <strong data-start=\"619\" data-end=\"638\">Sp\u00fclmaschinenfest<\/strong> \u2013 Leicht zu reinigen f\u00fcr maximalen Komfort<\/p>\n<h3 class=\"\" data-start=\"682\" data-end=\"728\"><strong data-start=\"686\" data-end=\"726\">Set beinhaltet (mit korrigierten Gr\u00f6\u00dfen):<\/strong><\/h3>\n<p class=\"translation-block\" data-start=\"729\" data-end=\"861\">\u2714 <strong data-start=\"731\" data-end=\"745\">30 x 23 cm<\/strong> \u2013 <strong data-start=\"748\" data-end=\"758\">16,2 L<\/strong> Topf mit Deckel<br data-start=\"771\" data-end=\"774\">\u2714 <strong data-start=\"776\" data-end=\"790\">28 x 22 cm<\/strong> \u2013 <strong data-start=\"793\" data-end=\"803\">13,5 L<\/strong> Topf mit Deckel<br data-start=\"816\" data-end=\"819\">\u2714 <strong data-start=\"821\" data-end=\"835\">26 x 21 cm<\/strong> \u2013 <strong data-start=\"838\" data-end=\"846\">11 L<\/strong> Topf mit Deckel<\/p>\n<p class=\"\" data-start=\"863\" data-end=\"946\"><strong data-start=\"863\" data-end=\"944\">\u27a1\ufe0f Perfekt f\u00fcr Profi- und Hobbyk\u00f6che, die Qualit\u00e4t und Vielseitigkeit sch\u00e4tzen!<\/strong><\/p>","protected":false},"excerpt":{"rendered":"<p class=\"\" data-start=\"0\" data-end=\"68\"><strong data-start=\"0\" data-end=\"66\">ZURRICHBERG Kochgeschirr-Set \u2013 6-teiliges Premium-Set aus Edelstahl<\/strong><\/p>\n<p class=\"translation-block\" data-start=\"70\" data-end=\"193\">R\u00fcste deine K\u00fcche auf mit diesem <strong data-start=\"101\" data-end=\"146\">hochwertigen Kochgeschirr-Set aus Edelstahl<\/strong>, entwickelt f\u00fcr gesundes und effizientes Kochen!<\/p>","protected":false},"featured_media":11450,"comment_status":"open","ping_status":"closed","template":"","meta":[],"product_brand":[206],"product_cat":[91],"product_tag":[],"class_list":{"0":"post-11317","1":"product","2":"type-product","3":"status-publish","4":"has-post-thumbnail","6":"product_brand-zurrichberg","7":"product_cat-pot-sets","9":"first","10":"instock","11":"taxable","12":"shipping-taxable","13":"purchasable","14":"product-type-simple"},"jetpack_sharing_enabled":true,"_links":{"self":[{"href":"https:\/\/homix-shop.com\/de\/wp-json\/wp\/v2\/product\/11317","targetHints":{"allow":["GET"]}}],"collection":[{"href":"https:\/\/homix-shop.com\/de\/wp-json\/wp\/v2\/product"}],"about":[{"href":"https:\/\/homix-shop.com\/de\/wp-json\/wp\/v2\/types\/product"}],"replies":[{"embeddable":true,"href":"https:\/\/homix-shop.com\/de\/wp-json\/wp\/v2\/comments?post=11317"}],"version-history":[{"count":1,"href":"https:\/\/homix-shop.com\/de\/wp-json\/wp\/v2\/product\/11317\/revisions"}],"predecessor-version":[{"id":11318,"href":"https:\/\/homix-shop.com\/de\/wp-json\/wp\/v2\/product\/11317\/revisions\/11318"}],"wp:featuredmedia":[{"embeddable":true,"href":"https:\/\/homix-shop.com\/de\/wp-json\/wp\/v2\/media\/11450"}],"wp:attachment":[{"href":"https:\/\/homix-shop.com\/de\/wp-json\/wp\/v2\/media?parent=11317"}],"wp:term":[{"taxonomy":"product_brand","embeddable":true,"href":"https:\/\/homix-shop.com\/de\/wp-json\/wp\/v2\/product_brand?post=11317"},{"taxonomy":"product_cat","embeddable":true,"href":"https:\/\/homix-shop.com\/de\/wp-json\/wp\/v2\/product_cat?post=11317"},{"taxonomy":"product_tag","embeddable":true,"href":"https:\/\/homix-shop.com\/de\/wp-json\/wp\/v2\/product_tag?post=11317"}],"curies":[{"name":"wp","href":"https:\/\/api.w.org\/{rel}","templated":true}]}}