{"id":11300,"date":"2025-04-04T14:36:43","date_gmt":"2025-04-04T14:36:43","guid":{"rendered":"https:\/\/homix-shop.com\/?post_type=product&#038;p=11300"},"modified":"2025-09-08T22:22:52","modified_gmt":"2025-09-08T22:22:52","slug":"stainless-steel-couscoussier-with-stone-effect-coating-12l","status":"publish","type":"product","link":"https:\/\/homix-shop.com\/de\/produkt\/stainless-steel-couscoussier-with-stone-effect-coating-12l\/","title":{"rendered":"Edelstahl-Couscoussier mit Stein-Effekt-Beschichtung \u2013 12L"},"content":{"rendered":"<h3 class=\"\" data-start=\"0\" data-end=\"75\"><strong data-start=\"4\" data-end=\"73\">Edelstahl-Couscoussier mit Stein-Effekt-Beschichtung \u2013 12L<\/strong><\/h3>\n<p class=\"translation-block\" data-start=\"77\" data-end=\"403\">Genie\u00dfe authentisches und gesundes Kochen mit dem <strong data-start=\"122\" data-end=\"166\">Royal Swiss Edelstahl-Couscoussier<\/strong>, ausgestattet mit einer <strong data-start=\"180\" data-end=\"213\">Stein-Effekt-Innenbeschichtung<\/strong>. Entwickelt f\u00fcr <strong data-start=\"228\" data-end=\"254\">alle Herdarten<\/strong>, einschlie\u00dflich <strong data-start=\"266\" data-end=\"307\">Induktion, Gas, Elektro und Keramik<\/strong>, ist dieses <strong data-start=\"314\" data-end=\"352\">vielseitige und elegante Couscoussier<\/strong> perfekt zur Zubereitung k\u00f6stlicher Familienmahlzeiten.<\/p>\n<h3 class=\"\" data-start=\"405\" data-end=\"428\"><strong data-start=\"409\" data-end=\"426\">Hauptmerkmale:<\/strong><\/h3>\n<p class=\"translation-block\" data-start=\"429\" data-end=\"1233\">\u2705 <strong data-start=\"431\" data-end=\"456\">Hochwertiges Material<\/strong> \u2013 Hergestellt aus <strong data-start=\"467\" data-end=\"494\">robustem Edelstahl<\/strong> mit einer <strong data-start=\"502\" data-end=\"537\">stein-Effekt Antihaft-Innenbeschichtung<\/strong> f\u00fcr gleichm\u00e4\u00dfige W\u00e4rmeverteilung und langanhaltende Leistung.<br data-start=\"594\" data-end=\"597\">\u2705 <strong data-start=\"599\" data-end=\"615\">Schnelles Aufheizen<\/strong> \u2013 Effiziente W\u00e4rmeleitung f\u00fcr <strong data-start=\"650\" data-end=\"676\">schnelles und gleichm\u00e4\u00dfiges Kochen<\/strong>.<br data-start=\"677\" data-end=\"680\">\u2705 <strong data-start=\"682\" data-end=\"709\">Universelle Kompatibilit\u00e4t<\/strong> \u2013 Geeignet f\u00fcr <strong data-start=\"725\" data-end=\"742\">alle Herdarten<\/strong>, einschlie\u00dflich <strong data-start=\"754\" data-end=\"795\">Induktion, Gas, Keramik und Elektro<\/strong>.<br data-start=\"796\" data-end=\"799\">\u2705 <strong data-start=\"801\" data-end=\"820\">Gesundes Kochen<\/strong> \u2013 Kocht mit <strong data-start=\"834\" data-end=\"859\">minimalem Wasser- und \u00d6lverbrauch<\/strong>, bewahrt <strong data-start=\"872\" data-end=\"907\">Vitamine, Mineralien und Aromen<\/strong> f\u00fcr eine nahrhaftere Mahlzeit.<br data-start=\"935\" data-end=\"938\">\u2705 <strong data-start=\"940\" data-end=\"967\">Ergonomisches und sicheres Design<\/strong> \u2013 <strong data-start=\"970\" data-end=\"992\">Griffe mit Cool-Touch<\/strong> sorgen f\u00fcr <strong data-start=\"1000\" data-end=\"1017\">sicheren Umgang<\/strong> beim Kochen.<br data-start=\"1032\" data-end=\"1035\">\u2705 <strong data-start=\"1037\" data-end=\"1057\">Einfache Pflege<\/strong> \u2013 <strong data-start=\"1060\" data-end=\"1079\">Sp\u00fclmaschinenfest<\/strong> und leicht zu reinigen f\u00fcr eine problemlose Nutzung.<br data-start=\"1118\" data-end=\"1121\">\u2705 <strong data-start=\"1123\" data-end=\"1146\">Elegant &amp; Praktisch<\/strong> \u2013 Eine stilvolle Erg\u00e4nzung jeder K\u00fcche, die <strong data-start=\"1194\" data-end=\"1230\">Funktionalit\u00e4t mit modernem Look<\/strong> verbindet.<\/p>\n<p class=\"translation-block\" data-start=\"1235\" data-end=\"1400\">\u27a1\ufe0f <strong data-start=\"1238\" data-end=\"1398\">Bringe Tradition und Komfort in deine K\u00fcche mit dem Royal Swiss Couscoussier \u2013 perfekt, um leichte und geschmackvolle Gerichte f\u00fcr die ganze Familie zuzubereiten!<\/strong><\/p>","protected":false},"excerpt":{"rendered":"<h3 class=\"\" data-start=\"0\" data-end=\"75\"><strong data-start=\"4\" data-end=\"73\">Edelstahl-Couscoussier mit Stein-Effekt-Beschichtung \u2013 12L<\/strong><\/h3>\n<p class=\"translation-block\" data-start=\"77\" data-end=\"403\">Genie\u00dfe authentisches und gesundes Kochen mit dem <strong data-start=\"122\" data-end=\"166\">Royal Swiss Edelstahl-Couscoussier<\/strong>, ausgestattet mit einer <strong data-start=\"180\" data-end=\"213\">Stein-Effekt-Innenbeschichtung<\/strong>. Entwickelt f\u00fcr <strong data-start=\"228\" data-end=\"254\">alle Herdarten<\/strong>, einschlie\u00dflich <strong data-start=\"266\" data-end=\"307\">Induktion, Gas, Elektro und Keramik<\/strong>, ist dieses <strong data-start=\"314\" data-end=\"352\">vielseitige und elegante Couscoussier<\/strong> perfekt zur Zubereitung k\u00f6stlicher Familienmahlzeiten.<\/p>","protected":false},"featured_media":11301,"comment_status":"open","ping_status":"closed","template":"","meta":[],"product_brand":[174],"product_cat":[91],"product_tag":[],"class_list":{"0":"post-11300","1":"product","2":"type-product","3":"status-publish","4":"has-post-thumbnail","6":"product_brand-royal-swiss","7":"product_cat-pot-sets","9":"first","10":"instock","11":"taxable","12":"shipping-taxable","13":"purchasable","14":"product-type-simple"},"jetpack_sharing_enabled":true,"_links":{"self":[{"href":"https:\/\/homix-shop.com\/de\/wp-json\/wp\/v2\/product\/11300","targetHints":{"allow":["GET"]}}],"collection":[{"href":"https:\/\/homix-shop.com\/de\/wp-json\/wp\/v2\/product"}],"about":[{"href":"https:\/\/homix-shop.com\/de\/wp-json\/wp\/v2\/types\/product"}],"replies":[{"embeddable":true,"href":"https:\/\/homix-shop.com\/de\/wp-json\/wp\/v2\/comments?post=11300"}],"version-history":[{"count":1,"href":"https:\/\/homix-shop.com\/de\/wp-json\/wp\/v2\/product\/11300\/revisions"}],"predecessor-version":[{"id":11312,"href":"https:\/\/homix-shop.com\/de\/wp-json\/wp\/v2\/product\/11300\/revisions\/11312"}],"wp:featuredmedia":[{"embeddable":true,"href":"https:\/\/homix-shop.com\/de\/wp-json\/wp\/v2\/media\/11301"}],"wp:attachment":[{"href":"https:\/\/homix-shop.com\/de\/wp-json\/wp\/v2\/media?parent=11300"}],"wp:term":[{"taxonomy":"product_brand","embeddable":true,"href":"https:\/\/homix-shop.com\/de\/wp-json\/wp\/v2\/product_brand?post=11300"},{"taxonomy":"product_cat","embeddable":true,"href":"https:\/\/homix-shop.com\/de\/wp-json\/wp\/v2\/product_cat?post=11300"},{"taxonomy":"product_tag","embeddable":true,"href":"https:\/\/homix-shop.com\/de\/wp-json\/wp\/v2\/product_tag?post=11300"}],"curies":[{"name":"wp","href":"https:\/\/api.w.org\/{rel}","templated":true}]}}