{"id":11279,"date":"2025-04-02T13:59:29","date_gmt":"2025-04-02T13:59:29","guid":{"rendered":"https:\/\/homix-shop.com\/?post_type=product&#038;p=11279"},"modified":"2025-09-08T22:22:52","modified_gmt":"2025-09-08T22:22:52","slug":"kitchen-king-profi-8-piece-knife-set","status":"publish","type":"product","link":"https:\/\/homix-shop.com\/de\/produkt\/kitchen-king-profi-8-piece-knife-set\/","title":{"rendered":"K\u00fcchenk\u00f6nig Profi 8-teiliges Messerset"},"content":{"rendered":"<h3 class=\"\" data-start=\"0\" data-end=\"86\"><strong data-start=\"4\" data-end=\"84\">Kitchen King Profi 8-teiliges Messer-Set \u2013 Pr\u00e4zision &amp; Eleganz f\u00fcr Ihre K\u00fcche<\/strong><\/h3>\n<p class=\"translation-block\" data-start=\"88\" data-end=\"406\">R\u00fcsten Sie Ihre K\u00fcche mit dem <strong data-start=\"118\" data-end=\"150\">Kitchen King Profi Messer-Set<\/strong> auf, das sowohl f\u00fcr Hobbyk\u00f6che als auch f\u00fcr professionelle K\u00f6che entwickelt wurde. Dieses <strong data-start=\"210\" data-end=\"225\">8-teilige Set<\/strong> kombiniert <strong data-start=\"235\" data-end=\"282\">Funktionalit\u00e4t, Pr\u00e4zision und modernes Design<\/strong>, was m\u00fcheloses Schneiden und Zerkleinern garantiert. Der stilvolle Messerblock bietet <strong data-start=\"358\" data-end=\"388\">sichere und organisierte Aufbewahrung<\/strong> f\u00fcr Ihre Werkzeuge.<\/p>\n<h3 class=\"\" data-start=\"408\" data-end=\"431\"><strong data-start=\"412\" data-end=\"429\">Hauptmerkmale:<\/strong><\/h3>\n<p class=\"translation-block\" data-start=\"432\" data-end=\"1200\">\u2705 <strong data-start=\"434\" data-end=\"457\">Vielseitiges Messer-Set<\/strong> \u2013 Beinhaltet ein <strong data-start=\"471\" data-end=\"547\">Kochmesser, Brotmesser, Ausbeinmesser, Universalmesser, Gem\u00fcsemesser<\/strong>, sowie <strong data-start=\"560\" data-end=\"603\">K\u00fcchenschere und einen Wetzstahl<\/strong>, um Ihre Messer rasiermesserscharf zu halten.<br data-start=\"636\" data-end=\"639\">\u2705 <strong data-start=\"641\" data-end=\"675\">Premium Edelstahlklingen<\/strong> \u2013 Rostbest\u00e4ndig, langlebig und f\u00fcr <strong data-start=\"720\" data-end=\"746\">lang anhaltende Sch\u00e4rfe<\/strong> und <strong data-start=\"751\" data-end=\"775\" data-is-only-node=\"\">Korrosionsbest\u00e4ndigkeit<\/strong> entwickelt.<br data-start=\"776\" data-end=\"779\">\u2705 <strong data-start=\"781\" data-end=\"802\">Ergonomische Griffe<\/strong> \u2013 Entwickelt f\u00fcr <strong data-start=\"818\" data-end=\"847\">Komfort und einen sicheren Griff<\/strong>, wodurch Handerm\u00fcdung bei l\u00e4ngerem Gebrauch reduziert wird.<br data-start=\"891\" data-end=\"894\">\u2705 <strong data-start=\"896\" data-end=\"931\">Stilvoller &amp; Praktischer Messerblock<\/strong> \u2013 Eine elegante, platzsparende Aufbewahrungsl\u00f6sung, die Ihre Messer <strong data-start=\"996\" data-end=\"1028\">sicher und leicht zug\u00e4nglich<\/strong> h\u00e4lt.<br data-start=\"1029\" data-end=\"1032\">\u2705 <strong data-start=\"1034\" data-end=\"1062\">Neu &amp; Einsatzbereit<\/strong> \u2013 Wird in <strong data-start=\"1078\" data-end=\"1100\">Originalverpackung<\/strong> geliefert, was es zu einem <strong data-start=\"1114\" data-end=\"1154\">perfekten Geschenk f\u00fcr Kochbegeisterte<\/strong> oder einem eleganten Upgrade f\u00fcr Ihre eigene K\u00fcche macht.<\/p>\n<p class=\"translation-block\" data-start=\"1202\" data-end=\"1302\">\u27a1\ufe0f <strong data-start=\"1205\" data-end=\"1300\">Bringen Sie Pr\u00e4zision und Eleganz in Ihre K\u00fcche mit dem Kitchen King Profi 8-teiligen Messer-Set!<\/strong><\/p>","protected":false},"excerpt":{"rendered":"<h3 class=\"\" data-start=\"0\" data-end=\"86\"><strong data-start=\"4\" data-end=\"84\">Kitchen King Profi 8-teiliges Messer-Set \u2013 Pr\u00e4zision &amp; Eleganz f\u00fcr Ihre K\u00fcche<\/strong><\/h3>\n<p class=\"translation-block\" data-start=\"88\" data-end=\"406\">R\u00fcsten Sie Ihre K\u00fcche mit dem <strong data-start=\"118\" data-end=\"150\">Kitchen King Profi Messer-Set<\/strong> auf, das sowohl f\u00fcr Hobbyk\u00f6che als auch f\u00fcr professionelle K\u00f6che entwickelt wurde. Dieses <strong data-start=\"210\" data-end=\"225\">8-teilige Set<\/strong> kombiniert <strong data-start=\"235\" data-end=\"282\">Funktionalit\u00e4t, Pr\u00e4zision und modernes Design<\/strong>, was m\u00fcheloses Schneiden und Zerkleinern garantiert. Der stilvolle Messerblock bietet <strong data-start=\"358\" data-end=\"388\">sichere und organisierte Aufbewahrung<\/strong> f\u00fcr Ihre Werkzeuge.<\/p>","protected":false},"featured_media":11289,"comment_status":"open","ping_status":"closed","template":"","meta":[],"product_brand":[174],"product_cat":[92],"product_tag":[],"class_list":{"0":"post-11279","1":"product","2":"type-product","3":"status-publish","4":"has-post-thumbnail","6":"product_brand-royal-swiss","7":"product_cat-cutlery","9":"first","10":"instock","11":"taxable","12":"shipping-taxable","13":"purchasable","14":"product-type-simple"},"jetpack_sharing_enabled":true,"_links":{"self":[{"href":"https:\/\/homix-shop.com\/de\/wp-json\/wp\/v2\/product\/11279","targetHints":{"allow":["GET"]}}],"collection":[{"href":"https:\/\/homix-shop.com\/de\/wp-json\/wp\/v2\/product"}],"about":[{"href":"https:\/\/homix-shop.com\/de\/wp-json\/wp\/v2\/types\/product"}],"replies":[{"embeddable":true,"href":"https:\/\/homix-shop.com\/de\/wp-json\/wp\/v2\/comments?post=11279"}],"version-history":[{"count":2,"href":"https:\/\/homix-shop.com\/de\/wp-json\/wp\/v2\/product\/11279\/revisions"}],"predecessor-version":[{"id":11293,"href":"https:\/\/homix-shop.com\/de\/wp-json\/wp\/v2\/product\/11279\/revisions\/11293"}],"wp:featuredmedia":[{"embeddable":true,"href":"https:\/\/homix-shop.com\/de\/wp-json\/wp\/v2\/media\/11289"}],"wp:attachment":[{"href":"https:\/\/homix-shop.com\/de\/wp-json\/wp\/v2\/media?parent=11279"}],"wp:term":[{"taxonomy":"product_brand","embeddable":true,"href":"https:\/\/homix-shop.com\/de\/wp-json\/wp\/v2\/product_brand?post=11279"},{"taxonomy":"product_cat","embeddable":true,"href":"https:\/\/homix-shop.com\/de\/wp-json\/wp\/v2\/product_cat?post=11279"},{"taxonomy":"product_tag","embeddable":true,"href":"https:\/\/homix-shop.com\/de\/wp-json\/wp\/v2\/product_tag?post=11279"}],"curies":[{"name":"wp","href":"https:\/\/api.w.org\/{rel}","templated":true}]}}