{"id":11266,"date":"2025-04-02T11:09:01","date_gmt":"2025-04-02T11:09:01","guid":{"rendered":"https:\/\/homix-shop.com\/?post_type=product&#038;p=11266"},"modified":"2025-09-08T22:22:52","modified_gmt":"2025-09-08T22:22:52","slug":"royal-swiss-bakeware-set-3-pans","status":"publish","type":"product","link":"https:\/\/homix-shop.com\/de\/produkt\/royal-swiss-bakeware-set-3-pans\/","title":{"rendered":"Royal Swiss Backgeschirr-Set \u2013 3-teilig"},"content":{"rendered":"<p class=\"\" data-start=\"0\" data-end=\"65\"><strong data-start=\"0\" data-end=\"63\">Royal Swiss Backgeschirr-Set \u2013 3 Pfannen + 2 hitzebest\u00e4ndige Handschuhe<\/strong><\/p>\n<p class=\"translation-block\" data-start=\"67\" data-end=\"261\">Verbessere dein Backerlebnis mit dem <strong data-start=\"107\" data-end=\"135\">Royal Swiss Backgeschirr-Set<\/strong>! Dieses <strong data-start=\"142\" data-end=\"161\">3-teilige Pfannenset<\/strong> mit <strong data-start=\"167\" data-end=\"194\">2 hitzebest\u00e4ndigen Handschuhen<\/strong> ist ideal, um Kuchen, Kekse und Geb\u00e4ck m\u00fchelos zu backen.<\/p>\n<h3 class=\"\" data-start=\"263\" data-end=\"286\"><strong data-start=\"267\" data-end=\"284\">Hauptmerkmale:<\/strong><\/h3>\n<p class=\"translation-block\" data-start=\"288\" data-end=\"782\">\u2705 <strong data-start=\"290\" data-end=\"324\">Innenbeschichtung aus marmoriertem Antihaftmaterial<\/strong> \u2013 Sorgt f\u00fcr einfaches L\u00f6sen und gleichm\u00e4\u00dfiges Backen ohne \u00fcberm\u00e4\u00dfiges Fett.<br data-start=\"389\" data-end=\"392\">\u2705 <strong data-start=\"394\" data-end=\"429\">Hitzebest\u00e4ndige Au\u00dfenbeschichtung<\/strong> \u2013 Sch\u00fctzt vor hohen Temperaturen und gew\u00e4hrleistet langanhaltende Haltbarkeit.<br data-start=\"503\" data-end=\"506\">\u2705 <strong data-start=\"508\" data-end=\"555\">Energieeffizienter und schnelleres Kochen<\/strong> \u2013 Gleichm\u00e4\u00dfige W\u00e4rmeverteilung f\u00fcr perfekt gebackene Leckereien jedes Mal.<br data-start=\"619\" data-end=\"622\">\u2705 <strong data-start=\"624\" data-end=\"637\">PFOA-frei<\/strong> \u2013 Sichere, ungiftige Materialien f\u00fcr ges\u00fcnderes Kochen.<br data-start=\"688\" data-end=\"691\">\u2705 <strong data-start=\"693\" data-end=\"710\">Leicht zu reinigen<\/strong> \u2013 Antihaftbeschichtung erm\u00f6glicht m\u00fchelose Reinigung, sp\u00fclmaschinengeeignet.<\/p>\n<h3 class=\"\" data-start=\"784\" data-end=\"804\"><strong data-start=\"788\" data-end=\"802\">Pfannengr\u00f6\u00dfen:<\/strong><\/h3>\n<p class=\"\" data-start=\"805\" data-end=\"883\">\u2714 <strong data-start=\"807\" data-end=\"829\">36.5 \u00d7 23 \u00d7 4.8 cm<\/strong><br data-start=\"829\" data-end=\"832\" \/>\u2714 <strong data-start=\"834\" data-end=\"856\">40.5 \u00d7 27 \u00d7 4.5 cm<\/strong><br data-start=\"856\" data-end=\"859\" \/>\u2714 <strong data-start=\"861\" data-end=\"881\">46 \u00d7 29.5 \u00d7 4 cm<\/strong><\/p>\n<p class=\"translation-block\" data-start=\"885\" data-end=\"995\">Hol dir das <strong data-start=\"891\" data-end=\"919\">Royal Swiss Backgeschirr-Set<\/strong> in deine K\u00fcche und genie\u00dfe m\u00fcheloses Backen mit Stil und Komfort!<\/p>","protected":false},"excerpt":{"rendered":"<p class=\"\" data-start=\"0\" data-end=\"65\"><strong data-start=\"0\" data-end=\"63\">Royal Swiss Backgeschirr-Set \u2013 3 Pfannen + 2 hitzebest\u00e4ndige Handschuhe<\/strong><\/p>\n<p class=\"translation-block\" data-start=\"67\" data-end=\"261\">Verbessere dein Backerlebnis mit dem <strong data-start=\"107\" data-end=\"135\">Royal Swiss Backgeschirr-Set<\/strong>! Dieses <strong data-start=\"142\" data-end=\"161\">3-teilige Pfannenset<\/strong> mit <strong data-start=\"167\" data-end=\"194\">2 hitzebest\u00e4ndigen Handschuhen<\/strong> ist ideal, um Kuchen, Kekse und Geb\u00e4ck m\u00fchelos zu backen.<\/p>","protected":false},"featured_media":11267,"comment_status":"open","ping_status":"closed","template":"","meta":[],"product_brand":[174],"product_cat":[91],"product_tag":[],"class_list":{"0":"post-11266","1":"product","2":"type-product","3":"status-publish","4":"has-post-thumbnail","6":"product_brand-royal-swiss","7":"product_cat-pot-sets","9":"first","10":"instock","11":"taxable","12":"shipping-taxable","13":"purchasable","14":"product-type-simple"},"jetpack_sharing_enabled":true,"_links":{"self":[{"href":"https:\/\/homix-shop.com\/de\/wp-json\/wp\/v2\/product\/11266","targetHints":{"allow":["GET"]}}],"collection":[{"href":"https:\/\/homix-shop.com\/de\/wp-json\/wp\/v2\/product"}],"about":[{"href":"https:\/\/homix-shop.com\/de\/wp-json\/wp\/v2\/types\/product"}],"replies":[{"embeddable":true,"href":"https:\/\/homix-shop.com\/de\/wp-json\/wp\/v2\/comments?post=11266"}],"version-history":[{"count":2,"href":"https:\/\/homix-shop.com\/de\/wp-json\/wp\/v2\/product\/11266\/revisions"}],"predecessor-version":[{"id":11271,"href":"https:\/\/homix-shop.com\/de\/wp-json\/wp\/v2\/product\/11266\/revisions\/11271"}],"wp:featuredmedia":[{"embeddable":true,"href":"https:\/\/homix-shop.com\/de\/wp-json\/wp\/v2\/media\/11267"}],"wp:attachment":[{"href":"https:\/\/homix-shop.com\/de\/wp-json\/wp\/v2\/media?parent=11266"}],"wp:term":[{"taxonomy":"product_brand","embeddable":true,"href":"https:\/\/homix-shop.com\/de\/wp-json\/wp\/v2\/product_brand?post=11266"},{"taxonomy":"product_cat","embeddable":true,"href":"https:\/\/homix-shop.com\/de\/wp-json\/wp\/v2\/product_cat?post=11266"},{"taxonomy":"product_tag","embeddable":true,"href":"https:\/\/homix-shop.com\/de\/wp-json\/wp\/v2\/product_tag?post=11266"}],"curies":[{"name":"wp","href":"https:\/\/api.w.org\/{rel}","templated":true}]}}