{"id":11201,"date":"2025-03-23T17:31:40","date_gmt":"2025-03-23T17:31:40","guid":{"rendered":"https:\/\/homix-shop.com\/?post_type=product&#038;p=11201"},"modified":"2025-09-08T22:22:52","modified_gmt":"2025-09-08T22:22:52","slug":"royal-swiss-3-5l-air-fryer","status":"publish","type":"product","link":"https:\/\/homix-shop.com\/de\/produkt\/royal-swiss-3-5l-air-fryer\/","title":{"rendered":"Royal Swiss 3,5L Hei\u00dfluftfritteuse"},"content":{"rendered":"<p class=\"\" data-start=\"0\" data-end=\"69\"><strong data-start=\"0\" data-end=\"69\">Royal Swiss 3,5L Hei\u00dfluftfritteuse \u2013 Ges\u00fcnder kochen, k\u00f6stliche Ergebnisse<\/strong><\/p>\n<p class=\"translation-block\" data-start=\"71\" data-end=\"335\">Entdecke die Royal Swiss 3,5L Hei\u00dfluftfritteuse \u2013 das unverzichtbare K\u00fcchenger\u00e4t f\u00fcr gesundes und geschmackvolles Kochen! Mit ihrer fortschrittlichen Technologie kannst du deine Lieblingsgerichte mit wenig bis gar keinem \u00d6l zubereiten und trotzdem eine knusprige Textur und k\u00f6stlichen Geschmack erzielen<\/p>\n<h3 class=\"\" data-start=\"337\" data-end=\"358\"><strong data-start=\"341\" data-end=\"358\">Hauptmerkmale:<\/strong><\/h3>\n<p class=\"translation-block\" data-start=\"360\" data-end=\"1051\">\u2705 <strong data-start=\"362\" data-end=\"379\">3,5L Kapazit\u00e4t<\/strong> \u2013 Perfekt f\u00fcr das Kochen f\u00fcr die ganze Familie oder das Empfangen von Freunden, bietet ausreichend Platz f\u00fcr Ihre Mahlzeiten.<br data-start=\"479\" data-end=\"482\">\u2705 <strong data-start=\"484\" data-end=\"502\">Elegantes Design<\/strong> \u2013 Erh\u00e4ltlich in zwei raffinierten Farben, <strong data-start=\"538\" data-end=\"547\">Schwarz<\/strong> und <strong data-start=\"552\" data-end=\"561\">Wei\u00df<\/strong>, die nahtlos in Ihre K\u00fccheneinrichtung passen.<br data-start=\"607\" data-end=\"610\">\u2705 <strong data-start=\"612\" data-end=\"627\">Benutzerfreundlichkeit<\/strong> \u2013 Ausgestattet mit einem intuitiven Bedienfeld und voreingestellten Programmen f\u00fcr m\u00fcheloses Kochen.<br data-start=\"716\" data-end=\"719\">\u2705 <strong data-start=\"721\" data-end=\"739\">Optimale Sicherheit<\/strong> \u2013 Isolierter Griff und Au\u00dfenseite, um Verbrennungen zu verhindern, mit einem automatischen Abschaltsystem f\u00fcr zus\u00e4tzliche Sicherheit.<br data-start=\"842\" data-end=\"845\">\u2705 <strong data-start=\"847\" data-end=\"867\">Einfache Wartung<\/strong> \u2013 Abnehmbarer, antihaftbeschichteter Kochtopf f\u00fcr schnelle und m\u00fchelose Reinigung.<br data-start=\"939\" data-end=\"942\">\u2705 <strong data-start=\"944\" data-end=\"959\">Vielseitigkeit<\/strong> \u2013 Frittieren, Grillen, R\u00f6sten und Backen einer Vielzahl von Gerichten, von knusprigen Pommes bis hin zu gegrilltem Gem\u00fcse.<\/p>\n<p class=\"translation-block\" data-start=\"1053\" data-end=\"1237\">Mit der <strong data-start=\"1062\" data-end=\"1092\">Royal Swiss 3,5L Hei\u00dfluftfritteuse<\/strong> genie\u00dfen Sie ges\u00fcndere Mahlzeiten, ohne auf den Geschmack zu verzichten. Ihr elegantes Design und die fortschrittlichen Funktionen machen sie zu einem unverzichtbaren Bestandteil jeder modernen K\u00fcche.<\/p>","protected":false},"excerpt":{"rendered":"<p class=\"\" data-start=\"0\" data-end=\"69\"><strong data-start=\"0\" data-end=\"69\">Royal Swiss 3,5L Hei\u00dfluftfritteuse \u2013 Ges\u00fcnder kochen, k\u00f6stliche Ergebnisse<\/strong><\/p>\n<p class=\"translation-block\" data-start=\"71\" data-end=\"335\">Entdecke die Royal Swiss 3,5L Hei\u00dfluftfritteuse \u2013 das unverzichtbare K\u00fcchenger\u00e4t f\u00fcr gesundes und geschmackvolles Kochen! Mit ihrer fortschrittlichen Technologie kannst du deine Lieblingsgerichte mit wenig bis gar keinem \u00d6l zubereiten und trotzdem eine knusprige Textur und k\u00f6stlichen Geschmack erzielen<\/p>","protected":false},"featured_media":11202,"comment_status":"open","ping_status":"closed","template":"","meta":[],"product_brand":[174],"product_cat":[84],"product_tag":[],"class_list":{"0":"post-11201","1":"product","2":"type-product","3":"status-publish","4":"has-post-thumbnail","6":"product_brand-royal-swiss","7":"product_cat-air-fryer","9":"first","10":"instock","11":"taxable","12":"shipping-taxable","13":"purchasable","14":"product-type-simple"},"jetpack_sharing_enabled":true,"_links":{"self":[{"href":"https:\/\/homix-shop.com\/de\/wp-json\/wp\/v2\/product\/11201","targetHints":{"allow":["GET"]}}],"collection":[{"href":"https:\/\/homix-shop.com\/de\/wp-json\/wp\/v2\/product"}],"about":[{"href":"https:\/\/homix-shop.com\/de\/wp-json\/wp\/v2\/types\/product"}],"replies":[{"embeddable":true,"href":"https:\/\/homix-shop.com\/de\/wp-json\/wp\/v2\/comments?post=11201"}],"version-history":[{"count":1,"href":"https:\/\/homix-shop.com\/de\/wp-json\/wp\/v2\/product\/11201\/revisions"}],"predecessor-version":[{"id":11203,"href":"https:\/\/homix-shop.com\/de\/wp-json\/wp\/v2\/product\/11201\/revisions\/11203"}],"wp:featuredmedia":[{"embeddable":true,"href":"https:\/\/homix-shop.com\/de\/wp-json\/wp\/v2\/media\/11202"}],"wp:attachment":[{"href":"https:\/\/homix-shop.com\/de\/wp-json\/wp\/v2\/media?parent=11201"}],"wp:term":[{"taxonomy":"product_brand","embeddable":true,"href":"https:\/\/homix-shop.com\/de\/wp-json\/wp\/v2\/product_brand?post=11201"},{"taxonomy":"product_cat","embeddable":true,"href":"https:\/\/homix-shop.com\/de\/wp-json\/wp\/v2\/product_cat?post=11201"},{"taxonomy":"product_tag","embeddable":true,"href":"https:\/\/homix-shop.com\/de\/wp-json\/wp\/v2\/product_tag?post=11201"}],"curies":[{"name":"wp","href":"https:\/\/api.w.org\/{rel}","templated":true}]}}