{"id":11136,"date":"2025-03-23T07:12:37","date_gmt":"2025-03-23T07:12:37","guid":{"rendered":"https:\/\/homix-shop.com\/?post_type=product&#038;p=11136"},"modified":"2026-02-12T19:01:31","modified_gmt":"2026-02-12T19:01:31","slug":"royal-swiss-pressure-cooker-10l","status":"publish","type":"product","link":"https:\/\/homix-shop.com\/de\/produkt\/royal-swiss-pressure-cooker-10l\/","title":{"rendered":"Royal Swiss \u2013 Elektrischer Schnellkochtopf"},"content":{"rendered":"<p class=\"\" data-start=\"0\" data-end=\"53\"><strong data-start=\"0\" data-end=\"53\">Schnellkochtopf 10L Cocotte Clips von Royal Swiss Pressure Cooker\n\nErleben Sie effizientes und sicheres Kochen mit dem Schnellkochtopf von Royal Swiss. Dieser Schnellkochtopf erf\u00fcllt Ihre K\u00fcchenanforderungen und sorgt f\u00fcr ein sicheres und angenehmes Kocherlebnis.<\/strong><\/p>\n<p class=\"\" data-start=\"55\" data-end=\"302\">Experience the efficiency and safety of cooking with the <strong>Royal Swiss Pressure Cooker<\/strong>, this pressure cooker is designed to meet your kitchen needs while ensuring a safe and enjoyable cooking experience.<\/p>\n<h3 class=\"\" data-start=\"304\" data-end=\"321\">Hauptmerkmale:<\/h3>\n<ul data-start=\"322\" data-end=\"1010\">\n<li class=\"\" data-start=\"407\" data-end=\"517\">\n<p class=\"translation-block\" data-start=\"409\" data-end=\"517\">Material: Hergestellt aus hochwertigem Edelstahl f\u00fcr Langlebigkeit und dauerhafte Leistung.\n\nInnenbeschichtung: Die Steinbeschichtung sorgt f\u00fcr eine antihaftbeschichtete, gesundheitsschonende Kochfl\u00e4che f\u00fcr einfaches Zubereiten.\n\nDrehgriff: Erm\u00f6glicht m\u00fcheloses \u00d6ffnen und Schlie\u00dfen.\n\nSicherheitsventil: Das integrierte Sicherheitsventil sorgt f\u00fcr einen sicheren Kochvorgang und gibt Ihnen ein gutes Gef\u00fchl.\n\nKompatibilit\u00e4t: Funktioniert auf allen Kochfeldern, einschlie\u00dflich Gas-, Elektro-, Induktions- und Glaskeramikkochfeldern.\n\nPflegeleicht: Sp\u00fclmaschinenfest f\u00fcr m\u00fcheloses Reinigen.\n\nDer Swiss Electro Schnellkochtopf bietet effizientes und sicheres Kochen und ist ein Muss f\u00fcr jede moderne K\u00fcche.<\/p>\n<\/li>\n<li class=\"\" data-start=\"518\" data-end=\"645\">\n<p class=\"\" data-start=\"520\" data-end=\"645\"><strong data-start=\"520\" data-end=\"541\">Interior Coating:<\/strong> The <strong data-start=\"546\" data-end=\"563\">stone coating<\/strong> provides a non-stick, health-conscious cooking surface for easy meal preparation.<\/p>\n<\/li>\n<li class=\"\" data-start=\"646\" data-end=\"729\">\n<p class=\"\" data-start=\"648\" data-end=\"729\"><strong data-start=\"648\" data-end=\"668\">Rotating Handle:<\/strong> Ensures effortless opening and closing for your convenience.<\/p>\n<\/li>\n<li class=\"\" data-start=\"730\" data-end=\"829\">\n<p class=\"\" data-start=\"732\" data-end=\"829\"><strong data-start=\"732\" data-end=\"749\">Safety Valve:<\/strong> Built-in safety valve ensures a safe cooking process, giving you peace of mind.<\/p>\n<\/li>\n<li class=\"\" data-start=\"830\" data-end=\"944\">\n<p class=\"\" data-start=\"832\" data-end=\"944\"><strong data-start=\"832\" data-end=\"850\">Compatibility:<\/strong> Works on all cooking surfaces, including gas, electric, induction, and vitroceramic cooktops.<\/p>\n<\/li>\n<li class=\"\" data-start=\"945\" data-end=\"1010\">\n<p class=\"\" data-start=\"947\" data-end=\"1010\"><strong data-start=\"947\" data-end=\"968\">Easy Maintenance:<\/strong> Dishwasher-safe for hassle-free cleaning.<\/p>\n<\/li>\n<\/ul>\n<p class=\"\" data-start=\"1012\" data-end=\"1145\">The <strong data-start=\"1016\" data-end=\"1049\">Swiss Electro Pressure Cooker<\/strong> offers an efficient and secure cooking experience, making it a must-have in any modern kitchen.<\/p>","protected":false},"excerpt":{"rendered":"<p class=\"\" data-start=\"0\" data-end=\"53\"><strong data-start=\"0\" data-end=\"53\">Schnellkochtopf 10L Cocotte Clips von Royal Swiss Pressure Cooker\n\nErleben Sie effizientes und sicheres Kochen mit dem Schnellkochtopf von Royal Swiss. Dieser Schnellkochtopf erf\u00fcllt Ihre K\u00fcchenanforderungen und sorgt f\u00fcr ein sicheres und angenehmes Kocherlebnis.<\/strong><\/p>\n<p class=\"translation-block\" data-start=\"55\" data-end=\"302\">Schnellkochtopf 10L Cocotte Clips von Royal Swiss Pressure Cooker\n\nErleben Sie effizientes und sicheres Kochen mit dem Schnellkochtopf von Royal Swiss. Dieser Schnellkochtopf erf\u00fcllt Ihre K\u00fcchenanforderungen und sorgt f\u00fcr ein sicheres und angenehmes Kocherlebnis.<\/p>\n<h3 class=\"\" data-start=\"304\" data-end=\"321\"><\/h3>","protected":false},"featured_media":11137,"comment_status":"open","ping_status":"closed","template":"","meta":[],"product_brand":[],"product_cat":[194],"product_tag":[],"class_list":{"0":"post-11136","1":"product","2":"type-product","3":"status-publish","4":"has-post-thumbnail","6":"product_cat-pressure-cooker","8":"first","9":"instock","10":"taxable","11":"shipping-taxable","12":"purchasable","13":"product-type-simple"},"jetpack_sharing_enabled":true,"_links":{"self":[{"href":"https:\/\/homix-shop.com\/de\/wp-json\/wp\/v2\/product\/11136","targetHints":{"allow":["GET"]}}],"collection":[{"href":"https:\/\/homix-shop.com\/de\/wp-json\/wp\/v2\/product"}],"about":[{"href":"https:\/\/homix-shop.com\/de\/wp-json\/wp\/v2\/types\/product"}],"replies":[{"embeddable":true,"href":"https:\/\/homix-shop.com\/de\/wp-json\/wp\/v2\/comments?post=11136"}],"version-history":[{"count":5,"href":"https:\/\/homix-shop.com\/de\/wp-json\/wp\/v2\/product\/11136\/revisions"}],"predecessor-version":[{"id":11807,"href":"https:\/\/homix-shop.com\/de\/wp-json\/wp\/v2\/product\/11136\/revisions\/11807"}],"wp:featuredmedia":[{"embeddable":true,"href":"https:\/\/homix-shop.com\/de\/wp-json\/wp\/v2\/media\/11137"}],"wp:attachment":[{"href":"https:\/\/homix-shop.com\/de\/wp-json\/wp\/v2\/media?parent=11136"}],"wp:term":[{"taxonomy":"product_brand","embeddable":true,"href":"https:\/\/homix-shop.com\/de\/wp-json\/wp\/v2\/product_brand?post=11136"},{"taxonomy":"product_cat","embeddable":true,"href":"https:\/\/homix-shop.com\/de\/wp-json\/wp\/v2\/product_cat?post=11136"},{"taxonomy":"product_tag","embeddable":true,"href":"https:\/\/homix-shop.com\/de\/wp-json\/wp\/v2\/product_tag?post=11136"}],"curies":[{"name":"wp","href":"https:\/\/api.w.org\/{rel}","templated":true}]}}