{"id":11129,"date":"2025-03-23T06:51:39","date_gmt":"2025-03-23T06:51:39","guid":{"rendered":"https:\/\/homix-shop.com\/?post_type=product&#038;p=11129"},"modified":"2025-09-08T22:24:03","modified_gmt":"2025-09-08T22:24:03","slug":"royal-swiss-double-induction-cooker","status":"publish","type":"product","link":"https:\/\/homix-shop.com\/de\/produkt\/royal-swiss-double-induction-cooker\/","title":{"rendered":"Royal Swiss \u2013 Doppel-Induktionsherd"},"content":{"rendered":"<p class=\"\" data-start=\"0\" data-end=\"81\"><strong>Royal Swiss \u2013 Doppel-Induktionsherd<\/strong><\/p>\n<p class=\"translation-block\" data-start=\"83\" data-end=\"351\">F\u00fcr Kochbegeisterte und Genie\u00dfer entwickelt, verk\u00f6rpert unser <strong>doppeltes Induktionskochfeld<\/strong> Innovation und Vielseitigkeit. Mit modernster Technologie und elegantem Design bietet es ein erstklassiges Kocherlebnis, das die Grenzen der Kreativit\u00e4t in der K\u00fcche neu definiert.<\/p>\n<h3 class=\"\" data-start=\"353\" data-end=\"375\"><strong data-start=\"357\" data-end=\"375\">Hauptmerkmale:<\/strong><\/h3>\n<ul data-start=\"377\" data-end=\"1328\">\n<li class=\"\" data-start=\"377\" data-end=\"656\">\n<p class=\"translation-block\" data-start=\"379\" data-end=\"656\"><strong>Pr\u00e4zise und sofortige Hitze:<\/strong> Beide Induktionszonen liefern pr\u00e4zise und sofortige W\u00e4rme, sodass Sie die Temperatur jedes Gerichts mit h\u00f6chster Genauigkeit steuern k\u00f6nnen. Ob scharfes Anbraten, sanftes K\u00f6cheln oder zartes Schmelzen \u2013 unser Doppelkochfeld erf\u00fcllt all Ihre kulinarischen Anforderungen.<\/p>\n<\/li>\n<li class=\"\" data-start=\"660\" data-end=\"874\">\n<p class=\"translation-block\" data-start=\"662\" data-end=\"874\"><strong>Elegante vitrokeramische Glasoberfl\u00e4che:<\/strong> Die glatte Glas-Keramik-Oberfl\u00e4che verleiht Ihrer K\u00fcche ein modernes, schlankes Erscheinungsbild. Sie ist besonders leicht zu reinigen und sorgt daf\u00fcr, dass Ihr Kochbereich nach jeder Nutzung makellos bleibt.<\/p>\n<\/li>\n<li class=\"\" data-start=\"876\" data-end=\"1126\">\n<p class=\"translation-block\" data-start=\"878\" data-end=\"1126\"><strong>Intuitive Touch-Bedienung:<\/strong> Mit intuitiven Touch-Steuerungen k\u00f6nnen Sie die Temperatur, Zeit und weitere Einstellungen schnell und pr\u00e4zise anpassen. Timer-Funktionen sorgen f\u00fcr ein entspanntes Kocherlebnis und geben Ihnen die Freiheit, sich ganz auf die Kreation au\u00dfergew\u00f6hnlicher Geschmacksrichtungen zu konzentrieren.<\/p>\n<\/li>\n<li class=\"\" data-start=\"1128\" data-end=\"1328\">\n<p class=\"translation-block\" data-start=\"1130\" data-end=\"1328\"><strong>Energieeffizienz:<\/strong> Das Kochen mit Induktion ist bekannt f\u00fcr seine Schnelligkeit und Energieeffizienz. Mit unserem Doppelkochfeld k\u00f6nnen Sie k\u00f6stliche Gerichte in Rekordzeit zubereiten und gleichzeitig Energie sparen.<\/p>\n<\/li>\n<\/ul>\n<h3 class=\"\" data-start=\"1330\" data-end=\"1378\"><strong data-start=\"1334\" data-end=\"1378\">Warum unser Doppel-Induktionskochfeld die beste Wahl ist<\/strong><\/h3>\n<p class=\"translation-block\" data-start=\"1379\" data-end=\"1686\">Egal, ob Sie ein Hobbykoch sind, der gerne in der K\u00fcche experimentiert, oder ein Profi, der Pr\u00e4zision und Effizienz sucht \u2013 unser <strong>doppeltes Induktionskochfeld<\/strong> wird schnell zu Ihrem unverzichtbaren Kochwerkzeug. Es verwandelt Ihre K\u00fcche in ein Versuchslabor, in dem jedes Gericht ein kulinarisches Meisterwerk wird.<\/p>","protected":false},"excerpt":{"rendered":"<p class=\"\" data-start=\"0\" data-end=\"81\"><strong>Royal Swiss \u2013 Doppel-Induktionsherd<\/strong><\/p>\n<p class=\"translation-block\" data-start=\"83\" data-end=\"351\">F\u00fcr Kochbegeisterte und Genie\u00dfer entwickelt, verk\u00f6rpert unser <strong>doppeltes Induktionskochfeld<\/strong> Innovation und Vielseitigkeit. Mit modernster Technologie und elegantem Design bietet es ein erstklassiges Kocherlebnis, das die Grenzen der Kreativit\u00e4t in der K\u00fcche neu definiert.<\/p>","protected":false},"featured_media":11130,"comment_status":"open","ping_status":"closed","template":"","meta":[],"product_brand":[174],"product_cat":[198],"product_tag":[],"class_list":{"0":"post-11129","1":"product","2":"type-product","3":"status-publish","4":"has-post-thumbnail","6":"product_brand-royal-swiss","7":"product_cat-induction-cooker","9":"first","10":"instock","11":"sale","12":"taxable","13":"shipping-taxable","14":"purchasable","15":"product-type-simple"},"jetpack_sharing_enabled":true,"_links":{"self":[{"href":"https:\/\/homix-shop.com\/de\/wp-json\/wp\/v2\/product\/11129","targetHints":{"allow":["GET"]}}],"collection":[{"href":"https:\/\/homix-shop.com\/de\/wp-json\/wp\/v2\/product"}],"about":[{"href":"https:\/\/homix-shop.com\/de\/wp-json\/wp\/v2\/types\/product"}],"replies":[{"embeddable":true,"href":"https:\/\/homix-shop.com\/de\/wp-json\/wp\/v2\/comments?post=11129"}],"version-history":[{"count":2,"href":"https:\/\/homix-shop.com\/de\/wp-json\/wp\/v2\/product\/11129\/revisions"}],"predecessor-version":[{"id":11505,"href":"https:\/\/homix-shop.com\/de\/wp-json\/wp\/v2\/product\/11129\/revisions\/11505"}],"wp:featuredmedia":[{"embeddable":true,"href":"https:\/\/homix-shop.com\/de\/wp-json\/wp\/v2\/media\/11130"}],"wp:attachment":[{"href":"https:\/\/homix-shop.com\/de\/wp-json\/wp\/v2\/media?parent=11129"}],"wp:term":[{"taxonomy":"product_brand","embeddable":true,"href":"https:\/\/homix-shop.com\/de\/wp-json\/wp\/v2\/product_brand?post=11129"},{"taxonomy":"product_cat","embeddable":true,"href":"https:\/\/homix-shop.com\/de\/wp-json\/wp\/v2\/product_cat?post=11129"},{"taxonomy":"product_tag","embeddable":true,"href":"https:\/\/homix-shop.com\/de\/wp-json\/wp\/v2\/product_tag?post=11129"}],"curies":[{"name":"wp","href":"https:\/\/api.w.org\/{rel}","templated":true}]}}