{"id":11103,"date":"2025-03-23T06:27:28","date_gmt":"2025-03-23T06:27:28","guid":{"rendered":"https:\/\/homix-shop.com\/?post_type=product&#038;p=11103"},"modified":"2025-09-08T22:24:03","modified_gmt":"2025-09-08T22:24:03","slug":"royal-swiss-stainless-steel-pressure-cooker","status":"publish","type":"product","link":"https:\/\/homix-shop.com\/de\/produkt\/royal-swiss-stainless-steel-pressure-cooker\/","title":{"rendered":"Royal Swiss Edelstahl-Schnellkochtopf"},"content":{"rendered":"<h3 class=\"\" data-start=\"0\" data-end=\"88\"><strong data-start=\"4\" data-end=\"86\">Royal Swiss Edelstahl-Schnellkochtopf \u2013 Erh\u00e4ltlich in 4, 6, 8 &amp; 10 Litern<\/strong><\/h3>\n<p class=\"\" data-start=\"90\" data-end=\"373\">Upgrade your kitchen with the <strong data-start=\"120\" data-end=\"167\">Royal Swiss Edelstahl-Schnellkochtopf<\/strong>, a perfect blend of <strong data-start=\"188\" data-end=\"233\">durability, efficiency, and modern design<\/strong>. Available in <strong data-start=\"248\" data-end=\"294\">four practical sizes (4L, 6L, 8L, and 10L)<\/strong>, this pressure cooker is an essential tool for <strong data-start=\"342\" data-end=\"370\">fast and healthy cooking<\/strong>.<\/p>\n<h4 class=\"\" data-start=\"375\" data-end=\"399\"><strong data-start=\"380\" data-end=\"397\">Hauptmerkmale:<\/strong><\/h4>\n<p class=\"translation-block\" data-start=\"400\" data-end=\"1006\">\u2714 <strong data-start=\"402\" data-end=\"436\">Hochwertige Edelstahlverarbeitung:<\/strong> Gew\u00e4hrleistet <strong data-start=\"445\" data-end=\"472\">langanhaltende Haltbarkeit<\/strong> und <strong data-start=\"477\" data-end=\"501\">Korrosionsbest\u00e4ndigkeit<\/strong>.<br data-start=\"502\" data-end=\"505\">\n\u2714 <strong data-start=\"507\" data-end=\"538\">Vielseitige Fassungsverm\u00f6gen:<\/strong> W\u00e4hlen Sie zwischen <strong data-start=\"551\" data-end=\"573\">4L, 6L, 8L oder 10L<\/strong> \u2013 ideal f\u00fcr <strong data-start=\"584\" data-end=\"619\">Familienmahlzeiten und Dinnerpartys<\/strong>.<br data-start=\"620\" data-end=\"623\">\n\u2714 <strong data-start=\"625\" data-end=\"654\">Schnelles &amp; effizientes Kochen:<\/strong> Verk\u00fcrzt die Kochzeit und <strong data-start=\"682\" data-end=\"727\">erh\u00e4lt dabei wichtige N\u00e4hrstoffe und Aromen<\/strong>.<br data-start=\"728\" data-end=\"731\">\n\u2714 <strong data-start=\"733\" data-end=\"762\">Fortschrittliche Sicherheitsfunktionen:<\/strong> Entwickelt f\u00fcr <strong data-start=\"776\" data-end=\"801\" data-is-only-node=\"\">sicheren und sorgenfreien<\/strong> Betrieb.<br data-start=\"812\" data-end=\"815\">\n\u2714 <strong data-start=\"817\" data-end=\"835\">Leicht zu reinigen:<\/strong> Die <strong data-start=\"836\" data-end=\"863\">Edelstahloberfl\u00e4che<\/strong> erm\u00f6glicht eine schnelle und unkomplizierte Reinigung.<br data-start=\"901\" data-end=\"904\">\n\u2714 <strong data-start=\"906\" data-end=\"935\">Perfekt f\u00fcr alle Kochfelder:<\/strong> Kompatibel mit <strong data-start=\"952\" data-end=\"1003\">Gas-, Elektro-, Keramik- und Induktionsherden<\/strong>.<\/p>\n<hr class=\"\" data-start=\"1008\" data-end=\"1013\" \/>\n<h3 class=\"\" data-start=\"1015\" data-end=\"1068\"><strong data-start=\"1019\" data-end=\"1066\">Warum den Royal Swiss Schnellkochtopf w\u00e4hlen?<\/strong><\/h3>\n<p class=\"translation-block\" data-start=\"1069\" data-end=\"1244\">Egal, ob Sie <strong data-start=\"1091\" data-end=\"1152\">reichhaltige Eint\u00f6pfe, geschmackvolle Suppen oder zarte ged\u00e4mpfte Gem\u00fcse<\/strong> zubereiten \u2013 dieser Schnellkochtopf bietet <strong data-start=\"1182\" data-end=\"1241\">Pr\u00e4zision, Zuverl\u00e4ssigkeit und au\u00dfergew\u00f6hnliche Kochergebnisse<\/strong>.<\/p>\n<p class=\"translation-block\" data-start=\"1246\" data-end=\"1344\">\u2705 <strong data-start=\"1248\" data-end=\"1271\">Spart Zeit &amp; Energie<\/strong><br data-start=\"1271\" data-end=\"1274\">\n\u2705 <strong data-start=\"1276\" data-end=\"1310\">Erh\u00e4lt Vitamine &amp; N\u00e4hrstoffe<\/strong><br data-start=\"1310\" data-end=\"1313\">\n\u2705 <strong data-start=\"1315\" data-end=\"1342\">Elegantes &amp; modernes Design<\/strong><\/p>\n<p class=\"translation-block\" data-start=\"1346\" data-end=\"1456\">Holen Sie sich den <strong data-start=\"1361\" data-end=\"1392\">Royal Swiss Schnellkochtopf<\/strong> nach Hause und <strong data-start=\"1397\" data-end=\"1454\">verwandeln Sie Ihre t\u00e4glichen Mahlzeiten in ein Gourmet-Erlebnis!<\/strong><\/p>","protected":false},"excerpt":{"rendered":"<h3 class=\"\" data-start=\"0\" data-end=\"88\"><strong data-start=\"4\" data-end=\"86\">Royal Swiss Edelstahl-Schnellkochtopf \u2013 Erh\u00e4ltlich in 4, 6, 8 &amp; 10 Litern<\/strong><\/h3>\n<p class=\"\" data-start=\"90\" data-end=\"373\">Upgrade your kitchen with the <strong data-start=\"120\" data-end=\"167\">Royal Swiss Edelstahl-Schnellkochtopf<\/strong>, a perfect blend of <strong data-start=\"188\" data-end=\"233\">durability, efficiency, and modern design<\/strong>. Available in <strong data-start=\"248\" data-end=\"294\">four practical sizes (4L, 6L, 8L, and 10L)<\/strong>, this pressure cooker is an essential tool for <strong data-start=\"342\" data-end=\"370\">fast and healthy cooking<\/strong>.<\/p>","protected":false},"featured_media":11104,"comment_status":"open","ping_status":"closed","template":"","meta":[],"product_brand":[174],"product_cat":[194],"product_tag":[],"class_list":{"0":"post-11103","1":"product","2":"type-product","3":"status-publish","4":"has-post-thumbnail","6":"product_brand-royal-swiss","7":"product_cat-pressure-cooker","9":"first","10":"instock","11":"taxable","12":"shipping-taxable","13":"purchasable","14":"product-type-variable"},"jetpack_sharing_enabled":true,"_links":{"self":[{"href":"https:\/\/homix-shop.com\/de\/wp-json\/wp\/v2\/product\/11103","targetHints":{"allow":["GET"]}}],"collection":[{"href":"https:\/\/homix-shop.com\/de\/wp-json\/wp\/v2\/product"}],"about":[{"href":"https:\/\/homix-shop.com\/de\/wp-json\/wp\/v2\/types\/product"}],"replies":[{"embeddable":true,"href":"https:\/\/homix-shop.com\/de\/wp-json\/wp\/v2\/comments?post=11103"}],"version-history":[{"count":2,"href":"https:\/\/homix-shop.com\/de\/wp-json\/wp\/v2\/product\/11103\/revisions"}],"predecessor-version":[{"id":11581,"href":"https:\/\/homix-shop.com\/de\/wp-json\/wp\/v2\/product\/11103\/revisions\/11581"}],"wp:featuredmedia":[{"embeddable":true,"href":"https:\/\/homix-shop.com\/de\/wp-json\/wp\/v2\/media\/11104"}],"wp:attachment":[{"href":"https:\/\/homix-shop.com\/de\/wp-json\/wp\/v2\/media?parent=11103"}],"wp:term":[{"taxonomy":"product_brand","embeddable":true,"href":"https:\/\/homix-shop.com\/de\/wp-json\/wp\/v2\/product_brand?post=11103"},{"taxonomy":"product_cat","embeddable":true,"href":"https:\/\/homix-shop.com\/de\/wp-json\/wp\/v2\/product_cat?post=11103"},{"taxonomy":"product_tag","embeddable":true,"href":"https:\/\/homix-shop.com\/de\/wp-json\/wp\/v2\/product_tag?post=11103"}],"curies":[{"name":"wp","href":"https:\/\/api.w.org\/{rel}","templated":true}]}}