{"id":11095,"date":"2025-03-23T06:04:45","date_gmt":"2025-03-23T06:04:45","guid":{"rendered":"https:\/\/homix-shop.com\/?post_type=product&#038;p=11095"},"modified":"2025-09-08T22:24:03","modified_gmt":"2025-09-08T22:24:03","slug":"royal-swiss-9l-3-tier-stainless-steel-food-steamer","status":"publish","type":"product","link":"https:\/\/homix-shop.com\/de\/produkt\/royal-swiss-9l-3-tier-stainless-steel-food-steamer\/","title":{"rendered":"Royal Swiss \u2013 9L 3-Tier Stainless Steel Food Steamer"},"content":{"rendered":"<h3 class=\"\" data-start=\"0\" data-end=\"62\"><strong data-start=\"4\" data-end=\"60\">Royal Swiss \u2013 9L 3-Tier Stainless Steel Food Steamer<\/strong><\/h3>\n<p class=\"translation-block\" data-start=\"64\" data-end=\"378\">Experience <strong>gesunde und geschmackvolle Zubereitung<\/strong> mit dem <strong>Royal Swiss 3-st\u00f6ckigen Dampfgarer<\/strong>. Entwickelt f\u00fcr <strong>n\u00e4hrstoffreiche Mahlzeiten<\/strong>, erm\u00f6glicht dieser <strong>800W Edelstahl-Dampfgarer<\/strong> die Zubereitung verschiedenster Speisen \u2013 von <strong>knackigem Gem\u00fcse bis zartem Fisch<\/strong> \u2013 und bewahrt dabei ihre <strong>essentiellen Vitamine und nat\u00fcrlichen Aromen<\/strong>.<\/p>\n<h4 class=\"\" data-start=\"380\" data-end=\"404\"><strong data-start=\"385\" data-end=\"402\">Hauptmerkmale:<\/strong><\/h4>\n<p class=\"translation-block\" data-start=\"405\" data-end=\"1168\">\u2714 <strong>Dreistufiges Garen:<\/strong> Bereiten Sie <strong>verschiedene Speisen gleichzeitig<\/strong> zu, ohne dass sich Aromen vermischen.<br>\n\u2714 <strong>Hocheffiziente 800W-Leistung:<\/strong> F\u00fcr <strong>schnelles und gleichm\u00e4\u00dfiges Dampfgaren<\/strong>.<br>\n\u2714 <strong>Gro\u00dfz\u00fcgiges 9L-Volumen:<\/strong> Perfekt f\u00fcr <strong>Familienmahlzeiten und gesellige Runden<\/strong>.<br>\n\u2714 <strong>BPA-freie Dampfgarbeh\u00e4lter:<\/strong> F\u00fcr eine <strong>gesunde und sichere Zubereitung<\/strong>.<br>\n\u2714 <strong>Programmierbarer Timer:<\/strong> Einstellbar <strong>bis zu 90 Minuten<\/strong> mit 24-Stunden-Startzeitvorwahl.<br>\n\u2714 <strong>Turbo-Dampfring:<\/strong> Erzeugt Dampf <strong>in weniger als 40 Sekunden<\/strong> f\u00fcr schnelles Kochen.<br>\n\u2714 <strong>Automatische Warmhaltefunktion:<\/strong> H\u00e4lt die Speisen <strong>bei optimaler Serviertemperatur<\/strong>.<br>\n\u2714 <strong>Leicht zu reinigen &amp; sp\u00fclmaschinengeeignet:<\/strong> <strong>Herausnehmbare Teile<\/strong> f\u00fcr m\u00fchelose Pflege.<br>\n\u2714 <strong>Modernes &amp; robustes Design:<\/strong> Edelstahlgeh\u00e4use f\u00fcr eine <strong>stilvolle und langlebige K\u00fcchenausstattung<\/strong>.<\/p>","protected":false},"excerpt":{"rendered":"<h3 class=\"\" data-start=\"0\" data-end=\"62\"><strong data-start=\"4\" data-end=\"60\">Royal Swiss \u2013 9L 3-Tier Stainless Steel Food Steamer<\/strong><\/h3>\n<p class=\"translation-block\" data-start=\"64\" data-end=\"378\">Experience <strong>gesunde und geschmackvolle Zubereitung<\/strong> mit dem <strong>Royal Swiss 3-st\u00f6ckigen Dampfgarer<\/strong>. Entwickelt f\u00fcr <strong>n\u00e4hrstoffreiche Mahlzeiten<\/strong>, erm\u00f6glicht dieser <strong>800W Edelstahl-Dampfgarer<\/strong> die Zubereitung verschiedenster Speisen \u2013 von <strong>knackigem Gem\u00fcse bis zartem Fisch<\/strong> \u2013 und bewahrt dabei ihre <strong>essentiellen Vitamine und nat\u00fcrlichen Aromen<\/strong>.<\/p>","protected":false},"featured_media":11096,"comment_status":"open","ping_status":"closed","template":"","meta":[],"product_brand":[174],"product_cat":[197],"product_tag":[],"class_list":{"0":"post-11095","1":"product","2":"type-product","3":"status-publish","4":"has-post-thumbnail","6":"product_brand-royal-swiss","7":"product_cat-food-steamer","9":"first","10":"outofstock","11":"taxable","12":"shipping-taxable","13":"product-type-simple"},"jetpack_sharing_enabled":true,"_links":{"self":[{"href":"https:\/\/homix-shop.com\/de\/wp-json\/wp\/v2\/product\/11095","targetHints":{"allow":["GET"]}}],"collection":[{"href":"https:\/\/homix-shop.com\/de\/wp-json\/wp\/v2\/product"}],"about":[{"href":"https:\/\/homix-shop.com\/de\/wp-json\/wp\/v2\/types\/product"}],"replies":[{"embeddable":true,"href":"https:\/\/homix-shop.com\/de\/wp-json\/wp\/v2\/comments?post=11095"}],"version-history":[{"count":1,"href":"https:\/\/homix-shop.com\/de\/wp-json\/wp\/v2\/product\/11095\/revisions"}],"predecessor-version":[{"id":11102,"href":"https:\/\/homix-shop.com\/de\/wp-json\/wp\/v2\/product\/11095\/revisions\/11102"}],"wp:featuredmedia":[{"embeddable":true,"href":"https:\/\/homix-shop.com\/de\/wp-json\/wp\/v2\/media\/11096"}],"wp:attachment":[{"href":"https:\/\/homix-shop.com\/de\/wp-json\/wp\/v2\/media?parent=11095"}],"wp:term":[{"taxonomy":"product_brand","embeddable":true,"href":"https:\/\/homix-shop.com\/de\/wp-json\/wp\/v2\/product_brand?post=11095"},{"taxonomy":"product_cat","embeddable":true,"href":"https:\/\/homix-shop.com\/de\/wp-json\/wp\/v2\/product_cat?post=11095"},{"taxonomy":"product_tag","embeddable":true,"href":"https:\/\/homix-shop.com\/de\/wp-json\/wp\/v2\/product_tag?post=11095"}],"curies":[{"name":"wp","href":"https:\/\/api.w.org\/{rel}","templated":true}]}}