{"id":11069,"date":"2025-03-23T05:50:31","date_gmt":"2025-03-23T05:50:31","guid":{"rendered":"https:\/\/homix-shop.com\/?post_type=product&#038;p=11069"},"modified":"2025-09-08T22:24:04","modified_gmt":"2025-09-08T22:24:04","slug":"royal-swiss-premium-raclette-grill-for-up-to-8-people","status":"publish","type":"product","link":"https:\/\/homix-shop.com\/de\/produkt\/royal-swiss-premium-raclette-grill-for-up-to-8-people\/","title":{"rendered":"Royal Swiss \u2013 Raclette Grill"},"content":{"rendered":"<h3 class=\"\" data-start=\"0\" data-end=\"65\"><strong data-start=\"4\" data-end=\"63\">Royal Swiss \u2013 Premium Raclette Grill f\u00fcr bis zu 8 Personen<\/strong><\/h3>\n<p class=\"translation-block\" data-start=\"67\" data-end=\"426\">Machen Sie Ihre Treffen mit Familie, Freunden oder Kollegen <strong data-start=\"118\" data-end=\"146\">m\u00fchelos und angenehm<\/strong> mit dem <strong data-start=\"156\" data-end=\"195\">Royal Swiss Elektrischen Raclette-Grill<\/strong>. Entwickelt f\u00fcr <strong data-start=\"210\" data-end=\"228\">bis zu 8 Personen<\/strong>, erm\u00f6glicht Ihnen dieses <strong data-start=\"235\" data-end=\"261\">hochwertige Ger\u00e4t<\/strong>, k\u00f6stliche Mahlzeiten <strong data-start=\"295\" data-end=\"317\">schnell und einfach<\/strong> zuzubereiten \u2013 ganz gleich, ob Sie Lust auf <strong data-start=\"341\" data-end=\"381\">gegrilltes Fleisch, Meeresfr\u00fcchte oder Gem\u00fcse<\/strong> haben, dieser <strong data-start=\"388\" data-end=\"407\">vielseitige Grill<\/strong> ist genau das Richtige f\u00fcr Sie.\n\nM\u00f6chtest du auch eine gek\u00fcrzte Version f\u00fcr Werbung oder Social Media?<\/p>\n<h4 class=\"\" data-start=\"428\" data-end=\"452\"><strong data-start=\"433\" data-end=\"450\">Hauptmerkmale:<\/strong><\/h4>\n<p class=\"translation-block\" data-start=\"453\" data-end=\"1067\">\u2714 <strong>2-in-1 Wende-Grillplatte:<\/strong> Eine Seite glatt, die andere geriffelt \u2013 f\u00fcr perfekte Grillergebnisse.<br>\n\u2714 <strong>Grillfl\u00e4che aus Naturstein:<\/strong> Kratzfest und w\u00e4rmespeichernd \u2013 sorgt f\u00fcr gleichm\u00e4\u00dfiges Garen.<br>\n\u2714 <strong>8 Antihaft-Raclettepf\u00e4nnchen:<\/strong> Leicht zu reinigen, ideal zum K\u00e4se schmelzen und Beilagen zubereiten.<br>\n\u2714 <strong>Stufenloser Thermostat (max. 1400W):<\/strong> Pr\u00e4zise Temperaturregelung f\u00fcr optimale Kochergebnisse.<br>\n\u2714 <strong>Hitzebest\u00e4ndiges Geh\u00e4use &amp; rutschfeste F\u00fc\u00dfe:<\/strong> Garantieren sicheres und stabiles Arbeiten.<br>\n\u2714 <strong>Hochwertig &amp; benutzerfreundlich:<\/strong> Perfekt f\u00fcr gesellige Abende, Familienessen und festliche Anl\u00e4sse.<\/p>\n<h4 class=\"\" data-start=\"1069\" data-end=\"1105\"><strong data-start=\"1074\" data-end=\"1103\">Technical Specifications:<\/strong><\/h4>\n<p class=\"translation-block\" data-start=\"1106\" data-end=\"1437\">\ud83d\udccc <strong>Kapazit\u00e4t:<\/strong> F\u00fcr bis zu <strong>8 Personen<\/strong><br>\n\ud83d\udccc <strong>Grillplatten:<\/strong> <strong>1x Aluminium-Wendeplatte<\/strong> (glatt\/geriffelt) + <strong>1x Natursteinplatte<\/strong> (\u00d8 22,7 cm)<br>\n\ud83d\udccc <strong>Leistung:<\/strong> <strong>1400 W<\/strong><br>\n\ud83d\udccc <strong>Ma\u00dfe (L x H x B):<\/strong> <strong>46 x 15 x 23 cm<\/strong><br>\n\ud83d\udccc <strong>Gewicht:<\/strong> <strong>5 kg<\/strong><br>\n\ud83d\udccc <strong>Lieferumfang:<\/strong> <strong>1 Raclette-Grill, 8 Raclettepf\u00e4nnchen, Bedienungsanleitung<\/strong><\/p>\n<p class=\"translation-block\" data-start=\"1439\" data-end=\"1636\">\ud83d\udd39 <strong>Genie\u00dfe den Unterschied mit Royal Swiss!<\/strong><br>\nRoyal Swiss bietet <strong>hochwertige, stilvolle K\u00fcchenger\u00e4te<\/strong> zu einem erschwinglichen Preis \u2013 perfekt f\u00fcr den <strong>t\u00e4glichen Gebrauch<\/strong>, mit <strong>einfacher Handhabung und schneller Inbetriebnahme<\/strong>.<\/p>","protected":false},"excerpt":{"rendered":"<h3 class=\"\" data-start=\"0\" data-end=\"65\"><strong data-start=\"4\" data-end=\"63\">Royal Swiss \u2013 Premium Raclette Grill f\u00fcr bis zu 8 Personen<\/strong><\/h3>\n<p class=\"translation-block\" data-start=\"67\" data-end=\"426\">Machen Sie Ihre Treffen mit Familie, Freunden oder Kollegen <strong data-start=\"118\" data-end=\"146\">m\u00fchelos und angenehm<\/strong> mit dem <strong data-start=\"156\" data-end=\"195\">Royal Swiss Elektrischen Raclette-Grill<\/strong>. Entwickelt f\u00fcr <strong data-start=\"210\" data-end=\"228\">bis zu 8 Personen<\/strong>, erm\u00f6glicht Ihnen dieses <strong data-start=\"235\" data-end=\"261\">hochwertige Ger\u00e4t<\/strong>, k\u00f6stliche Mahlzeiten <strong data-start=\"295\" data-end=\"317\">schnell und einfach<\/strong> zuzubereiten \u2013 ganz gleich, ob Sie Lust auf <strong data-start=\"341\" data-end=\"381\">gegrilltes Fleisch, Meeresfr\u00fcchte oder Gem\u00fcse<\/strong> haben, dieser <strong data-start=\"388\" data-end=\"407\">vielseitige Grill<\/strong> ist genau das Richtige f\u00fcr Sie.\n\nM\u00f6chtest du auch eine gek\u00fcrzte Version f\u00fcr Werbung oder Social Media?<\/p>","protected":false},"featured_media":11070,"comment_status":"open","ping_status":"closed","template":"","meta":[],"product_brand":[174],"product_cat":[85],"product_tag":[],"class_list":{"0":"post-11069","1":"product","2":"type-product","3":"status-publish","4":"has-post-thumbnail","6":"product_brand-royal-swiss","7":"product_cat-electric-grill","9":"first","10":"outofstock","11":"taxable","12":"shipping-taxable","13":"product-type-simple"},"jetpack_sharing_enabled":true,"_links":{"self":[{"href":"https:\/\/homix-shop.com\/de\/wp-json\/wp\/v2\/product\/11069","targetHints":{"allow":["GET"]}}],"collection":[{"href":"https:\/\/homix-shop.com\/de\/wp-json\/wp\/v2\/product"}],"about":[{"href":"https:\/\/homix-shop.com\/de\/wp-json\/wp\/v2\/types\/product"}],"replies":[{"embeddable":true,"href":"https:\/\/homix-shop.com\/de\/wp-json\/wp\/v2\/comments?post=11069"}],"version-history":[{"count":2,"href":"https:\/\/homix-shop.com\/de\/wp-json\/wp\/v2\/product\/11069\/revisions"}],"predecessor-version":[{"id":11490,"href":"https:\/\/homix-shop.com\/de\/wp-json\/wp\/v2\/product\/11069\/revisions\/11490"}],"wp:featuredmedia":[{"embeddable":true,"href":"https:\/\/homix-shop.com\/de\/wp-json\/wp\/v2\/media\/11070"}],"wp:attachment":[{"href":"https:\/\/homix-shop.com\/de\/wp-json\/wp\/v2\/media?parent=11069"}],"wp:term":[{"taxonomy":"product_brand","embeddable":true,"href":"https:\/\/homix-shop.com\/de\/wp-json\/wp\/v2\/product_brand?post=11069"},{"taxonomy":"product_cat","embeddable":true,"href":"https:\/\/homix-shop.com\/de\/wp-json\/wp\/v2\/product_cat?post=11069"},{"taxonomy":"product_tag","embeddable":true,"href":"https:\/\/homix-shop.com\/de\/wp-json\/wp\/v2\/product_tag?post=11069"}],"curies":[{"name":"wp","href":"https:\/\/api.w.org\/{rel}","templated":true}]}}