{"id":11035,"date":"2025-03-21T01:59:36","date_gmt":"2025-03-21T01:59:36","guid":{"rendered":"https:\/\/homix-shop.com\/?post_type=product&#038;p=11035"},"modified":"2025-09-08T22:24:04","modified_gmt":"2025-09-08T22:24:04","slug":"royal-swiss-electric-pizza-pan","status":"publish","type":"product","link":"https:\/\/homix-shop.com\/de\/produkt\/royal-swiss-electric-pizza-pan\/","title":{"rendered":"Royal Swiss Elektrische Pizzapfanne"},"content":{"rendered":"<h3 data-start=\"0\" data-end=\"65\"><strong data-start=\"4\" data-end=\"65\">Royal Swiss Electric Pizza Pan \u2013 Perfect Pizza Every Time<\/strong><\/h3>\n<p data-start=\"67\" data-end=\"356\" class=\"translation-block\">Entfesseln Sie Ihren inneren Pizzaiolo mit der <strong data-start=\"105\" data-end=\"139\">Royal Swiss Elektrischen Pizzapfanne<\/strong>, die entwickelt wurde, um Ihnen m\u00fchelos k\u00f6stliche hausgemachte Pizzen zu erm\u00f6glichen. Mit ihrer <strong data-start=\"217\" data-end=\"242\">42 cm gro\u00dfen Backfl\u00e4che<\/strong> sorgt diese Pfanne f\u00fcr ein <strong data-start=\"263\" data-end=\"283\">schnelles, gleichm\u00e4\u00dfiges Backen<\/strong> und liefert einen <strong data-start=\"300\" data-end=\"326\">perfekt knusprigen Rand<\/strong> sowie ein <strong data-start=\"333\" data-end=\"355\">weiches, saftiges Inneres<\/strong>.<\/p>\n<h3 data-start=\"358\" data-end=\"379\"><strong data-start=\"362\" data-end=\"379\">Hauptmerkmale:<\/strong><\/h3>\n<p data-start=\"381\" data-end=\"1140\" class=\"translation-block\">\ud83c\udf55 <strong data-start=\"384\" data-end=\"417\">Gro\u00dfe Backfl\u00e4che (42 cm)<\/strong> \u2013 Ideal, um <strong data-start=\"439\" data-end=\"455\">gro\u00dfe Pizzen<\/strong> f\u00fcr Familie und Freunde zuzubereiten.<br data-start=\"484\" data-end=\"487\">\ud83d\udd04 <strong data-start=\"490\" data-end=\"515\">Stufenloser Thermostat<\/strong> \u2013 Erm\u00f6glicht eine pr\u00e4zise Temperaturkontrolle, damit der <strong data-start=\"576\" data-end=\"608\">Pizzateig perfekt gebacken<\/strong> wird \u2013 au\u00dfen knusprig, innen weich.<br data-start=\"653\" data-end=\"656\">\ud83e\uddd1\u200d\ud83c\udf73 <strong data-start=\"662\" data-end=\"683\">Antihaftbeschichtung<\/strong> \u2013 Die <strong data-start=\"690\" data-end=\"724\">hochwertige Antihaft-Oberfl\u00e4che<\/strong> sorgt daf\u00fcr, dass Ihre Pizza m\u00fchelos herausgleitet und die Reinigung kinderleicht ist.<br data-start=\"794\" data-end=\"797\">\ud83c\udf73 <strong data-start=\"800\" data-end=\"813\">Vielseitig<\/strong> \u2013 Nicht nur f\u00fcr Pizza, sondern auch perfekt f\u00fcr <strong data-start=\"873\" data-end=\"904\">Omelettes, Cr\u00eapes und vieles mehr<\/strong>.<br data-start=\"905\" data-end=\"908\">\u2728 <strong data-start=\"910\" data-end=\"938\">Kompaktes &amp; elegantes Design<\/strong> \u2013 Das schlanke, moderne Design passt in jede K\u00fcche und spart Platz.<br data-start=\"1012\" data-end=\"1015\">\ud83c\udf7d <strong data-start=\"1018\" data-end=\"1036\">Einfache Bedienung<\/strong> \u2013 Intuitiv und unkompliziert, die perfekte Wahl f\u00fcr <strong data-start=\"1094\" data-end=\"1112\">Familienessen<\/strong> oder <strong data-start=\"1116\" data-end=\"1139\">Treffen mit Freunden<\/strong>.<\/p>\n<h3 data-start=\"1142\" data-end=\"1192\"><strong data-start=\"1146\" data-end=\"1192\">Why Choose Royal Swiss Electric Pizza Pan?<\/strong><\/h3>\n<ul data-start=\"1194\" data-end=\"1420\">\n<li data-start=\"1194\" data-end=\"1286\" class=\"translation-block\">\ud83c\udf55 <strong data-start=\"1199\" data-end=\"1221\">Gleichm\u00e4\u00dfiges Backen<\/strong> \u2013 Garantiert jedes Mal eine gleichm\u00e4\u00dfig gebackene Pizza, ganz ohne verbrannte R\u00e4nder.<\/li>\n<li data-start=\"1287\" data-end=\"1346\" class=\"translation-block\">\ud83c\udfe1 <strong data-start=\"1292\" data-end=\"1315\">Platzsparendes Design<\/strong> \u2013 Kompakt und leicht zu verstauen.<\/li>\n<li data-start=\"1347\" data-end=\"1420\" class=\"translation-block\">\ud83e\uddfc <strong data-start=\"1352\" data-end=\"1376\">M\u00fchelose Reinigung<\/strong> \u2013 Antihaftbeschichtung f\u00fcr eine einfache Pflege.<\/li>\n<\/ul>","protected":false},"excerpt":{"rendered":"<h3 data-start=\"0\" data-end=\"65\"><strong data-start=\"4\" data-end=\"65\">Royal Swiss Electric Pizza Pan \u2013 Perfect Pizza Every Time<\/strong><\/h3>\n<p data-start=\"67\" data-end=\"356\" class=\"translation-block\">Entfesseln Sie Ihren inneren Pizzaiolo mit der <strong data-start=\"105\" data-end=\"139\">Royal Swiss Elektrischen Pizzapfanne<\/strong>, die entwickelt wurde, um Ihnen m\u00fchelos k\u00f6stliche hausgemachte Pizzen zu erm\u00f6glichen. Mit ihrer <strong data-start=\"217\" data-end=\"242\">42 cm gro\u00dfen Backfl\u00e4che<\/strong> sorgt diese Pfanne f\u00fcr ein <strong data-start=\"263\" data-end=\"283\">schnelles, gleichm\u00e4\u00dfiges Backen<\/strong> und liefert einen <strong data-start=\"300\" data-end=\"326\">perfekt knusprigen Rand<\/strong> sowie ein <strong data-start=\"333\" data-end=\"355\">weiches, saftiges Inneres<\/strong>.<\/p>","protected":false},"featured_media":11036,"comment_status":"open","ping_status":"closed","template":"","meta":[],"product_brand":[174],"product_cat":[201],"product_tag":[],"class_list":{"0":"post-11035","1":"product","2":"type-product","3":"status-publish","4":"has-post-thumbnail","6":"product_brand-royal-swiss","7":"product_cat-pizza-maker","9":"first","10":"instock","11":"taxable","12":"shipping-taxable","13":"purchasable","14":"product-type-variable"},"jetpack_sharing_enabled":true,"_links":{"self":[{"href":"https:\/\/homix-shop.com\/de\/wp-json\/wp\/v2\/product\/11035","targetHints":{"allow":["GET"]}}],"collection":[{"href":"https:\/\/homix-shop.com\/de\/wp-json\/wp\/v2\/product"}],"about":[{"href":"https:\/\/homix-shop.com\/de\/wp-json\/wp\/v2\/types\/product"}],"replies":[{"embeddable":true,"href":"https:\/\/homix-shop.com\/de\/wp-json\/wp\/v2\/comments?post=11035"}],"version-history":[{"count":1,"href":"https:\/\/homix-shop.com\/de\/wp-json\/wp\/v2\/product\/11035\/revisions"}],"predecessor-version":[{"id":11041,"href":"https:\/\/homix-shop.com\/de\/wp-json\/wp\/v2\/product\/11035\/revisions\/11041"}],"wp:featuredmedia":[{"embeddable":true,"href":"https:\/\/homix-shop.com\/de\/wp-json\/wp\/v2\/media\/11036"}],"wp:attachment":[{"href":"https:\/\/homix-shop.com\/de\/wp-json\/wp\/v2\/media?parent=11035"}],"wp:term":[{"taxonomy":"product_brand","embeddable":true,"href":"https:\/\/homix-shop.com\/de\/wp-json\/wp\/v2\/product_brand?post=11035"},{"taxonomy":"product_cat","embeddable":true,"href":"https:\/\/homix-shop.com\/de\/wp-json\/wp\/v2\/product_cat?post=11035"},{"taxonomy":"product_tag","embeddable":true,"href":"https:\/\/homix-shop.com\/de\/wp-json\/wp\/v2\/product_tag?post=11035"}],"curies":[{"name":"wp","href":"https:\/\/api.w.org\/{rel}","templated":true}]}}