{"id":11026,"date":"2025-03-21T01:54:54","date_gmt":"2025-03-21T01:54:54","guid":{"rendered":"https:\/\/homix-shop.com\/?post_type=product&#038;p=11026"},"modified":"2025-09-08T22:24:51","modified_gmt":"2025-09-08T22:24:51","slug":"royal-swiss-rice-cooker","status":"publish","type":"product","link":"https:\/\/homix-shop.com\/de\/produkt\/royal-swiss-rice-cooker\/","title":{"rendered":"Royal Swiss Reiskocher"},"content":{"rendered":"<h3 data-start=\"0\" data-end=\"69\"><strong data-start=\"4\" data-end=\"67\">Royal Swiss Reiskocher \u2013 Perfekt gekochter Reis, jedes Mal<\/strong><\/h3>\n<p data-start=\"71\" data-end=\"312\" class=\"translation-block\">Genie\u00dfen Sie m\u00fcheloses Kochen mit dem <strong data-start=\"105\" data-end=\"132\">Royal Swiss Reiskocher<\/strong>. Entwickelt f\u00fcr Komfort und Leistung, sorgt dieses elegante und stilvolle Ger\u00e4t f\u00fcr <strong data-start=\"260\" data-end=\"285\">perfekt lockeren Reis<\/strong> mit <strong data-start=\"291\" data-end=\"309\">minimalem Aufwand<\/strong>.<\/p>\n<h3 data-start=\"314\" data-end=\"337\"><strong data-start=\"318\" data-end=\"335\">Hauptmerkmale:<\/strong><\/h3>\n<p data-start=\"338\" data-end=\"1051\" class=\"translation-block\">\ud83c\udfa8 <strong data-start=\"472\" data-end=\"490\">Elegantes Design<\/strong> \u2013 Erh\u00e4ltlich in <strong data-start=\"506\" data-end=\"530\">elegantem Silber<\/strong> und <strong data-start=\"535\" data-end=\"554\">lebendigem Magenta<\/strong>, f\u00fcgt es jeder K\u00fcche einen modernen Akzent hinzu.<br data-start=\"593\" data-end=\"596\">\ud83d\udd25 <strong data-start=\"599\" data-end=\"630\">Fortschrittliche Kochtechnologie<\/strong> \u2013 Sorgt f\u00fcr <strong data-start=\"641\" data-end=\"667\">gleichm\u00e4\u00dfige W\u00e4rmeverteilung<\/strong> f\u00fcr <strong data-start=\"672\" data-end=\"693\">zarten, lockeren Reis<\/strong> jedes Mal.<br data-start=\"705\" data-end=\"708\">\ud83c\udf3e <strong data-start=\"711\" data-end=\"732\">Vielseitiges Kochen<\/strong> \u2013 Geeignet f\u00fcr <strong data-start=\"748\" data-end=\"769\">alle Reissorten<\/strong> (wei\u00dfer, brauner, Basmati, Jasmin) und sogar Getreide wie <strong data-start=\"824\" data-end=\"847\">Quinoa und Couscous<\/strong>.<br data-start=\"848\" data-end=\"851\">\ud83d\udee0 <strong data-start=\"854\" data-end=\"869\">Einfache Bedienung<\/strong> \u2013 <strong data-start=\"872\" data-end=\"895\">Ein-Knopf-Bedienung<\/strong> macht das Kochen von Reis m\u00fchelos, selbst f\u00fcr Anf\u00e4nger.<br data-start=\"946\" data-end=\"949\">\ud83e\uddfc <strong data-start=\"952\" data-end=\"976\">Problemloses Reinigen<\/strong> \u2013 Der <strong data-start=\"983\" data-end=\"1010\">abnehmbare Antihaft-Topf<\/strong> erm\u00f6glicht eine <strong data-start=\"1022\" data-end=\"1048\">schnelle und einfache Reinigung<\/strong>.<\/p>\n<h3 data-start=\"1053\" data-end=\"1102\"><strong data-start=\"1057\" data-end=\"1100\">Why Choose the Royal Swiss Rice Cooker?<\/strong><\/h3>\n<ul data-start=\"1103\" data-end=\"1361\">\n<li data-start=\"1103\" data-end=\"1196\" class=\"translation-block\">\u2705 <strong data-start=\"1107\" data-end=\"1129\">Zuverl\u00e4ssig &amp; Langlebig<\/strong> \u2013 Hergestellt aus <strong data-start=\"1143\" data-end=\"1164\">hochwertigen Materialien<\/strong> f\u00fcr eine langanhaltende Leistung.<\/li>\n<li data-start=\"1197\" data-end=\"1277\" class=\"translation-block\">\ud83c\udfe1 <strong data-start=\"1202\" data-end=\"1228\">Kompakt &amp; Platzsparend<\/strong> \u2013 Passt perfekt in jede K\u00fcche, egal ob gro\u00df oder klein.<\/li>\n<li data-start=\"1278\" data-end=\"1361\" class=\"translation-block\">\ud83c\udf7d <strong data-start=\"1283\" data-end=\"1310\">Perfekter Reis jedes Mal<\/strong> \u2013 Verabschiede dich von \u00fcberkochtem oder nicht durchgegartem Reis!<\/li>\n<\/ul>","protected":false},"excerpt":{"rendered":"<h3 data-start=\"0\" data-end=\"69\"><strong data-start=\"4\" data-end=\"67\">Royal Swiss Reiskocher \u2013 Perfekt gekochter Reis, jedes Mal<\/strong><\/h3>\n<p data-start=\"71\" data-end=\"312\" class=\"translation-block\">Genie\u00dfen Sie m\u00fcheloses Kochen mit dem <strong data-start=\"105\" data-end=\"132\">Royal Swiss Reiskocher<\/strong>. Entwickelt f\u00fcr Komfort und Leistung, sorgt dieses elegante und stilvolle Ger\u00e4t f\u00fcr <strong data-start=\"260\" data-end=\"285\">perfekt lockeren Reis<\/strong> mit <strong data-start=\"291\" data-end=\"309\">minimalem Aufwand<\/strong>.<\/p>","protected":false},"featured_media":11029,"comment_status":"open","ping_status":"closed","template":"","meta":[],"product_brand":[174],"product_cat":[200],"product_tag":[],"class_list":{"0":"post-11026","1":"product","2":"type-product","3":"status-publish","4":"has-post-thumbnail","6":"product_brand-royal-swiss","7":"product_cat-electric-cooker","9":"first","10":"outofstock","11":"taxable","12":"shipping-taxable","13":"product-type-variable"},"jetpack_sharing_enabled":true,"_links":{"self":[{"href":"https:\/\/homix-shop.com\/de\/wp-json\/wp\/v2\/product\/11026","targetHints":{"allow":["GET"]}}],"collection":[{"href":"https:\/\/homix-shop.com\/de\/wp-json\/wp\/v2\/product"}],"about":[{"href":"https:\/\/homix-shop.com\/de\/wp-json\/wp\/v2\/types\/product"}],"replies":[{"embeddable":true,"href":"https:\/\/homix-shop.com\/de\/wp-json\/wp\/v2\/comments?post=11026"}],"version-history":[{"count":1,"href":"https:\/\/homix-shop.com\/de\/wp-json\/wp\/v2\/product\/11026\/revisions"}],"predecessor-version":[{"id":11034,"href":"https:\/\/homix-shop.com\/de\/wp-json\/wp\/v2\/product\/11026\/revisions\/11034"}],"wp:featuredmedia":[{"embeddable":true,"href":"https:\/\/homix-shop.com\/de\/wp-json\/wp\/v2\/media\/11029"}],"wp:attachment":[{"href":"https:\/\/homix-shop.com\/de\/wp-json\/wp\/v2\/media?parent=11026"}],"wp:term":[{"taxonomy":"product_brand","embeddable":true,"href":"https:\/\/homix-shop.com\/de\/wp-json\/wp\/v2\/product_brand?post=11026"},{"taxonomy":"product_cat","embeddable":true,"href":"https:\/\/homix-shop.com\/de\/wp-json\/wp\/v2\/product_cat?post=11026"},{"taxonomy":"product_tag","embeddable":true,"href":"https:\/\/homix-shop.com\/de\/wp-json\/wp\/v2\/product_tag?post=11026"}],"curies":[{"name":"wp","href":"https:\/\/api.w.org\/{rel}","templated":true}]}}