{"id":11000,"date":"2025-03-21T01:29:08","date_gmt":"2025-03-21T01:29:08","guid":{"rendered":"https:\/\/homix-shop.com\/?post_type=product&#038;p=11000"},"modified":"2025-09-08T22:24:51","modified_gmt":"2025-09-08T22:24:51","slug":"royal-swiss-stainless-blender-with-glass-jug","status":"publish","type":"product","link":"https:\/\/homix-shop.com\/de\/produkt\/royal-swiss-stainless-blender-with-glass-jug\/","title":{"rendered":"Royal Swiss \u2013 Edelstahl-Mixer mit Glaskrug"},"content":{"rendered":"<p data-start=\"0\" data-end=\"62\"><strong data-start=\"0\" data-end=\"60\">Royal Swiss Mixer \u2013 Leistung &amp; Eleganz f\u00fcr jede K\u00fcche<\/strong><\/p>\n<p data-start=\"64\" data-end=\"314\" class=\"translation-block\">Bringen Sie Ihre kulinarischen Kreationen mit dem <strong>Royal Swiss Blender<\/strong> auf das n\u00e4chste Level. Entwickelt f\u00fcr Hobbyk\u00f6che, die sowohl <strong>Stil als auch Leistung<\/strong> verlangen, garantiert dieser <strong>Edelstahl- und Glas-Mixer<\/strong> ein gleichm\u00e4\u00dfiges und m\u00fcheloses Mixen f\u00fcr all Ihre Rezepte.<\/p>\n<h3 data-start=\"316\" data-end=\"339\"><strong data-start=\"320\" data-end=\"337\">Hauptmerkmale:<\/strong><\/h3>\n<p data-start=\"340\" data-end=\"984\" class=\"translation-block\">\u2714 <strong>Hochwertige Verarbeitung<\/strong> \u2013 Gefertigt aus <strong>robustem Edelstahl<\/strong> und ausgestattet mit einem <strong>hitzebest\u00e4ndigen Glasbeh\u00e4lter<\/strong> f\u00fcr ein modernes und langlebiges Design.<br>\n\u2714 <strong>Leistungsstarke Performance<\/strong> \u2013 Ausgestattet mit einem <strong>hochgeschwindigkeits Motor<\/strong> f\u00fcr m\u00fcheloses Mixen von Smoothies, Suppen, So\u00dfen und mehr.<br>\n\u2714 <strong>Intelligentes &amp; praktisches Design<\/strong> \u2013 Der <strong>luftdichte Deckel<\/strong> mit <strong>ausgie\u00dfbarer \u00d6ffnung<\/strong> erm\u00f6glicht das saubere Hinzuf\u00fcgen von Zutaten w\u00e4hrend des Mixens.<br>\n\u2714 <strong>Einfache Bedienung<\/strong> \u2013 Intuitive Geschwindigkeitsstufen und <strong>vorgefertigte Programme<\/strong> sorgen f\u00fcr ein einfaches und pr\u00e4zises Mixen.<br>\n\u2714 <strong>Erh\u00f6hte Sicherheitsfunktionen<\/strong> \u2013 Inklusive <strong>Sicherheitsverriegelung<\/strong>, die den Betrieb verhindert, wenn der Beh\u00e4lter nicht richtig eingesetzt ist.<\/p>\n<h3 data-start=\"986\" data-end=\"1027\"><strong data-start=\"990\" data-end=\"1025\">Warum Royal Swiss w\u00e4hlen?<\/strong><\/h3>\n<p data-start=\"1028\" data-end=\"1319\" class=\"translation-block\">\ud83d\udc8e <strong>Schlankes &amp; modernes Design<\/strong> \u2013 Edelstahl-Finish mit einem <strong>klaren Glasbeh\u00e4lter<\/strong> f\u00fcr ultimative Eleganz in der K\u00fcche.<br>\n\ud83c\udfa8 <strong>Vielseitiges Mixen<\/strong> \u2013 Perfekt f\u00fcr <strong>Smoothies, Suppen, Dips, So\u00dfen und sogar crushed Ice<\/strong>.<br>\n\ud83e\uddfc <strong>Einfache Reinigung<\/strong> \u2013 Abnehmbarer Beh\u00e4lter und Klingen f\u00fcr eine unkomplizierte Pflege.<\/p>\n<h3 data-start=\"1321\" data-end=\"1346\"><strong data-start=\"1325\" data-end=\"1344\">Spezifikationen:<\/strong><\/h3>\n<p data-start=\"1347\" data-end=\"1524\" class=\"translation-block\">\ud83d\udd39 <strong>Material:<\/strong> Edelstahl + Glas<br>\n\ud83d\udd39 <strong>Leistung:<\/strong> Hochgeschwindigkeitsmotor<br>\n\ud83d\udd39 <strong>Beh\u00e4lterkapazit\u00e4t:<\/strong> Gro\u00dfvolumiger Glaskrug<br>\n\ud83d\udd39 <strong>Sicherheit:<\/strong> Sicherungssystem &amp; rutschfester Sockel<\/p>","protected":false},"excerpt":{"rendered":"<p data-start=\"0\" data-end=\"62\"><strong data-start=\"0\" data-end=\"60\">Royal Swiss Mixer \u2013 Leistung &amp; Eleganz f\u00fcr jede K\u00fcche<\/strong><\/p>\n<p data-start=\"64\" data-end=\"314\" class=\"translation-block\">Bringen Sie Ihre kulinarischen Kreationen mit dem <strong>Royal Swiss Blender<\/strong> auf das n\u00e4chste Level. Entwickelt f\u00fcr Hobbyk\u00f6che, die sowohl <strong>Stil als auch Leistung<\/strong> verlangen, garantiert dieser <strong>Edelstahl- und Glas-Mixer<\/strong> ein gleichm\u00e4\u00dfiges und m\u00fcheloses Mixen f\u00fcr all Ihre Rezepte.<\/p>","protected":false},"featured_media":11001,"comment_status":"open","ping_status":"closed","template":"","meta":[],"product_brand":[174],"product_cat":[83],"product_tag":[],"class_list":{"0":"post-11000","1":"product","2":"type-product","3":"status-publish","4":"has-post-thumbnail","6":"product_brand-royal-swiss","7":"product_cat-juicer-mixer","9":"first","10":"instock","11":"sale","12":"taxable","13":"shipping-taxable","14":"purchasable","15":"product-type-simple"},"jetpack_sharing_enabled":true,"_links":{"self":[{"href":"https:\/\/homix-shop.com\/de\/wp-json\/wp\/v2\/product\/11000","targetHints":{"allow":["GET"]}}],"collection":[{"href":"https:\/\/homix-shop.com\/de\/wp-json\/wp\/v2\/product"}],"about":[{"href":"https:\/\/homix-shop.com\/de\/wp-json\/wp\/v2\/types\/product"}],"replies":[{"embeddable":true,"href":"https:\/\/homix-shop.com\/de\/wp-json\/wp\/v2\/comments?post=11000"}],"version-history":[{"count":1,"href":"https:\/\/homix-shop.com\/de\/wp-json\/wp\/v2\/product\/11000\/revisions"}],"predecessor-version":[{"id":11009,"href":"https:\/\/homix-shop.com\/de\/wp-json\/wp\/v2\/product\/11000\/revisions\/11009"}],"wp:featuredmedia":[{"embeddable":true,"href":"https:\/\/homix-shop.com\/de\/wp-json\/wp\/v2\/media\/11001"}],"wp:attachment":[{"href":"https:\/\/homix-shop.com\/de\/wp-json\/wp\/v2\/media?parent=11000"}],"wp:term":[{"taxonomy":"product_brand","embeddable":true,"href":"https:\/\/homix-shop.com\/de\/wp-json\/wp\/v2\/product_brand?post=11000"},{"taxonomy":"product_cat","embeddable":true,"href":"https:\/\/homix-shop.com\/de\/wp-json\/wp\/v2\/product_cat?post=11000"},{"taxonomy":"product_tag","embeddable":true,"href":"https:\/\/homix-shop.com\/de\/wp-json\/wp\/v2\/product_tag?post=11000"}],"curies":[{"name":"wp","href":"https:\/\/api.w.org\/{rel}","templated":true}]}}