{"id":10983,"date":"2025-03-21T01:11:24","date_gmt":"2025-03-21T01:11:24","guid":{"rendered":"https:\/\/homix-shop.com\/?post_type=product&#038;p=10983"},"modified":"2025-09-08T22:24:52","modified_gmt":"2025-09-08T22:24:52","slug":"royal-swiss-3l-deep-fryer-perfectly-crispy-effortless-cooking","status":"publish","type":"product","link":"https:\/\/homix-shop.com\/de\/produkt\/royal-swiss-3l-deep-fryer-perfectly-crispy-effortless-cooking\/","title":{"rendered":"Royal Swiss 3L Fritteuse"},"content":{"rendered":"<p data-start=\"0\" data-end=\"71\"><strong data-start=\"0\" data-end=\"69\">Royal Swiss 3L Fritteuse \u2013 Perfekt Knusprig &amp; M\u00fcheloses Kochen<\/strong><\/p>\n<p data-start=\"73\" data-end=\"306\" class=\"translation-block\">Genie\u00dfen Sie k\u00f6stlich-knusprige frittierte Speisen mit der <strong>Royal Swiss 3L Fritteuse<\/strong>. Diese leistungsstarke <strong>2000W-Fritteuse<\/strong> wurde f\u00fcr Effizienz und Benutzerfreundlichkeit entwickelt und erm\u00f6glicht es Ihnen, gro\u00dfe Mengen Pommes, Nuggets oder Tempura <strong>pr\u00e4zise und sicher<\/strong> zuzubereiten.<\/p>\n<h3 data-start=\"308\" data-end=\"331\"><strong data-start=\"312\" data-end=\"329\">Hauptmerkmale:<\/strong><\/h3>\n<p data-start=\"332\" data-end=\"855\" class=\"translation-block\">\u2714 <strong data-start=\"334\" data-end=\"358\">Gro\u00dfz\u00fcgiges 3L Fassungsverm\u00f6gen<\/strong> \u2013 Ideal f\u00fcr Familienmahlzeiten und G\u00e4ste.<br data-start=\"408\" data-end=\"411\">\u2714 <strong data-start=\"413\" data-end=\"447\">Regelbare Temperatursteuerung<\/strong> \u2013 Perfekte Ergebnisse, von goldgelben Pommes bis zu extra knusprigen Leckerbissen.<br data-start=\"524\" data-end=\"527\">\u2714 <strong data-start=\"529\" data-end=\"554\">Modernes &amp; elegantes Design<\/strong> \u2013 Edelstahloptik verleiht jeder K\u00fcche einen stilvollen Akzent.<br data-start=\"616\" data-end=\"619\">\u2714 <strong data-start=\"621\" data-end=\"640\">Erh\u00f6hte Sicherheit<\/strong> \u2013 Mit <strong data-start=\"654\" data-end=\"675\">Cool-Touch-Griff<\/strong> und <strong data-start=\"680\" data-end=\"703\">\u00dcberhitzungsschutz<\/strong> f\u00fcr sorgenfreies Kochen.<br data-start=\"727\" data-end=\"730\">\u2714 <strong data-start=\"732\" data-end=\"749\">Einfache Reinigung<\/strong> \u2013 Abnehmbare Teile, einschlie\u00dflich des <strong data-start=\"783\" data-end=\"799\">Frittierkorbs<\/strong>, sind <strong data-start=\"805\" data-end=\"824\">sp\u00fclmaschinengeeignet<\/strong> und erleichtern die Pflege.<\/p>\n<h3 data-start=\"857\" data-end=\"882\"><strong data-start=\"861\" data-end=\"880\">Spezifikationen:<\/strong><\/h3>\n<p data-start=\"883\" data-end=\"1058\" class=\"translation-block\">\ud83d\udd39 <strong>Fassungsverm\u00f6gen:<\/strong> 3 Liter<br>\n\ud83d\udd39 <strong>Spannung\/Frequenz:<\/strong> 220\u2013240V \\~ 50\/60Hz<br>\n\ud83d\udd39 <strong>Leistung:<\/strong> 2000W<br>\n\ud83d\udd39 <strong>Zubeh\u00f6r:<\/strong> Metallgitter &amp; Kochdeckel<br>\n\ud83d\udd39 <strong>Farbe:<\/strong> Edelstahl<\/p>","protected":false},"excerpt":{"rendered":"<p data-start=\"0\" data-end=\"71\"><strong data-start=\"0\" data-end=\"69\">Royal Swiss 3L Fritteuse \u2013 Perfekt Knusprig &amp; M\u00fcheloses Kochen<\/strong><\/p>\n<p data-start=\"73\" data-end=\"306\" class=\"translation-block\">Genie\u00dfen Sie k\u00f6stlich-knusprige frittierte Speisen mit der <strong>Royal Swiss 3L Fritteuse<\/strong>. Diese leistungsstarke <strong>2000W-Fritteuse<\/strong> wurde f\u00fcr Effizienz und Benutzerfreundlichkeit entwickelt und erm\u00f6glicht es Ihnen, gro\u00dfe Mengen Pommes, Nuggets oder Tempura <strong>pr\u00e4zise und sicher<\/strong> zuzubereiten.<\/p>\n<h3 data-start=\"857\" data-end=\"882\"><strong data-start=\"861\" data-end=\"880\">Spezifikationen:<\/strong><\/h3>\n<p data-start=\"883\" data-end=\"1058\" class=\"translation-block\">\ud83d\udd39 <strong>Fassungsverm\u00f6gen:<\/strong> 3 Liter<br>\n\ud83d\udd39 <strong>Spannung\/Frequenz:<\/strong> 220\u2013240V \\~ 50\/60Hz<br>\n\ud83d\udd39 <strong>Leistung:<\/strong> 2000W<br>\n\ud83d\udd39 <strong>Zubeh\u00f6r:<\/strong> Metallgitter &amp; Kochdeckel<br>\n\ud83d\udd39 <strong>Farbe:<\/strong> Edelstahl<\/p>\n<p data-start=\"73\" data-end=\"306\">","protected":false},"featured_media":10984,"comment_status":"open","ping_status":"closed","template":"","meta":[],"product_brand":[174],"product_cat":[203],"product_tag":[],"class_list":{"0":"post-10983","1":"product","2":"type-product","3":"status-publish","4":"has-post-thumbnail","6":"product_brand-royal-swiss","7":"product_cat-fryer","9":"first","10":"instock","11":"sale","12":"taxable","13":"shipping-taxable","14":"purchasable","15":"product-type-simple"},"jetpack_sharing_enabled":true,"_links":{"self":[{"href":"https:\/\/homix-shop.com\/de\/wp-json\/wp\/v2\/product\/10983","targetHints":{"allow":["GET"]}}],"collection":[{"href":"https:\/\/homix-shop.com\/de\/wp-json\/wp\/v2\/product"}],"about":[{"href":"https:\/\/homix-shop.com\/de\/wp-json\/wp\/v2\/types\/product"}],"replies":[{"embeddable":true,"href":"https:\/\/homix-shop.com\/de\/wp-json\/wp\/v2\/comments?post=10983"}],"version-history":[{"count":2,"href":"https:\/\/homix-shop.com\/de\/wp-json\/wp\/v2\/product\/10983\/revisions"}],"predecessor-version":[{"id":11469,"href":"https:\/\/homix-shop.com\/de\/wp-json\/wp\/v2\/product\/10983\/revisions\/11469"}],"wp:featuredmedia":[{"embeddable":true,"href":"https:\/\/homix-shop.com\/de\/wp-json\/wp\/v2\/media\/10984"}],"wp:attachment":[{"href":"https:\/\/homix-shop.com\/de\/wp-json\/wp\/v2\/media?parent=10983"}],"wp:term":[{"taxonomy":"product_brand","embeddable":true,"href":"https:\/\/homix-shop.com\/de\/wp-json\/wp\/v2\/product_brand?post=10983"},{"taxonomy":"product_cat","embeddable":true,"href":"https:\/\/homix-shop.com\/de\/wp-json\/wp\/v2\/product_cat?post=10983"},{"taxonomy":"product_tag","embeddable":true,"href":"https:\/\/homix-shop.com\/de\/wp-json\/wp\/v2\/product_tag?post=10983"}],"curies":[{"name":"wp","href":"https:\/\/api.w.org\/{rel}","templated":true}]}}