{"id":10863,"date":"2025-03-11T06:13:34","date_gmt":"2025-03-11T06:13:34","guid":{"rendered":"https:\/\/homix-shop.com\/?post_type=product&#038;p=10863"},"modified":"2026-03-05T21:42:02","modified_gmt":"2026-03-05T21:42:02","slug":"royal-swiss-water-dispenser","status":"publish","type":"product","link":"https:\/\/homix-shop.com\/de\/produkt\/royal-swiss-water-dispenser\/","title":{"rendered":"Royal Swiss \u2013 Wasserspender"},"content":{"rendered":"<p data-start=\"0\" data-end=\"35\"><strong data-start=\"0\" data-end=\"33\">Royal Swiss \u2013 Wasserspender<\/strong><\/p>\n<p data-start=\"37\" data-end=\"318\" class=\"translation-block\">Genie\u00dfen Sie das Luxusgef\u00fchl von perfekt temperiertem Wasser das ganze Jahr \u00fcber mit dem <strong data-start=\"106\" data-end=\"137\">Royal Swiss Wasserspender<\/strong>. Entworfen f\u00fcr sowohl <strong data-start=\"157\" data-end=\"185\">Eleganz als auch Leistung<\/strong>, bietet dieses Premium-Ger\u00e4t sofortigen Zugang zu <strong data-start=\"237\" data-end=\"261\">gek\u00fchltem oder hei\u00dfem Wasser<\/strong>, was es zur perfekten Erg\u00e4nzung f\u00fcr jedes Zuhause oder B\u00fcro macht.<\/p>\n<h3 data-start=\"320\" data-end=\"343\"><strong data-start=\"324\" data-end=\"341\">Hauptmerkmale:<\/strong><\/h3>\n<p data-start=\"345\" data-end=\"924\" class=\"translation-block\">\ud83d\udca7 <strong data-start=\"348\" data-end=\"366\">Doppelfunktion:<\/strong> Sofortiger Zugang zu <strong data-start=\"384\" data-end=\"409\">erfrischendem Kaltwasser<\/strong> oder <strong data-start=\"413\" data-end=\"426\">Hei\u00dfwasser<\/strong> f\u00fcr Ihre Lieblingsgetr\u00e4nke.<br data-start=\"455\" data-end=\"458\">\u2728 <strong data-start=\"460\" data-end=\"479\">Elegantes Design:<\/strong> Ein schlanker und moderner Stil, der sich nahtlos in jede Umgebung einf\u00fcgt \u2013 ob zu Hause oder im B\u00fcro.<br data-start=\"586\" data-end=\"589\">\ud83d\udd27 <strong data-start=\"592\" data-end=\"616\">Fortschrittliche Technologie:<\/strong> Ausgestattet mit <strong data-start=\"631\" data-end=\"679\">modernsten K\u00fchl- und Heizsystemen<\/strong> f\u00fcr optimale Leistung.<br data-start=\"704\" data-end=\"707\">\ud83d\udda5\ufe0f <strong data-start=\"711\" data-end=\"739\">Benutzerfreundliche Bedienung:<\/strong> Intuitive Benutzeroberfl\u00e4che mit <strong data-start=\"765\" data-end=\"791\">einfachen Bedientasten<\/strong> f\u00fcr m\u00fchelosen Gebrauch.<br data-start=\"811\" data-end=\"814\">\u26a1 <strong data-start=\"816\" data-end=\"837\">Energieeffizient:<\/strong> Entwickelt, um <strong data-start=\"850\" data-end=\"886\">den Stromverbrauch zu minimieren<\/strong> und gleichzeitig hohe Leistung zu gew\u00e4hrleisten.<\/p>\n<p data-start=\"926\" data-end=\"1175\" class=\"translation-block\">Ob Sie <strong data-start=\"943\" data-end=\"975\">eiskaltes Wasser im Sommer<\/strong> oder <strong data-start=\"979\" data-end=\"1014\">eine warme Tasse Tee im Winter<\/strong> ben\u00f6tigen \u2013 der <strong data-start=\"1020\" data-end=\"1051\">Royal Swiss Wasserspender<\/strong> sorgt f\u00fcr ein unvergleichliches Trinkerlebnis. <strong data-start=\"1098\" data-end=\"1173\">Werten Sie Ihren Alltag mit Komfort und Qualit\u00e4t auf \u2013 w\u00e4hlen Sie Royal Swiss!<\/strong><\/p>","protected":false},"excerpt":{"rendered":"<p class=\"translation-block\">Genie\u00dfen Sie das Luxusgef\u00fchl von perfekt temperiertem Wasser das ganze Jahr \u00fcber mit dem <strong data-start=\"106\" data-end=\"137\">Royal Swiss Wasserspender<\/strong>. Entworfen f\u00fcr sowohl <strong data-start=\"157\" data-end=\"185\">Eleganz als auch Leistung<\/strong>, bietet dieses Premium-Ger\u00e4t sofortigen Zugang zu <strong data-start=\"237\" data-end=\"261\">gek\u00fchltem oder hei\u00dfem Wasser<\/strong>, was es zur perfekten Erg\u00e4nzung f\u00fcr jedes Zuhause oder B\u00fcro macht.<\/p>","protected":false},"featured_media":10865,"comment_status":"open","ping_status":"closed","template":"","meta":[],"product_brand":[174],"product_cat":[204],"product_tag":[],"class_list":{"0":"post-10863","1":"product","2":"type-product","3":"status-publish","4":"has-post-thumbnail","6":"product_brand-royal-swiss","7":"product_cat-water-dispenser","9":"first","10":"instock","11":"sale","12":"taxable","13":"shipping-taxable","14":"purchasable","15":"product-type-simple"},"jetpack_sharing_enabled":true,"_links":{"self":[{"href":"https:\/\/homix-shop.com\/de\/wp-json\/wp\/v2\/product\/10863","targetHints":{"allow":["GET"]}}],"collection":[{"href":"https:\/\/homix-shop.com\/de\/wp-json\/wp\/v2\/product"}],"about":[{"href":"https:\/\/homix-shop.com\/de\/wp-json\/wp\/v2\/types\/product"}],"replies":[{"embeddable":true,"href":"https:\/\/homix-shop.com\/de\/wp-json\/wp\/v2\/comments?post=10863"}],"version-history":[{"count":1,"href":"https:\/\/homix-shop.com\/de\/wp-json\/wp\/v2\/product\/10863\/revisions"}],"predecessor-version":[{"id":10866,"href":"https:\/\/homix-shop.com\/de\/wp-json\/wp\/v2\/product\/10863\/revisions\/10866"}],"wp:featuredmedia":[{"embeddable":true,"href":"https:\/\/homix-shop.com\/de\/wp-json\/wp\/v2\/media\/10865"}],"wp:attachment":[{"href":"https:\/\/homix-shop.com\/de\/wp-json\/wp\/v2\/media?parent=10863"}],"wp:term":[{"taxonomy":"product_brand","embeddable":true,"href":"https:\/\/homix-shop.com\/de\/wp-json\/wp\/v2\/product_brand?post=10863"},{"taxonomy":"product_cat","embeddable":true,"href":"https:\/\/homix-shop.com\/de\/wp-json\/wp\/v2\/product_cat?post=10863"},{"taxonomy":"product_tag","embeddable":true,"href":"https:\/\/homix-shop.com\/de\/wp-json\/wp\/v2\/product_tag?post=10863"}],"curies":[{"name":"wp","href":"https:\/\/api.w.org\/{rel}","templated":true}]}}