{"id":10852,"date":"2025-03-11T05:57:23","date_gmt":"2025-03-11T05:57:23","guid":{"rendered":"https:\/\/homix-shop.com\/?post_type=product&#038;p=10852"},"modified":"2026-03-05T21:41:28","modified_gmt":"2026-03-05T21:41:28","slug":"royal-swiss-rice-cooker-with-glass-lid","status":"publish","type":"product","link":"https:\/\/homix-shop.com\/de\/produkt\/royal-swiss-rice-cooker-with-glass-lid\/","title":{"rendered":"Royal Swiss - Reiskocher mit Glasdeckel"},"content":{"rendered":"<p data-start=\"0\" data-end=\"276\" class=\"translation-block\"><strong data-start=\"0\" data-end=\"44\">Royal Swiss \u2013 Reiskocher mit Glasdeckel<\/strong><br data-start=\"44\" data-end=\"47\">Entdecken Sie das Geheimnis perfekt gekochten Reises mit dem Royal Swiss Reiskocher. Mit 1,8 Litern Fassungsverm\u00f6gen sind diese eleganten und leistungsstarken Ger\u00e4te ein Muss f\u00fcr jede moderne K\u00fcche.<\/p>\n<h3 data-start=\"278\" data-end=\"301\"><strong data-start=\"282\" data-end=\"299\">Hauptmerkmale:<\/strong><\/h3>\n<ul data-start=\"303\" data-end=\"1040\">\n<li data-start=\"303\" data-end=\"424\" class=\"translation-block\"><strong data-start=\"305\" data-end=\"330\">Verf\u00fcgbare Kapazit\u00e4ten:<\/strong> W\u00e4hlen Sie zwischen der 1,8-Liter-Gr\u00f6\u00dfe f\u00fcr kleinere Haushalte oder der 1,8-Liter-Option f\u00fcr gr\u00f6\u00dfere Familien.<\/li>\n<li data-start=\"425\" data-end=\"542\" class=\"translation-block\"><strong data-start=\"427\" data-end=\"447\">Gleichm\u00e4\u00dfiges Kochen:<\/strong> Dank der fortschrittlichen Kochtechnologie von Royal Swiss genie\u00dfen Sie jedes Mal perfekt gekochten Reis.<\/li>\n<li data-start=\"543\" data-end=\"658\" class=\"translation-block\"><strong data-start=\"545\" data-end=\"568\">Warmhaltefunktion:<\/strong> Halten Sie Ihren Reis stundenlang warm und servierbereit mit der automatischen Warmhaltefunktion.<\/li>\n<li data-start=\"659\" data-end=\"771\" class=\"translation-block\"><strong data-start=\"661\" data-end=\"690\">Entfernbarer Antihaft-Topf:<\/strong> Der entfernbarer Antihaft-Topf erleichtert die Reinigung und sorgt f\u00fcr eine m\u00fchelose Nutzung.<\/li>\n<li data-start=\"772\" data-end=\"897\" class=\"translation-block\"><strong data-start=\"774\" data-end=\"797\">Hitzebest\u00e4ndiger Glasdeckel:<\/strong> \u00dcberwachen Sie den Kochprozess, ohne W\u00e4rme zu verlieren, dank des transparenten und langlebigen Glasdeckels.<\/li>\n<li data-start=\"898\" data-end=\"1040\" class=\"translation-block\"><strong data-start=\"900\" data-end=\"925\">Inklusive Zubeh\u00f6r:<\/strong> Jeder Reiskocher wird mit einem Reisl\u00f6ffel, einem Dampfkorb und einem Messbecher f\u00fcr ein vollst\u00e4ndiges Kocherlebnis geliefert.<\/li>\n<\/ul>\n<h3 data-start=\"1042\" data-end=\"1061\"><strong data-start=\"1046\" data-end=\"1059\">Vorteile:<\/strong><\/h3>\n<ul data-start=\"1063\" data-end=\"1407\">\n<li data-start=\"1063\" data-end=\"1156\" class=\"translation-block\"><strong data-start=\"1065\" data-end=\"1087\">Energieeffizienz:<\/strong> Entwickelt, um minimalen Energieverbrauch zu gew\u00e4hrleisten und gleichzeitig optimale Ergebnisse zu erzielen.<\/li>\n<li data-start=\"1157\" data-end=\"1278\" class=\"translation-block\"><strong data-start=\"1159\" data-end=\"1175\">Vielseitigkeit:<\/strong> Neben Reis sind diese Reiskocher ideal zum D\u00e4mpfen von Gem\u00fcse, Zubereiten von Suppen und vielem mehr.<\/li>\n<li data-start=\"1279\" data-end=\"1407\" class=\"translation-block\"><strong data-start=\"1281\" data-end=\"1300\">Elegantes Design:<\/strong> Mit seinem modernen, kompakten Design f\u00fcgt sich der <strong data-start=\"1338\" data-end=\"1365\">Royal Swiss Reiskocher<\/strong> nahtlos in jede K\u00fccheneinrichtung ein.<\/li>\n<\/ul>\n<p data-start=\"1409\" data-end=\"1561\" class=\"translation-block\">Erh\u00f6hen Sie Ihr Kocherlebnis mit dem <strong data-start=\"1450\" data-end=\"1477\">Royal Swiss Reiskocher<\/strong>, Ihrem unverzichtbaren Ger\u00e4t f\u00fcr die m\u00fchelose Zubereitung von Reis und anderen k\u00f6stlichen Gerichten.<\/p>","protected":false},"excerpt":{"rendered":"<p class=\"translation-block\">Entdecken Sie das Geheimnis perfekt gekochten Reises mit dem <strong data-start=\"101\" data-end=\"128\">Royal Swiss Reiskocher<\/strong>. Mit 1,8 Litern Fassungsverm\u00f6gen sind diese eleganten und leistungsstarken Ger\u00e4te ein Muss f\u00fcr jede moderne K\u00fcche.<\/p>","protected":false},"featured_media":10856,"comment_status":"open","ping_status":"closed","template":"","meta":[],"product_brand":[174],"product_cat":[200],"product_tag":[],"class_list":{"0":"post-10852","1":"product","2":"type-product","3":"status-publish","4":"has-post-thumbnail","6":"product_brand-royal-swiss","7":"product_cat-electric-cooker","9":"first","10":"instock","11":"sale","12":"taxable","13":"shipping-taxable","14":"purchasable","15":"product-type-variable"},"jetpack_sharing_enabled":true,"_links":{"self":[{"href":"https:\/\/homix-shop.com\/de\/wp-json\/wp\/v2\/product\/10852","targetHints":{"allow":["GET"]}}],"collection":[{"href":"https:\/\/homix-shop.com\/de\/wp-json\/wp\/v2\/product"}],"about":[{"href":"https:\/\/homix-shop.com\/de\/wp-json\/wp\/v2\/types\/product"}],"replies":[{"embeddable":true,"href":"https:\/\/homix-shop.com\/de\/wp-json\/wp\/v2\/comments?post=10852"}],"version-history":[{"count":4,"href":"https:\/\/homix-shop.com\/de\/wp-json\/wp\/v2\/product\/10852\/revisions"}],"predecessor-version":[{"id":11425,"href":"https:\/\/homix-shop.com\/de\/wp-json\/wp\/v2\/product\/10852\/revisions\/11425"}],"wp:featuredmedia":[{"embeddable":true,"href":"https:\/\/homix-shop.com\/de\/wp-json\/wp\/v2\/media\/10856"}],"wp:attachment":[{"href":"https:\/\/homix-shop.com\/de\/wp-json\/wp\/v2\/media?parent=10852"}],"wp:term":[{"taxonomy":"product_brand","embeddable":true,"href":"https:\/\/homix-shop.com\/de\/wp-json\/wp\/v2\/product_brand?post=10852"},{"taxonomy":"product_cat","embeddable":true,"href":"https:\/\/homix-shop.com\/de\/wp-json\/wp\/v2\/product_cat?post=10852"},{"taxonomy":"product_tag","embeddable":true,"href":"https:\/\/homix-shop.com\/de\/wp-json\/wp\/v2\/product_tag?post=10852"}],"curies":[{"name":"wp","href":"https:\/\/api.w.org\/{rel}","templated":true}]}}